{"id":8772,"date":"2025-11-20T18:06:53","date_gmt":"2025-11-20T15:06:53","guid":{"rendered":"https:\/\/leinfelder-juweler.com\/?post_type=product&#038;p=8772"},"modified":"2025-11-20T19:47:59","modified_gmt":"2025-11-20T16:47:59","slug":"ring-mit-drachenmuster-2","status":"publish","type":"product","link":"https:\/\/leinfelder-juweler.com\/en\/product\/ring-mit-drachenmuster-2\/","title":{"rendered":"Ring mit Drachenmuster"},"content":{"rendered":"<p><strong>Ring mit Drachenmuster<\/strong><\/p>\n<p><strong><\/strong><strong>Material: <\/strong>750 Yellow Gold<\/p>\n<p><strong>Ma\u00dfe: <\/strong>11 x 3 mm<\/p>\n<p class=\"MsoNormal\" style=\"margin-bottom: .0001pt;\"><strong><span style=\"font-family: 'Calibri',sans-serif; mso-ascii-theme-font: minor-latin; mso-hansi-theme-font: minor-latin; mso-bidi-font-family: 'Times New Roman'; mso-bidi-theme-font: minor-bidi;\">Gl\u00fccksdrachen: Kraft und Eleganz vereint.<\/span><\/strong><br \/><strong><span style=\"font-family: 'Calibri',sans-serif; mso-ascii-theme-font: minor-latin; mso-hansi-theme-font: minor-latin; mso-bidi-font-family: 'Times New Roman'; mso-bidi-theme-font: minor-bidi;\">Entdecken Sie die mystische Anziehungskraft unserer Gl\u00fccksdrachen-Kollektion. Die einzigartige Schuppenstruktur, die die St\u00e4rke eines Drachen symbolisiert, macht jedes Schmuckst\u00fcck zu einem besonderen Talisman.<\/span><\/strong><strong><\/strong><\/p>\n<p class=\"MsoNormal\" style=\"margin-bottom: .0001pt;\">\u00a0<\/p>\n<p><b>Hinweis: <\/b>Unsere Ringe sind in der angegebenen Gr\u00f6\u00dfe sofort lieferbar. Sollten sie sich einen Ring in einer anderen Gr\u00f6\u00dfe w\u00fcnschen, kontaktieren sie uns bitte. Wir informieren sie gerne \u00fcber die M\u00f6glichkeit und Dauer von Gr\u00f6\u00dfenanpassungen.<\/p>\n<p><\/p>","protected":false},"excerpt":{"rendered":"<p>Ring mit Drachenmuster Material: 750 Gelbgold Ma\u00dfe: 11 x 3 mm Gl\u00fccksdrachen: Kraft und Eleganz vereint.Entdecken Sie die mystische Anziehungskraft unserer Gl\u00fccksdrachen-Kollektion. Die einzigartige Schuppenstruktur, die die St\u00e4rke eines Drachen symbolisiert, macht jedes Schmuckst\u00fcck zu einem besonderen Talisman. \u00a0 Hinweis: Unsere Ringe sind in der angegebenen Gr\u00f6\u00dfe sofort lieferbar. Sollten sie sich einen Ring in [&hellip;]<\/p>","protected":false},"featured_media":9941,"comment_status":"open","ping_status":"closed","template":"","meta":{"_acf_changed":false,"_et_pb_use_builder":"","_et_pb_old_content":"","_et_gb_content_width":"","inline_featured_image":false},"product_brand":[332],"product_cat":[295],"product_tag":[],"class_list":{"0":"post-8772","1":"product","2":"type-product","3":"status-publish","4":"has-post-thumbnail","6":"product_brand-leinfelder","7":"product_cat-ringe","9":"first","10":"outofstock","11":"shipping-taxable","12":"purchasable","13":"product-type-simple"},"acf":[],"_links":{"self":[{"href":"https:\/\/leinfelder-juweler.com\/en\/wp-json\/wp\/v2\/product\/8772","targetHints":{"allow":["GET"]}}],"collection":[{"href":"https:\/\/leinfelder-juweler.com\/en\/wp-json\/wp\/v2\/product"}],"about":[{"href":"https:\/\/leinfelder-juweler.com\/en\/wp-json\/wp\/v2\/types\/product"}],"replies":[{"embeddable":true,"href":"https:\/\/leinfelder-juweler.com\/en\/wp-json\/wp\/v2\/comments?post=8772"}],"wp:featuredmedia":[{"embeddable":true,"href":"https:\/\/leinfelder-juweler.com\/en\/wp-json\/wp\/v2\/media\/9941"}],"wp:attachment":[{"href":"https:\/\/leinfelder-juweler.com\/en\/wp-json\/wp\/v2\/media?parent=8772"}],"wp:term":[{"taxonomy":"product_brand","embeddable":true,"href":"https:\/\/leinfelder-juweler.com\/en\/wp-json\/wp\/v2\/product_brand?post=8772"},{"taxonomy":"product_cat","embeddable":true,"href":"https:\/\/leinfelder-juweler.com\/en\/wp-json\/wp\/v2\/product_cat?post=8772"},{"taxonomy":"product_tag","embeddable":true,"href":"https:\/\/leinfelder-juweler.com\/en\/wp-json\/wp\/v2\/product_tag?post=8772"}],"curies":[{"name":"wp","href":"https:\/\/api.w.org\/{rel}","templated":true}]}}