{"id":8775,"date":"2025-11-20T18:06:54","date_gmt":"2025-11-20T15:06:54","guid":{"rendered":"https:\/\/leinfelder-juweler.com\/?post_type=product&#038;p=8775"},"modified":"2025-11-20T19:48:20","modified_gmt":"2025-11-20T16:48:20","slug":"klappcreolen-750-weissgold-mit-oceanblue-brillanten-wiener-brisur-klein","status":"publish","type":"product","link":"https:\/\/leinfelder-juweler.com\/en\/product\/klappcreolen-750-weissgold-mit-oceanblue-brillanten-wiener-brisur-klein\/","title":{"rendered":"Klappcreolen 750 Wei\u00dfgold mit oceanblue Brillanten \u201eWiener Brisur\u201c klein"},"content":{"rendered":"<p><strong>Ohrschmuck Klappcreolen\u00a0<span data-mce-fragment=\"1\">\u201eWiener Brisur\u201c\u00a0klein<\/span><span data-mce-fragment=\"1\"><\/span><\/strong><\/p>\n<p><strong>Material: <\/strong>750 Wei\u00dfgold<\/p>\n<p><strong>Stones:<\/strong> 16\u00a0oceanblue\u00a0<span data-mce-fragment=\"1\">Brillanten \u00d8 1,5 = 0,24 ct<\/span><span data-mce-fragment=\"1\"><\/span><\/p>\n<p><strong>Ma\u00dfe: <\/strong>2,3 mm breit \/ 14 mm lang<span data-mce-fragment=\"1\"><\/span><\/p>\n<p class=\"MsoNormal\" style=\"margin-bottom: .0001pt;\"><strong><span style=\"font-family: 'Calibri',sans-serif; mso-ascii-theme-font: minor-latin; mso-hansi-theme-font: minor-latin; mso-bidi-font-family: 'Times New Roman'; mso-bidi-theme-font: minor-bidi;\">Einzigartige Brillanz: Diamantschmuck in meisterhafter Handarbeit.<\/span><\/strong><br \/><strong><span style=\"font-family: 'Calibri',sans-serif; mso-ascii-theme-font: minor-latin; mso-hansi-theme-font: minor-latin; mso-bidi-font-family: 'Times New Roman'; mso-bidi-theme-font: minor-bidi;\">jedes Schmuckst\u00fcck \u2013 mit Sorgfalt und Hingabe f\u00fcr Sie gefertigt.<\/span><\/strong><\/p>\n<p class=\"MsoNormal\" style=\"margin-bottom: .0001pt;\">\u00a0<\/p>\n<p><strong>Als \u201cWiener Brisur\u201d war dieses besondere Design f\u00fcr Klappcreolen schon zu Zeiten von Kaiserin Sissi beliebt. Die elegante ovale Form, hier mit 16 strahlenden Brillanten verziert, l\u00e4sst sich perfekt mit unseren vielf\u00e4ltigen Einh\u00e4ngern erg\u00e4nzen.<\/strong><\/p>","protected":false},"excerpt":{"rendered":"<p>Ohrschmuck Klappcreolen\u00a0\u201eWiener Brisur\u201c\u00a0klein Material: 750 Wei\u00dfgold Steine: 16\u00a0oceanblue\u00a0Brillanten \u00d8 1,5 = 0,24 ct Ma\u00dfe: 2,3 mm breit \/ 14 mm lang Einzigartige Brillanz: Diamantschmuck in meisterhafter Handarbeit.jedes Schmuckst\u00fcck \u2013 mit Sorgfalt und Hingabe f\u00fcr Sie gefertigt. \u00a0 Als \u201cWiener Brisur\u201d war dieses besondere Design f\u00fcr Klappcreolen schon zu Zeiten von Kaiserin Sissi beliebt. Die elegante [&hellip;]<\/p>","protected":false},"featured_media":9944,"comment_status":"open","ping_status":"closed","template":"","meta":{"_acf_changed":false,"_et_pb_use_builder":"","_et_pb_old_content":"","_et_gb_content_width":"","inline_featured_image":false},"product_brand":[332],"product_cat":[331],"product_tag":[],"class_list":{"0":"post-8775","1":"product","2":"type-product","3":"status-publish","4":"has-post-thumbnail","6":"product_brand-leinfelder","7":"product_cat-ohrschmuck","9":"first","10":"instock","11":"shipping-taxable","12":"purchasable","13":"product-type-simple"},"acf":[],"_links":{"self":[{"href":"https:\/\/leinfelder-juweler.com\/en\/wp-json\/wp\/v2\/product\/8775","targetHints":{"allow":["GET"]}}],"collection":[{"href":"https:\/\/leinfelder-juweler.com\/en\/wp-json\/wp\/v2\/product"}],"about":[{"href":"https:\/\/leinfelder-juweler.com\/en\/wp-json\/wp\/v2\/types\/product"}],"replies":[{"embeddable":true,"href":"https:\/\/leinfelder-juweler.com\/en\/wp-json\/wp\/v2\/comments?post=8775"}],"wp:featuredmedia":[{"embeddable":true,"href":"https:\/\/leinfelder-juweler.com\/en\/wp-json\/wp\/v2\/media\/9944"}],"wp:attachment":[{"href":"https:\/\/leinfelder-juweler.com\/en\/wp-json\/wp\/v2\/media?parent=8775"}],"wp:term":[{"taxonomy":"product_brand","embeddable":true,"href":"https:\/\/leinfelder-juweler.com\/en\/wp-json\/wp\/v2\/product_brand?post=8775"},{"taxonomy":"product_cat","embeddable":true,"href":"https:\/\/leinfelder-juweler.com\/en\/wp-json\/wp\/v2\/product_cat?post=8775"},{"taxonomy":"product_tag","embeddable":true,"href":"https:\/\/leinfelder-juweler.com\/en\/wp-json\/wp\/v2\/product_tag?post=8775"}],"curies":[{"name":"wp","href":"https:\/\/api.w.org\/{rel}","templated":true}]}}