{"id":8778,"date":"2025-11-20T18:06:55","date_gmt":"2025-11-20T15:06:55","guid":{"rendered":"https:\/\/leinfelder-juweler.com\/?post_type=product&#038;p=8778"},"modified":"2025-11-20T19:48:38","modified_gmt":"2025-11-20T16:48:38","slug":"collier-mit-clipoese-und-vario-halsschmuck-set","status":"publish","type":"product","link":"https:\/\/leinfelder-juweler.com\/en\/product\/collier-mit-clipoese-und-vario-halsschmuck-set\/","title":{"rendered":"Collier mit Clip\u00f6se und Vario Halsschmuck Set"},"content":{"rendered":"<p><strong>Collier mit Clip\u00f6se und Vario Halsschmuck Set<\/strong><\/p>\n<p><strong>Collier:<\/strong><\/p>\n<p data-mce-fragment=\"1\"><strong>Material: <\/strong>750 Yellow Gold<\/p>\n<p data-mce-fragment=\"1\"><strong>Stones:<\/strong> T\u00fcrkis- und <span data-mce-fragment=\"1\">Korallkugeln\u00a0\u00d8 6 mm<\/span><span data-mce-fragment=\"1\"><\/span><\/p>\n<p data-mce-fragment=\"1\"><strong>Dimensions<span lang=\"EN-US\" data-mce-fragment=\"1\">:<\/span><\/strong><span lang=\"EN-US\" data-mce-fragment=\"1\"> 62 cm ohne Verschluss<\/span><span lang=\"EN-US\" data-mce-fragment=\"1\"><\/span><\/p>\n<p data-mce-fragment=\"1\"><span lang=\"EN-US\" data-mce-fragment=\"1\"><strong>Clip\u00f6se:<\/strong> 750 Gelbgold mit Inschrift<\/span><\/p>\n<p><strong>MON CUER AVEZ CANC DECYPARTIR<\/strong><\/p>\n<p><strong>&#8222;Du hast mein Herz ganz ungeteilt&#8220;<\/strong><\/p>\n<p><strong>Die Inschrift stammt aus dem Marienkult und wurde ab dem sp\u00e4ten Mittelalter auf Liebesringen eingraviert. Diesen sch\u00f6nen Brauch f\u00fchrt Leinfelder weiter.<\/strong><\/p>\n<p>\u00a0<\/p>\n<p><strong>Anh\u00e4nger:<br \/><\/strong><\/p>\n<p><strong>Material: <\/strong>750 <span style=\"font-size: 8.0pt; font-family: 'Arial',sans-serif;\" data-mce-fragment=\"1\" data-mce-style=\"font-size: 8.0pt; font-family: 'Arial',sans-serif;\"><\/span>Yellow Gold<\/p>\n<p><strong>Ma\u00dfe: <\/strong>Kantenl\u00e4ge 16 mm<strong><br \/><\/strong><\/p>\n<p>\u00a0<\/p>\n<p><strong>Einh\u00e4nger:<br \/><\/strong><\/p>\n<p><strong>Material:\u00a0<\/strong>750 Yellow Gold<\/p>\n<p><strong>Stones: <\/strong>S\u00fc\u00dfwasser Perlquaste<\/p>","protected":false},"excerpt":{"rendered":"<p>Collier mit Clip\u00f6se und Vario Halsschmuck Set Collier: Material: 750 Gelbgold Steine: T\u00fcrkis- und Korallkugeln\u00a0\u00d8 6 mm Ma\u00dfe: 62 cm ohne Verschluss Clip\u00f6se: 750 Gelbgold mit Inschrift MON CUER AVEZ CANC DECYPARTIR &#8222;Du hast mein Herz ganz ungeteilt&#8220; Die Inschrift stammt aus dem Marienkult und wurde ab dem sp\u00e4ten Mittelalter auf Liebesringen eingraviert. Diesen sch\u00f6nen [&hellip;]<\/p>","protected":false},"featured_media":9947,"comment_status":"open","ping_status":"closed","template":"","meta":{"_acf_changed":false,"_et_pb_use_builder":"","_et_pb_old_content":"","_et_gb_content_width":"","inline_featured_image":false},"product_brand":[332],"product_cat":[333],"product_tag":[],"class_list":{"0":"post-8778","1":"product","2":"type-product","3":"status-publish","4":"has-post-thumbnail","6":"product_brand-leinfelder","7":"product_cat-halsschmuck","9":"first","10":"outofstock","11":"shipping-taxable","12":"purchasable","13":"product-type-simple"},"acf":[],"_links":{"self":[{"href":"https:\/\/leinfelder-juweler.com\/en\/wp-json\/wp\/v2\/product\/8778","targetHints":{"allow":["GET"]}}],"collection":[{"href":"https:\/\/leinfelder-juweler.com\/en\/wp-json\/wp\/v2\/product"}],"about":[{"href":"https:\/\/leinfelder-juweler.com\/en\/wp-json\/wp\/v2\/types\/product"}],"replies":[{"embeddable":true,"href":"https:\/\/leinfelder-juweler.com\/en\/wp-json\/wp\/v2\/comments?post=8778"}],"wp:featuredmedia":[{"embeddable":true,"href":"https:\/\/leinfelder-juweler.com\/en\/wp-json\/wp\/v2\/media\/9947"}],"wp:attachment":[{"href":"https:\/\/leinfelder-juweler.com\/en\/wp-json\/wp\/v2\/media?parent=8778"}],"wp:term":[{"taxonomy":"product_brand","embeddable":true,"href":"https:\/\/leinfelder-juweler.com\/en\/wp-json\/wp\/v2\/product_brand?post=8778"},{"taxonomy":"product_cat","embeddable":true,"href":"https:\/\/leinfelder-juweler.com\/en\/wp-json\/wp\/v2\/product_cat?post=8778"},{"taxonomy":"product_tag","embeddable":true,"href":"https:\/\/leinfelder-juweler.com\/en\/wp-json\/wp\/v2\/product_tag?post=8778"}],"curies":[{"name":"wp","href":"https:\/\/api.w.org\/{rel}","templated":true}]}}