{"id":8783,"date":"2025-11-20T18:06:57","date_gmt":"2025-11-20T15:06:57","guid":{"rendered":"https:\/\/leinfelder-juweler.com\/?post_type=product&#038;p=8783"},"modified":"2025-11-20T19:49:09","modified_gmt":"2025-11-20T16:49:09","slug":"klappcreolen-750-gelbgold-wiener-brisur-mit-brillanten-klein","status":"publish","type":"product","link":"https:\/\/leinfelder-juweler.com\/en\/product\/klappcreolen-750-gelbgold-wiener-brisur-mit-brillanten-klein\/","title":{"rendered":"Klappcreolen 750 Gelbgold \u201eWiener Brisur\u201c mit Brillanten klein"},"content":{"rendered":"<p><strong>Ohrschmuck Klappcreolen\u00a0<span data-mce-fragment=\"1\">\u201eWiener Brisur\u201c\u00a0mit Brillanten klein<\/span><span data-mce-fragment=\"1\"><\/span><\/strong><\/p>\n<p><strong>Material: <\/strong>750 Yellow Gold<\/p>\n<p><strong>Stones: <\/strong>16 Brillanten \u00d8 1,5 mm, insgesamt 0,24 ct tw vsi<\/p>\n<p><strong>Ma\u00dfe: <\/strong>2,3 mm breit \/ 14 mm lang<span data-mce-fragment=\"1\"><\/span><\/p>\n<p><strong>Als \u201cWiener Brisur\u201d war dieses besondere Design f\u00fcr Klappcreolen schon zu Zeiten von Kaiserin Sissi beliebt. Die elegante ovale Form l\u00e4sst sich perfekt mit unseren vielf\u00e4ltigen Einh\u00e4ngern erg\u00e4nzen.<\/strong><\/p>\n<p>\u00a0<\/p>","protected":false},"excerpt":{"rendered":"<p>Ohrschmuck Klappcreolen\u00a0\u201eWiener Brisur\u201c\u00a0mit Brillanten klein Material: 750 Gelbgold Steine: 16 Brillanten \u00d8 1,5 mm, insgesamt 0,24 ct tw vsi Ma\u00dfe: 2,3 mm breit \/ 14 mm lang Als \u201cWiener Brisur\u201d war dieses besondere Design f\u00fcr Klappcreolen schon zu Zeiten von Kaiserin Sissi beliebt. Die elegante ovale Form l\u00e4sst sich perfekt mit unseren vielf\u00e4ltigen Einh\u00e4ngern erg\u00e4nzen. [&hellip;]<\/p>","protected":false},"featured_media":9952,"comment_status":"open","ping_status":"closed","template":"","meta":{"_acf_changed":false,"_et_pb_use_builder":"","_et_pb_old_content":"","_et_gb_content_width":"","inline_featured_image":false},"product_brand":[332],"product_cat":[331],"product_tag":[],"class_list":{"0":"post-8783","1":"product","2":"type-product","3":"status-publish","4":"has-post-thumbnail","6":"product_brand-leinfelder","7":"product_cat-ohrschmuck","9":"first","10":"outofstock","11":"shipping-taxable","12":"purchasable","13":"product-type-simple"},"acf":[],"_links":{"self":[{"href":"https:\/\/leinfelder-juweler.com\/en\/wp-json\/wp\/v2\/product\/8783","targetHints":{"allow":["GET"]}}],"collection":[{"href":"https:\/\/leinfelder-juweler.com\/en\/wp-json\/wp\/v2\/product"}],"about":[{"href":"https:\/\/leinfelder-juweler.com\/en\/wp-json\/wp\/v2\/types\/product"}],"replies":[{"embeddable":true,"href":"https:\/\/leinfelder-juweler.com\/en\/wp-json\/wp\/v2\/comments?post=8783"}],"wp:featuredmedia":[{"embeddable":true,"href":"https:\/\/leinfelder-juweler.com\/en\/wp-json\/wp\/v2\/media\/9952"}],"wp:attachment":[{"href":"https:\/\/leinfelder-juweler.com\/en\/wp-json\/wp\/v2\/media?parent=8783"}],"wp:term":[{"taxonomy":"product_brand","embeddable":true,"href":"https:\/\/leinfelder-juweler.com\/en\/wp-json\/wp\/v2\/product_brand?post=8783"},{"taxonomy":"product_cat","embeddable":true,"href":"https:\/\/leinfelder-juweler.com\/en\/wp-json\/wp\/v2\/product_cat?post=8783"},{"taxonomy":"product_tag","embeddable":true,"href":"https:\/\/leinfelder-juweler.com\/en\/wp-json\/wp\/v2\/product_tag?post=8783"}],"curies":[{"name":"wp","href":"https:\/\/api.w.org\/{rel}","templated":true}]}}