{"id":8792,"date":"2025-11-20T18:07:00","date_gmt":"2025-11-20T15:07:00","guid":{"rendered":"https:\/\/leinfelder-juweler.com\/?post_type=product&#038;p=8792"},"modified":"2025-11-20T19:50:03","modified_gmt":"2025-11-20T16:50:03","slug":"pavering-mit-oceanblue-brillanten","status":"publish","type":"product","link":"https:\/\/leinfelder-juweler.com\/en\/product\/pavering-mit-oceanblue-brillanten\/","title":{"rendered":"Pav\u00e9ring mit oceanblue Brillanten"},"content":{"rendered":"<p data-mce-fragment=\"1\"><strong data-mce-fragment=\"1\"><\/strong><strong data-mce-fragment=\"1\">Material: <\/strong>750 Wei\u00dfgold<\/p>\n<p data-mce-fragment=\"1\"><strong data-mce-fragment=\"1\">Stones: <\/strong>99 oceanblue Brillanten \u00d8 1,9 &#8211; 1,95 mm, gesamt 2,87ct HPHT<\/p>\n<p style=\"margin-bottom: .0001pt;\" class=\"MsoNormal\"><strong><span style=\"font-family: 'Calibri',sans-serif; mso-ascii-theme-font: minor-latin; mso-hansi-theme-font: minor-latin; mso-bidi-font-family: 'Times New Roman'; mso-bidi-theme-font: minor-bidi;\">Einzigartige Brillanz: Diamantschmuck in meisterhafter Handarbeit.<\/span><\/strong><br \/><strong><span style=\"font-family: 'Calibri',sans-serif; mso-ascii-theme-font: minor-latin; mso-hansi-theme-font: minor-latin; mso-bidi-font-family: 'Times New Roman'; mso-bidi-theme-font: minor-bidi;\">jedes Schmuckst\u00fcck \u2013 mit Sorgfalt und Hingabe f\u00fcr Sie gefertigt.<\/span><\/strong><\/p>\n<p style=\"margin-bottom: .0001pt;\" class=\"MsoNormal\">\u00a0<\/p>\n<p style=\"margin-bottom: .0001pt;\" class=\"MsoNormal\"><strong>Dieser atemberaubende Ring besticht durch die pav\u00e9-gefassten (aus dem Franz\u00f6sischen: gepflastert) <span style=\"mso-spacerun: yes;\">\u00a0<\/span>Edelsteine. Insgesamt 99 ozeanblaue Brillanten mit einem Gesamtgewicht von \u00fcber 2,8 Carat schmiegen sich in 3 Reihen \u00fcber den massiven Goldring.<\/strong><\/p>\n<p style=\"margin-bottom: .0001pt;\" class=\"MsoNormal\"><strong>Das gew\u00f6lbte Profil des Rings sorgt f\u00fcr einen angenehmen Tragekomfort. Ein Meisterwerk der Juwelierskunst, das Eleganz und Luxus in sich vereint.<\/strong><span style=\"mso-bidi-font-family: Arial; mso-ansi-language: EN-US;\" lang=\"EN-US\"><\/span><\/p>\n<p style=\"margin-bottom: .0001pt;\" class=\"MsoNormal\">\u00a0<\/p>\n<p><b>Hinweis: <\/b>Unsere Ringe sind in der angegebenen Gr\u00f6\u00dfe sofort lieferbar. Sollten sie sich einen Ring in einer anderen Gr\u00f6\u00dfe w\u00fcnschen, kontaktieren sie uns bitte. Wir informieren sie gerne \u00fcber die M\u00f6glichkeit und Dauer von Gr\u00f6\u00dfenanpassungen.<\/p>","protected":false},"excerpt":{"rendered":"<p>Material: 750 Wei\u00dfgold Steine: 99 oceanblue Brillanten \u00d8 1,9 &#8211; 1,95 mm, gesamt 2,87ct HPHT Einzigartige Brillanz: Diamantschmuck in meisterhafter Handarbeit.jedes Schmuckst\u00fcck \u2013 mit Sorgfalt und Hingabe f\u00fcr Sie gefertigt. \u00a0 Dieser atemberaubende Ring besticht durch die pav\u00e9-gefassten (aus dem Franz\u00f6sischen: gepflastert) \u00a0Edelsteine. Insgesamt 99 ozeanblaue Brillanten mit einem Gesamtgewicht von \u00fcber 2,8 Carat schmiegen [&hellip;]<\/p>","protected":false},"featured_media":9961,"comment_status":"open","ping_status":"closed","template":"","meta":{"_acf_changed":false,"_et_pb_use_builder":"","_et_pb_old_content":"","_et_gb_content_width":"","inline_featured_image":false},"product_brand":[332],"product_cat":[295],"product_tag":[246],"class_list":{"0":"post-8792","1":"product","2":"type-product","3":"status-publish","4":"has-post-thumbnail","6":"product_brand-leinfelder","7":"product_cat-ringe","8":"product_tag-pave","10":"first","11":"outofstock","12":"shipping-taxable","13":"purchasable","14":"product-type-simple"},"acf":[],"_links":{"self":[{"href":"https:\/\/leinfelder-juweler.com\/en\/wp-json\/wp\/v2\/product\/8792","targetHints":{"allow":["GET"]}}],"collection":[{"href":"https:\/\/leinfelder-juweler.com\/en\/wp-json\/wp\/v2\/product"}],"about":[{"href":"https:\/\/leinfelder-juweler.com\/en\/wp-json\/wp\/v2\/types\/product"}],"replies":[{"embeddable":true,"href":"https:\/\/leinfelder-juweler.com\/en\/wp-json\/wp\/v2\/comments?post=8792"}],"wp:featuredmedia":[{"embeddable":true,"href":"https:\/\/leinfelder-juweler.com\/en\/wp-json\/wp\/v2\/media\/9961"}],"wp:attachment":[{"href":"https:\/\/leinfelder-juweler.com\/en\/wp-json\/wp\/v2\/media?parent=8792"}],"wp:term":[{"taxonomy":"product_brand","embeddable":true,"href":"https:\/\/leinfelder-juweler.com\/en\/wp-json\/wp\/v2\/product_brand?post=8792"},{"taxonomy":"product_cat","embeddable":true,"href":"https:\/\/leinfelder-juweler.com\/en\/wp-json\/wp\/v2\/product_cat?post=8792"},{"taxonomy":"product_tag","embeddable":true,"href":"https:\/\/leinfelder-juweler.com\/en\/wp-json\/wp\/v2\/product_tag?post=8792"}],"curies":[{"name":"wp","href":"https:\/\/api.w.org\/{rel}","templated":true}]}}