{"id":8794,"date":"2025-11-20T18:07:01","date_gmt":"2025-11-20T15:07:01","guid":{"rendered":"https:\/\/leinfelder-juweler.com\/?post_type=product&#038;p=8794"},"modified":"2025-11-20T19:50:16","modified_gmt":"2025-11-20T16:50:16","slug":"kapitellring-750-gelbgold-mit-einem-rubellit","status":"publish","type":"product","link":"https:\/\/leinfelder-juweler.com\/en\/product\/kapitellring-750-gelbgold-mit-einem-rubellit\/","title":{"rendered":"Kapitellring 750 Gelbgold mit einem Rubellit"},"content":{"rendered":"<p data-mce-fragment=\"1\"><strong>Kapitellring 750 Gelbgold mit einem Rubellit <\/strong><\/p>\n<p data-mce-fragment=\"1\"><strong>Material: <\/strong>750 Yellow Gold<\/p>\n<p data-mce-fragment=\"1\"><strong>Stein:<\/strong> Rubellit 5,43 ct 12,5 x 10,6 mm facettiert antikoval<\/p>\n<p data-mce-fragment=\"1\"><strong>Die Ringschiene schmiegt sich mit kapitell\u00e4hnlichen Elementen an die Fassung mit dem leuchtenden Rubellit.<\/strong><\/p>\n<p><b>Hinweis: <\/b>Unsere Ringe sind in der angegebenen Gr\u00f6\u00dfe sofort lieferbar. Sollten sie sich einen Ring in einer anderen Gr\u00f6\u00dfe w\u00fcnschen, kontaktieren sie uns bitte. Wir informieren sie gerne \u00fcber die M\u00f6glichkeit und Dauer von Gr\u00f6\u00dfenanpassungen.<\/p>","protected":false},"excerpt":{"rendered":"<p>Kapitellring 750 Gelbgold mit einem Rubellit Material: 750 Gelbgold Stein: Rubellit 5,43 ct 12,5 x 10,6 mm facettiert antikoval \ufeffDie Ringschiene schmiegt sich mit kapitell\u00e4hnlichen Elementen an die Fassung mit dem leuchtenden Rubellit. Hinweis: Unsere Ringe sind in der angegebenen Gr\u00f6\u00dfe sofort lieferbar. Sollten sie sich einen Ring in einer anderen Gr\u00f6\u00dfe w\u00fcnschen, kontaktieren sie [&hellip;]<\/p>","protected":false},"featured_media":9963,"comment_status":"open","ping_status":"closed","template":"","meta":{"_acf_changed":false,"_et_pb_use_builder":"","_et_pb_old_content":"","_et_gb_content_width":"","inline_featured_image":false},"product_brand":[332],"product_cat":[295],"product_tag":[],"class_list":{"0":"post-8794","1":"product","2":"type-product","3":"status-publish","4":"has-post-thumbnail","6":"product_brand-leinfelder","7":"product_cat-ringe","9":"first","10":"outofstock","11":"shipping-taxable","12":"purchasable","13":"product-type-simple"},"acf":[],"_links":{"self":[{"href":"https:\/\/leinfelder-juweler.com\/en\/wp-json\/wp\/v2\/product\/8794","targetHints":{"allow":["GET"]}}],"collection":[{"href":"https:\/\/leinfelder-juweler.com\/en\/wp-json\/wp\/v2\/product"}],"about":[{"href":"https:\/\/leinfelder-juweler.com\/en\/wp-json\/wp\/v2\/types\/product"}],"replies":[{"embeddable":true,"href":"https:\/\/leinfelder-juweler.com\/en\/wp-json\/wp\/v2\/comments?post=8794"}],"wp:featuredmedia":[{"embeddable":true,"href":"https:\/\/leinfelder-juweler.com\/en\/wp-json\/wp\/v2\/media\/9963"}],"wp:attachment":[{"href":"https:\/\/leinfelder-juweler.com\/en\/wp-json\/wp\/v2\/media?parent=8794"}],"wp:term":[{"taxonomy":"product_brand","embeddable":true,"href":"https:\/\/leinfelder-juweler.com\/en\/wp-json\/wp\/v2\/product_brand?post=8794"},{"taxonomy":"product_cat","embeddable":true,"href":"https:\/\/leinfelder-juweler.com\/en\/wp-json\/wp\/v2\/product_cat?post=8794"},{"taxonomy":"product_tag","embeddable":true,"href":"https:\/\/leinfelder-juweler.com\/en\/wp-json\/wp\/v2\/product_tag?post=8794"}],"curies":[{"name":"wp","href":"https:\/\/api.w.org\/{rel}","templated":true}]}}