{"id":8814,"date":"2025-11-20T18:07:23","date_gmt":"2025-11-20T15:07:23","guid":{"rendered":"https:\/\/leinfelder-juweler.com\/?post_type=product&#038;p=8814"},"modified":"2025-11-20T19:52:25","modified_gmt":"2025-11-20T16:52:25","slug":"vario-ohrschmuck-set-79","status":"publish","type":"product","link":"https:\/\/leinfelder-juweler.com\/en\/product\/vario-ohrschmuck-set-79\/","title":{"rendered":"Vario Ohrschmuck Set"},"content":{"rendered":"<p><strong>Vario Ohrschmuck Set aus Ohrsteckern und Einh\u00e4ngern: <\/strong><\/p>\n<p><strong>Oberteile:\u00a0<\/strong>Ohrstecker \u201eVario\u201c<span>\u00a0rund<\/span><\/p>\n<p><strong>Material: <\/strong>750 Yellow Gold<\/p>\n<p><strong>Ma\u00dfe: <\/strong><span lang=\"EN-US\" data-mce-fragment=\"1\">\u00d8 12,75 mm rund, konvex<\/span><\/p>\n<p data-mce-fragment=\"1\"><strong data-mce-fragment=\"1\">Einh\u00e4nger mit Brillanten und Turmalinen im Baguetteschliff<br \/><\/strong><\/p>\n<p data-mce-fragment=\"1\"><strong data-mce-fragment=\"1\">Material:\u00a0<\/strong>750 Yellow Gold<\/p>\n<p data-mce-fragment=\"1\"><strong data-mce-fragment=\"1\">Stones: <\/strong>2 Brillanten = <span data-mce-fragment=\"1\">0,33 ct tw vsi\u00a0<\/span><span lang=\"EN-US\" data-mce-fragment=\"1\">\u00d8 3,5 mm u<\/span><span data-mce-fragment=\"1\">nd 4,87 ct Turmalinen im Baguetteschliff\u00a010 x 6 mm<\/span><span data-mce-fragment=\"1\"><\/span><\/p>\n<p style=\"margin: 0cm; margin-bottom: .0001pt;\"><b style=\"mso-bidi-font-weight: normal;\"><span style=\"font-size: 11.0pt; font-family: 'Calibri',sans-serif; mso-ascii-theme-font: minor-latin; mso-hansi-theme-font: minor-latin; mso-bidi-theme-font: minor-latin;\">Unser Vario Ohrschmuck aus 750 Gelb- oder Wei\u00dfgold bietet vielseitige Kombinationsm\u00f6glichkeiten. Die Oberteile k\u00f6nnen separat getragen werden und lassen sich mit einer Vielzahl von Einh\u00e4ngern erg\u00e4nzen. <\/span><\/b><\/p>\n<p style=\"margin: 0cm; margin-bottom: .0001pt;\"><b style=\"mso-bidi-font-weight: normal;\"><span style=\"font-size: 11.0pt; font-family: 'Calibri',sans-serif; mso-ascii-theme-font: minor-latin; mso-hansi-theme-font: minor-latin; mso-bidi-theme-font: minor-latin;\">\u00a0<\/span><\/b><\/p>\n<p style=\"margin: 0cm; margin-bottom: .0001pt;\"><b style=\"mso-bidi-font-weight: normal;\"><span style=\"font-size: 11.0pt; font-family: 'Calibri',sans-serif; mso-ascii-theme-font: minor-latin; mso-hansi-theme-font: minor-latin; mso-bidi-theme-font: minor-latin;\">Bezaubernd, anmutig und vielseitig, eine Bereicherung f\u00fcr jeden Anlass. <\/span><\/b><\/p>\n<p style=\"margin: 0cm; margin-bottom: .0001pt;\"><b style=\"mso-bidi-font-weight: normal;\"><span style=\"font-size: 11.0pt; font-family: 'Calibri',sans-serif; mso-ascii-theme-font: minor-latin; mso-hansi-theme-font: minor-latin; mso-bidi-theme-font: minor-latin;\">Das Auswechseln der Einh\u00e4nger ist einfach und sicher. <\/span><\/b><\/p>\n<p data-mce-fragment=\"1\"><span data-mce-fragment=\"1\"><b style=\"mso-bidi-font-weight: normal;\"><span style=\"font-size: 11.0pt; line-height: 115%; font-family: 'Calibri',sans-serif; mso-ascii-theme-font: minor-latin; mso-fareast-font-family: Calibri; mso-fareast-theme-font: minor-latin; mso-hansi-theme-font: minor-latin; mso-bidi-theme-font: minor-latin; mso-ansi-language: DE; mso-fareast-language: EN-US; mso-bidi-language: AR-SA;\">Die Oberteile sind als Clip oder Stecker erh\u00e4ltlich.<\/span><\/b><\/span><\/p>\n<p data-mce-fragment=\"1\"><span data-mce-fragment=\"1\"><b style=\"mso-bidi-font-weight: normal;\"><span style=\"font-size: 11.0pt; line-height: 115%; font-family: 'Calibri',sans-serif; mso-ascii-theme-font: minor-latin; mso-fareast-font-family: Calibri; mso-fareast-theme-font: minor-latin; mso-hansi-theme-font: minor-latin; mso-bidi-font-family: 'Times New Roman'; mso-bidi-theme-font: minor-bidi; mso-ansi-language: DE; mso-fareast-language: EN-US; mso-bidi-language: AR-SA;\">Die eckige Form der Einh\u00e4nger bilden einen reizvollen Kontrast zu den puristischen Oberteilen.<br \/><\/span><\/b><\/span><\/p>\n<p><\/p>\n<p><strong><\/strong><\/p>","protected":false},"excerpt":{"rendered":"<p>Vario Ohrschmuck Set aus Ohrsteckern und Einh\u00e4ngern: Oberteile:\u00a0Ohrstecker \u201eVario\u201c\u00a0rund Material: 750 Gelbgold Ma\u00dfe: \u00d8 12,75 mm rund, konvex Einh\u00e4nger mit Brillanten und Turmalinen im Baguetteschliff Material:\u00a0750 Gelbgold Steine: 2 Brillanten = 0,33 ct tw vsi\u00a0\u00d8 3,5 mm und 4,87 ct Turmalinen im Baguetteschliff\u00a010 x 6 mm Unser Vario Ohrschmuck aus 750 Gelb- oder Wei\u00dfgold bietet [&hellip;]<\/p>","protected":false},"featured_media":9983,"comment_status":"open","ping_status":"closed","template":"","meta":{"_acf_changed":false,"_et_pb_use_builder":"","_et_pb_old_content":"","_et_gb_content_width":"","inline_featured_image":false},"product_brand":[332],"product_cat":[331],"product_tag":[],"class_list":{"0":"post-8814","1":"product","2":"type-product","3":"status-publish","4":"has-post-thumbnail","6":"product_brand-leinfelder","7":"product_cat-ohrschmuck","9":"first","10":"outofstock","11":"shipping-taxable","12":"purchasable","13":"product-type-simple"},"acf":[],"_links":{"self":[{"href":"https:\/\/leinfelder-juweler.com\/en\/wp-json\/wp\/v2\/product\/8814","targetHints":{"allow":["GET"]}}],"collection":[{"href":"https:\/\/leinfelder-juweler.com\/en\/wp-json\/wp\/v2\/product"}],"about":[{"href":"https:\/\/leinfelder-juweler.com\/en\/wp-json\/wp\/v2\/types\/product"}],"replies":[{"embeddable":true,"href":"https:\/\/leinfelder-juweler.com\/en\/wp-json\/wp\/v2\/comments?post=8814"}],"wp:featuredmedia":[{"embeddable":true,"href":"https:\/\/leinfelder-juweler.com\/en\/wp-json\/wp\/v2\/media\/9983"}],"wp:attachment":[{"href":"https:\/\/leinfelder-juweler.com\/en\/wp-json\/wp\/v2\/media?parent=8814"}],"wp:term":[{"taxonomy":"product_brand","embeddable":true,"href":"https:\/\/leinfelder-juweler.com\/en\/wp-json\/wp\/v2\/product_brand?post=8814"},{"taxonomy":"product_cat","embeddable":true,"href":"https:\/\/leinfelder-juweler.com\/en\/wp-json\/wp\/v2\/product_cat?post=8814"},{"taxonomy":"product_tag","embeddable":true,"href":"https:\/\/leinfelder-juweler.com\/en\/wp-json\/wp\/v2\/product_tag?post=8814"}],"curies":[{"name":"wp","href":"https:\/\/api.w.org\/{rel}","templated":true}]}}