{"id":8815,"date":"2025-11-20T18:07:23","date_gmt":"2025-11-20T15:07:23","guid":{"rendered":"https:\/\/leinfelder-juweler.com\/?post_type=product&#038;p=8815"},"modified":"2025-11-20T19:52:30","modified_gmt":"2025-11-20T16:52:30","slug":"klappcreolen-750-gelbgold-wiener-brisur-klein-mit-starlit-einhaengern","status":"publish","type":"product","link":"https:\/\/leinfelder-juweler.com\/en\/product\/klappcreolen-750-gelbgold-wiener-brisur-klein-mit-starlit-einhaengern\/","title":{"rendered":"Klappcreolen 750 Gelbgold \u201eWiener Brisur\u201c klein mit Starlit Einh\u00e4ngern"},"content":{"rendered":"<p><strong>Ohrschmuck Klappcreolen\u00a0<span data-mce-fragment=\"1\">\u201eWiener Brisur\u201c\u00a0klein<\/span><span data-mce-fragment=\"1\"><\/span><\/strong><\/p>\n<p><strong>Material: <\/strong>750 Yellow Gold<\/p>\n<p><strong>Ma\u00dfe: <\/strong>2,3 mm breit \/ 14 mm lang<span data-mce-fragment=\"1\"><\/span><\/p>\n<p><b>Einh\u00e4nger: <\/b>750 Gelbgold mit Starliten\u00a0<span data-mce-fragment=\"1\">6 mm rund facettiert<\/span><span data-mce-fragment=\"1\"><\/span><\/p>\n<p><span data-mce-fragment=\"1\"><strong>Als \u201cWiener Brisur\u201d war dieses besondere Design f\u00fcr Klappcreolen schon zu Zeiten von Kaiserin Sissi beliebt. Die abnehmbaren Einh\u00e4nger mit den leuchtenden Starliten verleihen dem Ohrschmuck eine pers\u00f6nliche Note.<br \/><\/strong><\/span><\/p>\n<p>\u00a0<\/p>","protected":false},"excerpt":{"rendered":"<p>Ohrschmuck Klappcreolen\u00a0\u201eWiener Brisur\u201c\u00a0klein Material: 750 Gelbgold Ma\u00dfe: 2,3 mm breit \/ 14 mm lang Einh\u00e4nger: 750 Gelbgold mit Starliten\u00a06 mm rund facettiert Als \u201cWiener Brisur\u201d war dieses besondere Design f\u00fcr Klappcreolen schon zu Zeiten von Kaiserin Sissi beliebt. Die abnehmbaren Einh\u00e4nger mit den leuchtenden Starliten verleihen dem Ohrschmuck eine pers\u00f6nliche Note. \u00a0<\/p>","protected":false},"featured_media":9984,"comment_status":"open","ping_status":"closed","template":"","meta":{"_acf_changed":false,"_et_pb_use_builder":"","_et_pb_old_content":"","_et_gb_content_width":"","inline_featured_image":false},"product_brand":[332],"product_cat":[331],"product_tag":[],"class_list":{"0":"post-8815","1":"product","2":"type-product","3":"status-publish","4":"has-post-thumbnail","6":"product_brand-leinfelder","7":"product_cat-ohrschmuck","9":"first","10":"outofstock","11":"shipping-taxable","12":"purchasable","13":"product-type-simple"},"acf":[],"_links":{"self":[{"href":"https:\/\/leinfelder-juweler.com\/en\/wp-json\/wp\/v2\/product\/8815","targetHints":{"allow":["GET"]}}],"collection":[{"href":"https:\/\/leinfelder-juweler.com\/en\/wp-json\/wp\/v2\/product"}],"about":[{"href":"https:\/\/leinfelder-juweler.com\/en\/wp-json\/wp\/v2\/types\/product"}],"replies":[{"embeddable":true,"href":"https:\/\/leinfelder-juweler.com\/en\/wp-json\/wp\/v2\/comments?post=8815"}],"wp:featuredmedia":[{"embeddable":true,"href":"https:\/\/leinfelder-juweler.com\/en\/wp-json\/wp\/v2\/media\/9984"}],"wp:attachment":[{"href":"https:\/\/leinfelder-juweler.com\/en\/wp-json\/wp\/v2\/media?parent=8815"}],"wp:term":[{"taxonomy":"product_brand","embeddable":true,"href":"https:\/\/leinfelder-juweler.com\/en\/wp-json\/wp\/v2\/product_brand?post=8815"},{"taxonomy":"product_cat","embeddable":true,"href":"https:\/\/leinfelder-juweler.com\/en\/wp-json\/wp\/v2\/product_cat?post=8815"},{"taxonomy":"product_tag","embeddable":true,"href":"https:\/\/leinfelder-juweler.com\/en\/wp-json\/wp\/v2\/product_tag?post=8815"}],"curies":[{"name":"wp","href":"https:\/\/api.w.org\/{rel}","templated":true}]}}