{"id":8823,"date":"2025-11-20T18:07:26","date_gmt":"2025-11-20T15:07:26","guid":{"rendered":"https:\/\/leinfelder-juweler.com\/?post_type=product&#038;p=8823"},"modified":"2025-11-20T19:53:19","modified_gmt":"2025-11-20T16:53:19","slug":"omegahalsreif-18-mm-45-cm","status":"publish","type":"product","link":"https:\/\/leinfelder-juweler.com\/en\/product\/omegahalsreif-18-mm-45-cm\/","title":{"rendered":"Omegahalsreif 1,8 mm \/ 45 cm"},"content":{"rendered":"<p><strong>Omegahalsreif 750 Wei\u00dfgold mit Krokodilklemme \u00d8 1,8 mm \/ 45 cm<br \/><\/strong><\/p>\n<p><strong>Material:<\/strong> 750\u00a0Wei\u00dfgold<\/p>\n<p><strong>Durch \u00e4sthetische Klarheit begeistert dieser flexible Halsreif. Der Verschlu\u00df ist dank seiner \u201eKrokdilklemme\u201c einfach und sicher in der Handhabung. Eine sch\u00f6ne Pr\u00e4sentation unserer vielf\u00e4ltigen Anh\u00e4nger.<\/strong><\/p>","protected":false},"excerpt":{"rendered":"<p>Omegahalsreif 750 Wei\u00dfgold mit Krokodilklemme \u00d8 1,8 mm \/ 45 cm Material: 750\u00a0Wei\u00dfgold Durch \u00e4sthetische Klarheit begeistert dieser flexible Halsreif. Der Verschlu\u00df ist dank seiner \u201eKrokdilklemme\u201c einfach und sicher in der Handhabung. Eine sch\u00f6ne Pr\u00e4sentation unserer vielf\u00e4ltigen Anh\u00e4nger.<\/p>","protected":false},"featured_media":9992,"comment_status":"open","ping_status":"closed","template":"","meta":{"_acf_changed":false,"_et_pb_use_builder":"","_et_pb_old_content":"","_et_gb_content_width":"","inline_featured_image":false},"product_brand":[332],"product_cat":[333],"product_tag":[],"class_list":{"0":"post-8823","1":"product","2":"type-product","3":"status-publish","4":"has-post-thumbnail","6":"product_brand-leinfelder","7":"product_cat-halsschmuck","9":"first","10":"outofstock","11":"shipping-taxable","12":"purchasable","13":"product-type-simple"},"acf":[],"_links":{"self":[{"href":"https:\/\/leinfelder-juweler.com\/en\/wp-json\/wp\/v2\/product\/8823","targetHints":{"allow":["GET"]}}],"collection":[{"href":"https:\/\/leinfelder-juweler.com\/en\/wp-json\/wp\/v2\/product"}],"about":[{"href":"https:\/\/leinfelder-juweler.com\/en\/wp-json\/wp\/v2\/types\/product"}],"replies":[{"embeddable":true,"href":"https:\/\/leinfelder-juweler.com\/en\/wp-json\/wp\/v2\/comments?post=8823"}],"wp:featuredmedia":[{"embeddable":true,"href":"https:\/\/leinfelder-juweler.com\/en\/wp-json\/wp\/v2\/media\/9992"}],"wp:attachment":[{"href":"https:\/\/leinfelder-juweler.com\/en\/wp-json\/wp\/v2\/media?parent=8823"}],"wp:term":[{"taxonomy":"product_brand","embeddable":true,"href":"https:\/\/leinfelder-juweler.com\/en\/wp-json\/wp\/v2\/product_brand?post=8823"},{"taxonomy":"product_cat","embeddable":true,"href":"https:\/\/leinfelder-juweler.com\/en\/wp-json\/wp\/v2\/product_cat?post=8823"},{"taxonomy":"product_tag","embeddable":true,"href":"https:\/\/leinfelder-juweler.com\/en\/wp-json\/wp\/v2\/product_tag?post=8823"}],"curies":[{"name":"wp","href":"https:\/\/api.w.org\/{rel}","templated":true}]}}