{"id":8825,"date":"2025-11-20T18:07:26","date_gmt":"2025-11-20T15:07:26","guid":{"rendered":"https:\/\/leinfelder-juweler.com\/?post_type=product&#038;p=8825"},"modified":"2025-11-20T19:53:31","modified_gmt":"2025-11-20T16:53:31","slug":"anhaenger-lupe-mit-pink-saphiren-und-ebenholz","status":"publish","type":"product","link":"https:\/\/leinfelder-juweler.com\/en\/product\/anhaenger-lupe-mit-pink-saphiren-und-ebenholz\/","title":{"rendered":"Anh\u00e4nger &#8222;Lupe&#8220; mit pink Saphiren und Ebenholz"},"content":{"rendered":"<p data-mce-fragment=\"1\"><strong data-mce-fragment=\"1\">Anh\u00e4nger &#8222;Lupe&#8220; mit pink Saphiren und Ebenholz<\/strong><\/p>\n<p data-mce-fragment=\"1\"><strong data-mce-fragment=\"1\">Material: <\/strong>750 Yellow Gold\u00a0 <br data-mce-fragment=\"1\"><\/p>\n<p data-mce-fragment=\"1\"><strong data-mce-fragment=\"1\">Stones: <\/strong>4 pink Saphire <span data-mce-fragment=\"1\" lang=\"EN-US\">\u00d8 <\/span>1,5 mm, 4 pink Saphire <span data-mce-fragment=\"1\" lang=\"EN-US\">\u00d8 2,0 mm<\/span><\/p>\n<p data-mce-fragment=\"1\"><span data-mce-fragment=\"1\" lang=\"EN-US\"><strong>Linse:<\/strong> \u00d8 40 mm<\/span><\/p>","protected":false},"excerpt":{"rendered":"<p>Anh\u00e4nger &#8222;Lupe&#8220; mit pink Saphiren und Ebenholz Material: 750 Gelbgold\u00a0 Steine: 4 pink Saphire \u00d8 1,5 mm, 4 pink Saphire \u00d8 2,0 mm Linse: \u00d8 40 mm<\/p>","protected":false},"featured_media":9994,"comment_status":"open","ping_status":"closed","template":"","meta":{"_acf_changed":false,"_et_pb_use_builder":"","_et_pb_old_content":"","_et_gb_content_width":"","inline_featured_image":false},"product_brand":[332],"product_cat":[333],"product_tag":[302],"class_list":{"0":"post-8825","1":"product","2":"type-product","3":"status-publish","4":"has-post-thumbnail","6":"product_brand-leinfelder","7":"product_cat-halsschmuck","8":"product_tag-ebenholz","10":"first","11":"outofstock","12":"sold-individually","13":"shipping-taxable","14":"purchasable","15":"product-type-simple"},"acf":[],"_links":{"self":[{"href":"https:\/\/leinfelder-juweler.com\/en\/wp-json\/wp\/v2\/product\/8825","targetHints":{"allow":["GET"]}}],"collection":[{"href":"https:\/\/leinfelder-juweler.com\/en\/wp-json\/wp\/v2\/product"}],"about":[{"href":"https:\/\/leinfelder-juweler.com\/en\/wp-json\/wp\/v2\/types\/product"}],"replies":[{"embeddable":true,"href":"https:\/\/leinfelder-juweler.com\/en\/wp-json\/wp\/v2\/comments?post=8825"}],"wp:featuredmedia":[{"embeddable":true,"href":"https:\/\/leinfelder-juweler.com\/en\/wp-json\/wp\/v2\/media\/9994"}],"wp:attachment":[{"href":"https:\/\/leinfelder-juweler.com\/en\/wp-json\/wp\/v2\/media?parent=8825"}],"wp:term":[{"taxonomy":"product_brand","embeddable":true,"href":"https:\/\/leinfelder-juweler.com\/en\/wp-json\/wp\/v2\/product_brand?post=8825"},{"taxonomy":"product_cat","embeddable":true,"href":"https:\/\/leinfelder-juweler.com\/en\/wp-json\/wp\/v2\/product_cat?post=8825"},{"taxonomy":"product_tag","embeddable":true,"href":"https:\/\/leinfelder-juweler.com\/en\/wp-json\/wp\/v2\/product_tag?post=8825"}],"curies":[{"name":"wp","href":"https:\/\/api.w.org\/{rel}","templated":true}]}}