{"id":8828,"date":"2025-11-20T18:07:27","date_gmt":"2025-11-20T15:07:27","guid":{"rendered":"https:\/\/leinfelder-juweler.com\/?post_type=product&#038;p=8828"},"modified":"2025-11-20T19:53:50","modified_gmt":"2025-11-20T16:53:50","slug":"pavering-mit-pink-saphiren","status":"publish","type":"product","link":"https:\/\/leinfelder-juweler.com\/en\/product\/pavering-mit-pink-saphiren\/","title":{"rendered":"Pav\u00e9ring mit pink Saphiren"},"content":{"rendered":"<p data-mce-fragment=\"1\"><strong data-mce-fragment=\"1\"><\/strong><strong data-mce-fragment=\"1\">Material: <\/strong>750 Yellow Gold\u00a0<\/p>\n<p data-mce-fragment=\"1\"><strong data-mce-fragment=\"1\">Stones:\u00a0<\/strong>120 pink Saphire<\/p>\n<p class=\"MsoNormal\" style=\"margin-bottom: .0001pt;\"><strong>Dieser atemberaubende Ring besticht durch die pav\u00e9-gefassten (aus dem Franz\u00f6sischen: gepflastert) <span style=\"mso-spacerun: yes;\">\u00a0<\/span>Edelsteine.<\/strong><\/p>\n<p class=\"MsoNormal\" style=\"margin-bottom: .0001pt;\"><strong>Insgesamt 120 pinkfarbene Saphire schmiegen sich in 4 Reihen \u00fcber den massiven Goldring.<\/strong><\/p>\n<p class=\"MsoNormal\" style=\"margin-bottom: .0001pt;\"><strong>Das gew\u00f6lbte Profil des Rings sorgt f\u00fcr einen angenehmen Tragekomfort. Ein Meisterwerk der Juwelierskunst, das Eleganz und Luxus in sich vereint.<\/strong><\/p>\n<p class=\"MsoNormal\" style=\"margin-bottom: .0001pt;\">\u00a0<\/p>\n<p><b>Hinweis: <\/b>Unsere Ringe sind in der angegebenen Gr\u00f6\u00dfe sofort lieferbar. Sollten sie sich einen Ring in einer anderen Gr\u00f6\u00dfe w\u00fcnschen, kontaktieren sie uns bitte. Wir informieren sie gerne \u00fcber die M\u00f6glichkeit und Dauer von Gr\u00f6\u00dfenanpassungen.<\/p>","protected":false},"excerpt":{"rendered":"<p>Material: 750 Gelbgold\u00a0 Steine:\u00a0120 pink Saphire Dieser atemberaubende Ring besticht durch die pav\u00e9-gefassten (aus dem Franz\u00f6sischen: gepflastert) \u00a0Edelsteine. Insgesamt 120 pinkfarbene Saphire schmiegen sich in 4 Reihen \u00fcber den massiven Goldring. Das gew\u00f6lbte Profil des Rings sorgt f\u00fcr einen angenehmen Tragekomfort. Ein Meisterwerk der Juwelierskunst, das Eleganz und Luxus in sich vereint. \u00a0 Hinweis: Unsere [&hellip;]<\/p>","protected":false},"featured_media":9997,"comment_status":"open","ping_status":"closed","template":"","meta":{"_acf_changed":false,"_et_pb_use_builder":"","_et_pb_old_content":"","_et_gb_content_width":"","inline_featured_image":false},"product_brand":[332],"product_cat":[295],"product_tag":[246],"class_list":{"0":"post-8828","1":"product","2":"type-product","3":"status-publish","4":"has-post-thumbnail","6":"product_brand-leinfelder","7":"product_cat-ringe","8":"product_tag-pave","10":"first","11":"outofstock","12":"shipping-taxable","13":"purchasable","14":"product-type-simple"},"acf":[],"_links":{"self":[{"href":"https:\/\/leinfelder-juweler.com\/en\/wp-json\/wp\/v2\/product\/8828","targetHints":{"allow":["GET"]}}],"collection":[{"href":"https:\/\/leinfelder-juweler.com\/en\/wp-json\/wp\/v2\/product"}],"about":[{"href":"https:\/\/leinfelder-juweler.com\/en\/wp-json\/wp\/v2\/types\/product"}],"replies":[{"embeddable":true,"href":"https:\/\/leinfelder-juweler.com\/en\/wp-json\/wp\/v2\/comments?post=8828"}],"wp:featuredmedia":[{"embeddable":true,"href":"https:\/\/leinfelder-juweler.com\/en\/wp-json\/wp\/v2\/media\/9997"}],"wp:attachment":[{"href":"https:\/\/leinfelder-juweler.com\/en\/wp-json\/wp\/v2\/media?parent=8828"}],"wp:term":[{"taxonomy":"product_brand","embeddable":true,"href":"https:\/\/leinfelder-juweler.com\/en\/wp-json\/wp\/v2\/product_brand?post=8828"},{"taxonomy":"product_cat","embeddable":true,"href":"https:\/\/leinfelder-juweler.com\/en\/wp-json\/wp\/v2\/product_cat?post=8828"},{"taxonomy":"product_tag","embeddable":true,"href":"https:\/\/leinfelder-juweler.com\/en\/wp-json\/wp\/v2\/product_tag?post=8828"}],"curies":[{"name":"wp","href":"https:\/\/api.w.org\/{rel}","templated":true}]}}