{"id":8836,"date":"2025-11-20T18:07:46","date_gmt":"2025-11-20T15:07:46","guid":{"rendered":"https:\/\/leinfelder-juweler.com\/?post_type=product&#038;p=8836"},"modified":"2025-11-20T19:54:41","modified_gmt":"2025-11-20T16:54:41","slug":"vario-ohrschmuck-set-84","status":"publish","type":"product","link":"https:\/\/leinfelder-juweler.com\/en\/product\/vario-ohrschmuck-set-84\/","title":{"rendered":"Vario Ohrschmuck Set"},"content":{"rendered":"<p data-mce-fragment=\"1\"><strong data-mce-fragment=\"1\">Vario Ohrschmuck Set aus Ohrsteckern und Einh\u00e4ngern: <\/strong><\/p>\n<p><strong>Oberteile: Dreieckige Kissen Ohrstecker\u00a0mit Brillanten<br \/><\/strong><\/p>\n<p><strong>Material: <\/strong>750 Yellow Gold<\/p>\n<p><strong>Ma\u00dfe: <\/strong>12 mm Kantenl\u00e4nge<\/p>\n<p><strong>Stones:<\/strong>\u00a0146<span>\u00a0<\/span>Brillanten<span>\u00a0<\/span>gesamt<span>\u00a0<\/span>2,424 ct tw vsi<\/p>\n<p data-mce-fragment=\"1\"><strong data-mce-fragment=\"1\">Einh\u00e4nger:\u00a0Einh\u00e4nger mit\u00a0<span data-mce-fragment=\"1\">Brillanten und Starlit Tropfen<br \/><\/span><\/strong><\/p>\n<p data-mce-fragment=\"1\"><strong data-mce-fragment=\"1\">Material:\u00a0<\/strong>750 Yellow Gold<\/p>\n<p data-mce-fragment=\"1\"><strong data-mce-fragment=\"1\">Stones:<\/strong> 2 Brillanten gesamt 0,20 ct tw vsi <span data-mce-fragment=\"1\">\u00d8<\/span> 2,9 mm, <span data-mce-fragment=\"1\">182 Brillanten gesamt 1,97 ct tw vsi \u00d8 0,9 &#8211; 1,5 mm<\/span> und 2 Starlit Tropfen 10,6 x 12,5 mm facettiert<strong><br \/><\/strong><\/p>\n<p><strong>Unser Vario Ohrschmuck aus 750 Gelb- oder Wei\u00dfgold bietet vielseitige Kombinationsm\u00f6glichkeiten. Die Oberteile k\u00f6nnen separat getragen werden und lassen sich mit einer Vielzahl von Einh\u00e4ngern erg\u00e4nzen.<\/strong><\/p>\n<p style=\"margin: 0cm; margin-bottom: .0001pt;\"><strong>Bezaubernd, anmutig und vielseitig, eine Bereicherung f\u00fcr jeden Anlass.<\/strong><\/p>\n<p style=\"margin: 0cm; margin-bottom: .0001pt;\"><strong>Das Auswechseln der Einh\u00e4nger ist einfach und sicher.<\/strong><\/p>\n<p style=\"margin: 0cm; margin-bottom: .0001pt;\"><strong>Die Oberteile sind als Clip oder Stecker erh\u00e4ltlich.<\/strong><\/p>\n<p style=\"margin: 0cm; margin-bottom: .0001pt;\">\u00a0<\/p>\n<p style=\"margin: 0cm; margin-bottom: .0001pt;\"><strong>Diese Ohrringe, kombiniert aus goldenen Kissendreiecken mit funkelnden<br \/><\/strong><\/p>\n<p style=\"margin-bottom: .0001pt;\" class=\"MsoNormal\"><strong>Brillanten und atemberaubenden Starlit-Tropfen, erzeugen bei jeder Bewegung ein faszinierendes Spiel von Licht und Schatten.<\/strong><\/p>\n<p><\/p>","protected":false},"excerpt":{"rendered":"<p>Vario Ohrschmuck Set aus Ohrsteckern und Einh\u00e4ngern: Oberteile: Dreieckige Kissen Ohrstecker\u00a0mit Brillanten Material: 750 Gelbgold Ma\u00dfe: 12 mm Kantenl\u00e4nge Steine:\u00a0146\u00a0Brillanten\u00a0gesamt\u00a02,424 ct tw vsi Einh\u00e4nger:\u00a0Einh\u00e4nger mit\u00a0Brillanten und Starlit Tropfen Material:\u00a0750 Gelbgold Steine: 2 Brillanten gesamt 0,20 ct tw vsi \u00d8 2,9 mm, 182 Brillanten gesamt 1,97 ct tw vsi \u00d8 0,9 &#8211; 1,5 mm und 2 [&hellip;]<\/p>","protected":false},"featured_media":10005,"comment_status":"open","ping_status":"closed","template":"","meta":{"_acf_changed":false,"_et_pb_use_builder":"","_et_pb_old_content":"","_et_gb_content_width":"","inline_featured_image":false},"product_brand":[332],"product_cat":[331],"product_tag":[364],"class_list":{"0":"post-8836","1":"product","2":"type-product","3":"status-publish","4":"has-post-thumbnail","6":"product_brand-leinfelder","7":"product_cat-ohrschmuck","8":"product_tag-kissen","10":"first","11":"instock","12":"shipping-taxable","13":"purchasable","14":"product-type-simple"},"acf":[],"_links":{"self":[{"href":"https:\/\/leinfelder-juweler.com\/en\/wp-json\/wp\/v2\/product\/8836","targetHints":{"allow":["GET"]}}],"collection":[{"href":"https:\/\/leinfelder-juweler.com\/en\/wp-json\/wp\/v2\/product"}],"about":[{"href":"https:\/\/leinfelder-juweler.com\/en\/wp-json\/wp\/v2\/types\/product"}],"replies":[{"embeddable":true,"href":"https:\/\/leinfelder-juweler.com\/en\/wp-json\/wp\/v2\/comments?post=8836"}],"wp:featuredmedia":[{"embeddable":true,"href":"https:\/\/leinfelder-juweler.com\/en\/wp-json\/wp\/v2\/media\/10005"}],"wp:attachment":[{"href":"https:\/\/leinfelder-juweler.com\/en\/wp-json\/wp\/v2\/media?parent=8836"}],"wp:term":[{"taxonomy":"product_brand","embeddable":true,"href":"https:\/\/leinfelder-juweler.com\/en\/wp-json\/wp\/v2\/product_brand?post=8836"},{"taxonomy":"product_cat","embeddable":true,"href":"https:\/\/leinfelder-juweler.com\/en\/wp-json\/wp\/v2\/product_cat?post=8836"},{"taxonomy":"product_tag","embeddable":true,"href":"https:\/\/leinfelder-juweler.com\/en\/wp-json\/wp\/v2\/product_tag?post=8836"}],"curies":[{"name":"wp","href":"https:\/\/api.w.org\/{rel}","templated":true}]}}