{"id":8855,"date":"2025-11-20T18:07:52","date_gmt":"2025-11-20T15:07:52","guid":{"rendered":"https:\/\/leinfelder-juweler.com\/?post_type=product&#038;p=8855"},"modified":"2025-11-20T19:56:39","modified_gmt":"2025-11-20T16:56:39","slug":"pavering-mit-120-brillanten","status":"publish","type":"product","link":"https:\/\/leinfelder-juweler.com\/en\/product\/pavering-mit-120-brillanten\/","title":{"rendered":"Pav\u00e9ring mit 120 Brillanten"},"content":{"rendered":"<p><strong><\/strong><strong>Material: <\/strong>750 Wei\u00dfgold\u00a0<\/p>\n<p><strong>Stones:\u00a0<\/strong>120 Brillanten gesamt<span>\u00a0<\/span>4,98 ct tw vsi<strong><\/strong><\/p>\n<p><strong><span style=\"font-size: 11.0pt; line-height: 115%; font-family: 'Calibri',sans-serif; mso-ascii-theme-font: minor-latin; mso-fareast-font-family: Calibri; mso-fareast-theme-font: minor-latin; mso-hansi-theme-font: minor-latin; mso-bidi-font-family: 'Times New Roman'; mso-bidi-theme-font: minor-bidi; mso-ansi-language: DE; mso-fareast-language: EN-US; mso-bidi-language: AR-SA;\">Einzigartige Brillanz: Diamantschmuck in meisterhafter Handarbeit.<\/span><\/strong><span style=\"font-size: 11.0pt; line-height: 115%; font-family: 'Calibri',sans-serif; mso-ascii-theme-font: minor-latin; mso-fareast-font-family: Calibri; mso-fareast-theme-font: minor-latin; mso-hansi-theme-font: minor-latin; mso-bidi-font-family: 'Times New Roman'; mso-bidi-theme-font: minor-bidi; mso-ansi-language: DE; mso-fareast-language: EN-US; mso-bidi-language: AR-SA;\"><br \/><strong><span style=\"font-family: 'Calibri',sans-serif; mso-ascii-theme-font: minor-latin; mso-hansi-theme-font: minor-latin; mso-bidi-font-family: 'Times New Roman'; mso-bidi-theme-font: minor-bidi;\">jedes Schmuckst\u00fcck \u2013 mit Sorgfalt und Hingabe f\u00fcr Sie gefertigt.<\/span><\/strong><\/span><\/p>\n<p class=\"MsoNormal\" style=\"margin-bottom: .0001pt;\"><strong>Dieser atemberaubende Ring besticht durch die pav\u00e9-gefassten (aus dem Franz\u00f6sischen: gepflastert) <span style=\"mso-spacerun: yes;\">\u00a0<\/span>Edelsteine. 120 Brillanten schmiegen sich in 4 Reihen \u00fcber den massiven Goldring und entfalten ein wahres Feuerwerk.<\/strong><\/p>\n<p>\u00a0<\/p>\n<p><strong><span style=\"font-size: 11.0pt; line-height: 115%; font-family: 'Calibri',sans-serif; mso-ascii-theme-font: minor-latin; mso-fareast-font-family: Calibri; mso-fareast-theme-font: minor-latin; mso-hansi-theme-font: minor-latin; mso-bidi-font-family: 'Times New Roman'; mso-bidi-theme-font: minor-bidi; mso-ansi-language: DE; mso-fareast-language: EN-US; mso-bidi-language: AR-SA;\">Das gew\u00f6lbte Profil des Rings sorgt f\u00fcr einen angenehmen Tragekomfort. Ein Meisterwerk der Juwelierskunst, das Eleganz und Luxus in sich vereint.<\/span><\/strong><\/p>\n<p><b>Hinweis: <\/b>Unsere Ringe sind in der angegebenen Gr\u00f6\u00dfe sofort lieferbar. Sollten sie sich einen Ring in einer anderen Gr\u00f6\u00dfe w\u00fcnschen, kontaktieren sie uns bitte. Wir informieren sie gerne \u00fcber die M\u00f6glichkeit und Dauer von Gr\u00f6\u00dfenanpassungen.<\/p>\n<p><\/p>\n<p><strong><br \/><\/strong><\/p>","protected":false},"excerpt":{"rendered":"<p>Material: 750 Wei\u00dfgold\u00a0 Steine:\u00a0120 Brillanten gesamt\u00a04,98 ct tw vsi Einzigartige Brillanz: Diamantschmuck in meisterhafter Handarbeit.jedes Schmuckst\u00fcck \u2013 mit Sorgfalt und Hingabe f\u00fcr Sie gefertigt. Dieser atemberaubende Ring besticht durch die pav\u00e9-gefassten (aus dem Franz\u00f6sischen: gepflastert) \u00a0Edelsteine. 120 Brillanten schmiegen sich in 4 Reihen \u00fcber den massiven Goldring und entfalten ein wahres Feuerwerk. \u00a0 Das gew\u00f6lbte [&hellip;]<\/p>","protected":false},"featured_media":10024,"comment_status":"open","ping_status":"closed","template":"","meta":{"_acf_changed":false,"_et_pb_use_builder":"","_et_pb_old_content":"","_et_gb_content_width":"","inline_featured_image":false},"product_brand":[332],"product_cat":[295],"product_tag":[246],"class_list":{"0":"post-8855","1":"product","2":"type-product","3":"status-publish","4":"has-post-thumbnail","6":"product_brand-leinfelder","7":"product_cat-ringe","8":"product_tag-pave","10":"first","11":"outofstock","12":"shipping-taxable","13":"purchasable","14":"product-type-simple"},"acf":[],"_links":{"self":[{"href":"https:\/\/leinfelder-juweler.com\/en\/wp-json\/wp\/v2\/product\/8855","targetHints":{"allow":["GET"]}}],"collection":[{"href":"https:\/\/leinfelder-juweler.com\/en\/wp-json\/wp\/v2\/product"}],"about":[{"href":"https:\/\/leinfelder-juweler.com\/en\/wp-json\/wp\/v2\/types\/product"}],"replies":[{"embeddable":true,"href":"https:\/\/leinfelder-juweler.com\/en\/wp-json\/wp\/v2\/comments?post=8855"}],"wp:featuredmedia":[{"embeddable":true,"href":"https:\/\/leinfelder-juweler.com\/en\/wp-json\/wp\/v2\/media\/10024"}],"wp:attachment":[{"href":"https:\/\/leinfelder-juweler.com\/en\/wp-json\/wp\/v2\/media?parent=8855"}],"wp:term":[{"taxonomy":"product_brand","embeddable":true,"href":"https:\/\/leinfelder-juweler.com\/en\/wp-json\/wp\/v2\/product_brand?post=8855"},{"taxonomy":"product_cat","embeddable":true,"href":"https:\/\/leinfelder-juweler.com\/en\/wp-json\/wp\/v2\/product_cat?post=8855"},{"taxonomy":"product_tag","embeddable":true,"href":"https:\/\/leinfelder-juweler.com\/en\/wp-json\/wp\/v2\/product_tag?post=8855"}],"curies":[{"name":"wp","href":"https:\/\/api.w.org\/{rel}","templated":true}]}}