{"id":8860,"date":"2025-11-20T18:07:54","date_gmt":"2025-11-20T15:07:54","guid":{"rendered":"https:\/\/leinfelder-juweler.com\/?post_type=product&#038;p=8860"},"modified":"2025-11-20T19:57:11","modified_gmt":"2025-11-20T16:57:11","slug":"ring-gecko-mit-mondstein","status":"publish","type":"product","link":"https:\/\/leinfelder-juweler.com\/en\/product\/ring-gecko-mit-mondstein\/","title":{"rendered":"Ring &#8222;Gecko&#8220; mit Mondstein"},"content":{"rendered":"<p><strong>Ring &#8222;Gecko&#8220; mit\u00a0wei\u00dfem Mondstein Cabochon<\/strong><\/p>\n<p><strong>Material:\u00a0<\/strong>750 Yellow Gold<\/p>\n<p><strong>Stein:\u00a0<\/strong>wei\u00dfer Mondstein Cabochon\u00a016 x 12 mm<\/p>\n<p>\u00a0<strong>Der kleine Gecko schmiegt sich liebevoll um den schimmernden Mondstein.<br \/><\/strong><\/p>\n<p data-mce-fragment=\"1\"><b data-mce-fragment=\"1\">Hinweis: <\/b>Unsere Ringe sind in der angegebenen Gr\u00f6\u00dfe sofort lieferbar. Sollten sie sich einen Ring in einer anderen Gr\u00f6\u00dfe w\u00fcnschen, kontaktieren sie uns bitte. Wir informieren sie gerne \u00fcber die M\u00f6glichkeit und Dauer von Gr\u00f6\u00dfenanpassungen.<\/p>\n<p><\/p>","protected":false},"excerpt":{"rendered":"<p>Ring &#8222;Gecko&#8220; mit\u00a0wei\u00dfem Mondstein Cabochon Material:\u00a0750 Gelbgold Stein:\u00a0wei\u00dfer Mondstein Cabochon\u00a016 x 12 mm \u00a0\ufeffDer kleine Gecko schmiegt sich liebevoll um den schimmernden Mondstein. Hinweis: Unsere Ringe sind in der angegebenen Gr\u00f6\u00dfe sofort lieferbar. Sollten sie sich einen Ring in einer anderen Gr\u00f6\u00dfe w\u00fcnschen, kontaktieren sie uns bitte. Wir informieren sie gerne \u00fcber die M\u00f6glichkeit und [&hellip;]<\/p>","protected":false},"featured_media":10029,"comment_status":"open","ping_status":"closed","template":"","meta":{"_acf_changed":false,"_et_pb_use_builder":"","_et_pb_old_content":"","_et_gb_content_width":"","inline_featured_image":false},"product_brand":[332],"product_cat":[295],"product_tag":[],"class_list":{"0":"post-8860","1":"product","2":"type-product","3":"status-publish","4":"has-post-thumbnail","6":"product_brand-leinfelder","7":"product_cat-ringe","9":"first","10":"outofstock","11":"shipping-taxable","12":"purchasable","13":"product-type-simple"},"acf":[],"_links":{"self":[{"href":"https:\/\/leinfelder-juweler.com\/en\/wp-json\/wp\/v2\/product\/8860","targetHints":{"allow":["GET"]}}],"collection":[{"href":"https:\/\/leinfelder-juweler.com\/en\/wp-json\/wp\/v2\/product"}],"about":[{"href":"https:\/\/leinfelder-juweler.com\/en\/wp-json\/wp\/v2\/types\/product"}],"replies":[{"embeddable":true,"href":"https:\/\/leinfelder-juweler.com\/en\/wp-json\/wp\/v2\/comments?post=8860"}],"wp:featuredmedia":[{"embeddable":true,"href":"https:\/\/leinfelder-juweler.com\/en\/wp-json\/wp\/v2\/media\/10029"}],"wp:attachment":[{"href":"https:\/\/leinfelder-juweler.com\/en\/wp-json\/wp\/v2\/media?parent=8860"}],"wp:term":[{"taxonomy":"product_brand","embeddable":true,"href":"https:\/\/leinfelder-juweler.com\/en\/wp-json\/wp\/v2\/product_brand?post=8860"},{"taxonomy":"product_cat","embeddable":true,"href":"https:\/\/leinfelder-juweler.com\/en\/wp-json\/wp\/v2\/product_cat?post=8860"},{"taxonomy":"product_tag","embeddable":true,"href":"https:\/\/leinfelder-juweler.com\/en\/wp-json\/wp\/v2\/product_tag?post=8860"}],"curies":[{"name":"wp","href":"https:\/\/api.w.org\/{rel}","templated":true}]}}