{"id":8872,"date":"2025-11-20T18:08:16","date_gmt":"2025-11-20T15:08:16","guid":{"rendered":"https:\/\/leinfelder-juweler.com\/?post_type=product&#038;p=8872"},"modified":"2025-11-20T19:58:23","modified_gmt":"2025-11-20T16:58:23","slug":"mantelring-mit-bergkristall","status":"publish","type":"product","link":"https:\/\/leinfelder-juweler.com\/en\/product\/mantelring-mit-bergkristall\/","title":{"rendered":"Mantelring mit Bergkristall"},"content":{"rendered":"<p><strong>Mantelring mit Bergkristall<\/strong><\/p>\n<p><strong>Material:\u00a0<\/strong>750 Yellow Gold<\/p>\n<p><strong>Stones: <\/strong>Bergkristall Cabochon 16,50 ct 19 x 14 mm<\/p>\n<p style=\"margin-bottom: .0001pt; line-height: normal; mso-layout-grid-align: none; text-autospace: none;\" class=\"MsoNormal\"><b style=\"mso-bidi-font-weight: normal;\">Unsere Mantelringe zeichnen sich durch ihre kraftvolle Pr\u00e4senz und raffinierte Gestaltung aus. <\/b><\/p>\n<p><strong><b style=\"mso-bidi-font-weight: normal;\"><span style=\"font-size: 11.0pt; line-height: 115%; font-family: 'Calibri',sans-serif; mso-ascii-theme-font: minor-latin; mso-fareast-font-family: Calibri; mso-fareast-theme-font: minor-latin; mso-hansi-theme-font: minor-latin; mso-bidi-font-family: 'Times New Roman'; mso-bidi-theme-font: minor-bidi; mso-ansi-language: DE; mso-fareast-language: EN-US; mso-bidi-language: AR-SA;\">Der massive Goldring ummantelt den Edelstein und sch\u00fctzt ihn, w\u00e4hrend er zugleich seine volle Strahlkraft zur Geltung bringt. Ein Ausdruck zeitloser Eleganz und meisterlicher Handwerkskunst.<\/span><\/b><\/strong><\/p>\n<p data-mce-fragment=\"1\"><b data-mce-fragment=\"1\">Hinweis: <\/b>Unsere Ringe sind in der angegebenen Gr\u00f6\u00dfe sofort lieferbar. Sollten sie sich einen Ring in einer anderen Gr\u00f6\u00dfe w\u00fcnschen, kontaktieren sie uns bitte. Wir informieren sie gerne \u00fcber die M\u00f6glichkeit und Dauer von Gr\u00f6\u00dfenanpassungen.<\/p>\n<p><\/p>","protected":false},"excerpt":{"rendered":"<p>Mantelring mit Bergkristall Material:\u00a0750 Gelbgold Steine: Bergkristall Cabochon 16,50 ct 19 x 14 mm Unsere Mantelringe zeichnen sich durch ihre kraftvolle Pr\u00e4senz und raffinierte Gestaltung aus. Der massive Goldring ummantelt den Edelstein und sch\u00fctzt ihn, w\u00e4hrend er zugleich seine volle Strahlkraft zur Geltung bringt. Ein Ausdruck zeitloser Eleganz und meisterlicher Handwerkskunst. Hinweis: Unsere Ringe sind [&hellip;]<\/p>","protected":false},"featured_media":10041,"comment_status":"open","ping_status":"closed","template":"","meta":{"_acf_changed":false,"_et_pb_use_builder":"","_et_pb_old_content":"","_et_gb_content_width":"","inline_featured_image":false},"product_brand":[332],"product_cat":[295],"product_tag":[],"class_list":{"0":"post-8872","1":"product","2":"type-product","3":"status-publish","4":"has-post-thumbnail","6":"product_brand-leinfelder","7":"product_cat-ringe","9":"first","10":"outofstock","11":"shipping-taxable","12":"purchasable","13":"product-type-simple"},"acf":[],"_links":{"self":[{"href":"https:\/\/leinfelder-juweler.com\/en\/wp-json\/wp\/v2\/product\/8872","targetHints":{"allow":["GET"]}}],"collection":[{"href":"https:\/\/leinfelder-juweler.com\/en\/wp-json\/wp\/v2\/product"}],"about":[{"href":"https:\/\/leinfelder-juweler.com\/en\/wp-json\/wp\/v2\/types\/product"}],"replies":[{"embeddable":true,"href":"https:\/\/leinfelder-juweler.com\/en\/wp-json\/wp\/v2\/comments?post=8872"}],"wp:featuredmedia":[{"embeddable":true,"href":"https:\/\/leinfelder-juweler.com\/en\/wp-json\/wp\/v2\/media\/10041"}],"wp:attachment":[{"href":"https:\/\/leinfelder-juweler.com\/en\/wp-json\/wp\/v2\/media?parent=8872"}],"wp:term":[{"taxonomy":"product_brand","embeddable":true,"href":"https:\/\/leinfelder-juweler.com\/en\/wp-json\/wp\/v2\/product_brand?post=8872"},{"taxonomy":"product_cat","embeddable":true,"href":"https:\/\/leinfelder-juweler.com\/en\/wp-json\/wp\/v2\/product_cat?post=8872"},{"taxonomy":"product_tag","embeddable":true,"href":"https:\/\/leinfelder-juweler.com\/en\/wp-json\/wp\/v2\/product_tag?post=8872"}],"curies":[{"name":"wp","href":"https:\/\/api.w.org\/{rel}","templated":true}]}}