{"id":8873,"date":"2025-11-20T18:08:17","date_gmt":"2025-11-20T15:08:17","guid":{"rendered":"https:\/\/leinfelder-juweler.com\/?post_type=product&#038;p=8873"},"modified":"2025-11-20T19:58:30","modified_gmt":"2025-11-20T16:58:30","slug":"vario-ohrschmuck-set-90","status":"publish","type":"product","link":"https:\/\/leinfelder-juweler.com\/en\/product\/vario-ohrschmuck-set-90\/","title":{"rendered":"Vario Ohrschmuck Set"},"content":{"rendered":"<p><strong>Vario Ohrschmuck Set aus Ohrsteckern und Einh\u00e4ngern: <\/strong><\/p>\n<p><strong>Oberteile:\u00a0<\/strong>Ohrstecker \u201eVario\u201c<span> mit Turmalinpaar<br \/><\/span><\/p>\n<p><strong>Material: <\/strong>750 Yellow Gold<\/p>\n<p><strong>Stones: <\/strong>Turmalinpaar\u00a05,93 ct 9 x 7,5 mm 8-eckig facettiert<\/p>\n<p><\/p>\n<p><strong>Einh\u00e4nger:<\/strong>\u00a0Einh\u00e4nger mit\u00a088 Brillanten\u00a0und Labradorit- Quasten<\/p>\n<p><strong>Material:\u00a0<\/strong>750 Yellow Gold<\/p>\n<p><strong>Stones:\u00a0<\/strong>88 Brillanten \u00d8 1,3 mm<span>\u00a0 <\/span>= 0,792 ct tw vsi\u00a0und wei\u00dfe Labradorit- Quasten<\/p>\n<p>\u00d8 2,5 mm\u00a010-fach<span><\/span><\/p>\n<div>\n<p style=\"margin: 0cm; margin-bottom: .0001pt;\"><strong>Unser Vario Ohrschmuck aus 750 Gelb- oder Wei\u00dfgold bietet vielseitige Kombinationsm\u00f6glichkeiten. Die Oberteile k\u00f6nnen separat getragen werden und lassen sich mit einer Vielzahl von Einh\u00e4ngern erg\u00e4nzen.<\/strong><\/p>\n<p style=\"margin: 0cm; margin-bottom: .0001pt;\">\u00a0<\/p>\n<p style=\"margin: 0cm; margin-bottom: .0001pt;\"><strong>Bezaubernd, anmutig und vielseitig, eine Bereicherung f\u00fcr jeden Anlass.<\/strong><\/p>\n<p style=\"margin: 0cm; margin-bottom: .0001pt;\"><strong>Das Auswechseln der Einh\u00e4nger ist einfach und sicher.<\/strong><\/p>\n<p style=\"margin: 0cm; margin-bottom: .0001pt;\"><strong>Die Oberteile sind als Clip oder Stecker erh\u00e4ltlich.<\/strong><\/p>\n<p style=\"margin: 0cm; margin-bottom: .0001pt;\">\u00a0<\/p>\n<p style=\"margin: 0cm; margin-bottom: .0001pt;\"><strong>Die ausgefallenen gr\u00fcnen Turmalin Ohrringe profitieren von<\/strong><\/p>\n<p><strong>der Frische\u00a0<\/strong><strong>der wei\u00dfen Labradorit &#8211; Quasten in den mit Brillanten gefassten Goldkappen.<br \/><\/strong>\n<\/div>\n<div>\u00a0<\/div>","protected":false},"excerpt":{"rendered":"<p>Vario Ohrschmuck Set aus Ohrsteckern und Einh\u00e4ngern: Oberteile:\u00a0Ohrstecker \u201eVario\u201c mit Turmalinpaar Material: 750 Gelbgold Steine: Turmalinpaar\u00a05,93 ct 9 x 7,5 mm 8-eckig facettiert Einh\u00e4nger:\u00a0Einh\u00e4nger mit\u00a088 Brillanten\u00a0und Labradorit- Quasten Material:\u00a0750 Gelbgold Steine:\u00a088 Brillanten \u00d8 1,3 mm\u00a0 = 0,792 ct tw vsi\u00a0und wei\u00dfe Labradorit- Quasten \u00d8 2,5 mm\u00a010-fach Unser Vario Ohrschmuck aus 750 Gelb- oder Wei\u00dfgold bietet [&hellip;]<\/p>","protected":false},"featured_media":10042,"comment_status":"open","ping_status":"closed","template":"","meta":{"_acf_changed":false,"_et_pb_use_builder":"","_et_pb_old_content":"","_et_gb_content_width":"","inline_featured_image":false},"product_brand":[332],"product_cat":[331],"product_tag":[],"class_list":{"0":"post-8873","1":"product","2":"type-product","3":"status-publish","4":"has-post-thumbnail","6":"product_brand-leinfelder","7":"product_cat-ohrschmuck","9":"first","10":"instock","11":"shipping-taxable","12":"purchasable","13":"product-type-simple"},"acf":[],"_links":{"self":[{"href":"https:\/\/leinfelder-juweler.com\/en\/wp-json\/wp\/v2\/product\/8873","targetHints":{"allow":["GET"]}}],"collection":[{"href":"https:\/\/leinfelder-juweler.com\/en\/wp-json\/wp\/v2\/product"}],"about":[{"href":"https:\/\/leinfelder-juweler.com\/en\/wp-json\/wp\/v2\/types\/product"}],"replies":[{"embeddable":true,"href":"https:\/\/leinfelder-juweler.com\/en\/wp-json\/wp\/v2\/comments?post=8873"}],"wp:featuredmedia":[{"embeddable":true,"href":"https:\/\/leinfelder-juweler.com\/en\/wp-json\/wp\/v2\/media\/10042"}],"wp:attachment":[{"href":"https:\/\/leinfelder-juweler.com\/en\/wp-json\/wp\/v2\/media?parent=8873"}],"wp:term":[{"taxonomy":"product_brand","embeddable":true,"href":"https:\/\/leinfelder-juweler.com\/en\/wp-json\/wp\/v2\/product_brand?post=8873"},{"taxonomy":"product_cat","embeddable":true,"href":"https:\/\/leinfelder-juweler.com\/en\/wp-json\/wp\/v2\/product_cat?post=8873"},{"taxonomy":"product_tag","embeddable":true,"href":"https:\/\/leinfelder-juweler.com\/en\/wp-json\/wp\/v2\/product_tag?post=8873"}],"curies":[{"name":"wp","href":"https:\/\/api.w.org\/{rel}","templated":true}]}}