{"id":8874,"date":"2025-11-20T18:08:17","date_gmt":"2025-11-20T15:08:17","guid":{"rendered":"https:\/\/leinfelder-juweler.com\/?post_type=product&#038;p=8874"},"modified":"2025-11-20T19:58:35","modified_gmt":"2025-11-20T16:58:35","slug":"vario-ohrschmuck-set-91","status":"publish","type":"product","link":"https:\/\/leinfelder-juweler.com\/en\/product\/vario-ohrschmuck-set-91\/","title":{"rendered":"Vario Ohrschmuck Set"},"content":{"rendered":"<p><strong>Vario Ohrschmuck Set aus Ohrsteckern und Einh\u00e4ngern: <\/strong><\/p>\n<p><strong>Oberteile:\u00a0<\/strong>Ohrstecker \u201eVario\u201c<span> mit\u00a0234 Brillanten<\/span><\/p>\n<p><strong>Material: <\/strong>750 Wei\u00dfgold<\/p>\n<p><strong>Stones:\u00a0<\/strong>234 Brillanten<span>\u00a0<\/span>gesamt<span>\u00a0<\/span>2,46 ct tw vsi<\/p>\n<p><strong>Einh\u00e4nger:<\/strong>\u00a0Einh\u00e4nger mit Brillanten\u00a0und grauen Mondsteinpampeln<\/p>\n<p><strong>Material:\u00a0<\/strong>750 Wei\u00dfgold<\/p>\n<p><strong>Stones: <\/strong>2 Brillanten = 0,48 ct tw vsi \u00d8 4,0 mm und grauen Mondsteinpampeln<\/p>\n<p>20 x 12,4 mm<\/p>\n<p style=\"margin: 0cm; margin-bottom: .0001pt;\"><b style=\"mso-bidi-font-weight: normal;\"><span style=\"font-size: 11.0pt; font-family: 'Calibri',sans-serif; mso-ascii-theme-font: minor-latin; mso-hansi-theme-font: minor-latin; mso-bidi-theme-font: minor-latin;\">Unser Vario Ohrschmuck aus 750 Gelb- oder Wei\u00dfgold bietet vielseitige Kombinationsm\u00f6glichkeiten. Die Oberteile k\u00f6nnen separat getragen werden und lassen sich mit einer Vielzahl von Einh\u00e4ngern erg\u00e4nzen. <\/span><\/b><\/p>\n<p style=\"margin: 0cm; margin-bottom: .0001pt;\"><b style=\"mso-bidi-font-weight: normal;\"><span style=\"font-size: 11.0pt; font-family: 'Calibri',sans-serif; mso-ascii-theme-font: minor-latin; mso-hansi-theme-font: minor-latin; mso-bidi-theme-font: minor-latin;\">\u00a0<\/span><\/b><\/p>\n<p style=\"margin: 0cm; margin-bottom: .0001pt;\"><b style=\"mso-bidi-font-weight: normal;\"><span style=\"font-size: 11.0pt; font-family: 'Calibri',sans-serif; mso-ascii-theme-font: minor-latin; mso-hansi-theme-font: minor-latin; mso-bidi-theme-font: minor-latin;\">Bezaubernd, anmutig und vielseitig, eine Bereicherung f\u00fcr jeden Anlass. <\/span><\/b><\/p>\n<p style=\"margin: 0cm; margin-bottom: .0001pt;\"><b style=\"mso-bidi-font-weight: normal;\"><span style=\"font-size: 11.0pt; font-family: 'Calibri',sans-serif; mso-ascii-theme-font: minor-latin; mso-hansi-theme-font: minor-latin; mso-bidi-theme-font: minor-latin;\">Das Auswechseln der Einh\u00e4nger ist einfach und sicher. <\/span><\/b><\/p>\n<p style=\"margin: 0cm; margin-bottom: .0001pt;\"><b style=\"mso-bidi-font-weight: normal;\"><span style=\"font-size: 11.0pt; font-family: 'Calibri',sans-serif; mso-ascii-theme-font: minor-latin; mso-hansi-theme-font: minor-latin; mso-bidi-theme-font: minor-latin;\">Die Oberteile sind als Clip oder Stecker erh\u00e4ltlich.<\/span><\/b><strong><\/strong><\/p>\n<p style=\"margin: 0cm; margin-bottom: .0001pt;\">\u00a0<\/p>\n<p><strong>\u00dcber 230 Brillanten erzeugen ein wahres Feuerwerk in diesen beeindruckenden Ohrringen.<\/strong><\/p>\n<p><strong>Die Einh\u00e4nger mit den anthrazitfarbenen Mondsteinpampeln sind eine perfekte Erg\u00e4nzung.<\/strong><\/p>\n<div>\n<strong><\/strong>\n<\/div>","protected":false},"excerpt":{"rendered":"<p>Vario Ohrschmuck Set aus Ohrsteckern und Einh\u00e4ngern: Oberteile:\u00a0Ohrstecker \u201eVario\u201c mit\u00a0234 Brillanten Material: 750 Wei\u00dfgold Steine:\u00a0234 Brillanten\u00a0gesamt\u00a02,46 ct tw vsi Einh\u00e4nger:\u00a0Einh\u00e4nger mit Brillanten\u00a0und grauen Mondsteinpampeln Material:\u00a0750 Wei\u00dfgold Steine: 2 Brillanten = 0,48 ct tw vsi \u00d8 4,0 mm und grauen Mondsteinpampeln 20 x 12,4 mm Unser Vario Ohrschmuck aus 750 Gelb- oder Wei\u00dfgold bietet vielseitige Kombinationsm\u00f6glichkeiten. [&hellip;]<\/p>","protected":false},"featured_media":10043,"comment_status":"open","ping_status":"closed","template":"","meta":{"_acf_changed":false,"_et_pb_use_builder":"","_et_pb_old_content":"","_et_gb_content_width":"","inline_featured_image":false},"product_brand":[332],"product_cat":[331],"product_tag":[],"class_list":{"0":"post-8874","1":"product","2":"type-product","3":"status-publish","4":"has-post-thumbnail","6":"product_brand-leinfelder","7":"product_cat-ohrschmuck","9":"first","10":"outofstock","11":"shipping-taxable","12":"purchasable","13":"product-type-simple"},"acf":[],"_links":{"self":[{"href":"https:\/\/leinfelder-juweler.com\/en\/wp-json\/wp\/v2\/product\/8874","targetHints":{"allow":["GET"]}}],"collection":[{"href":"https:\/\/leinfelder-juweler.com\/en\/wp-json\/wp\/v2\/product"}],"about":[{"href":"https:\/\/leinfelder-juweler.com\/en\/wp-json\/wp\/v2\/types\/product"}],"replies":[{"embeddable":true,"href":"https:\/\/leinfelder-juweler.com\/en\/wp-json\/wp\/v2\/comments?post=8874"}],"wp:featuredmedia":[{"embeddable":true,"href":"https:\/\/leinfelder-juweler.com\/en\/wp-json\/wp\/v2\/media\/10043"}],"wp:attachment":[{"href":"https:\/\/leinfelder-juweler.com\/en\/wp-json\/wp\/v2\/media?parent=8874"}],"wp:term":[{"taxonomy":"product_brand","embeddable":true,"href":"https:\/\/leinfelder-juweler.com\/en\/wp-json\/wp\/v2\/product_brand?post=8874"},{"taxonomy":"product_cat","embeddable":true,"href":"https:\/\/leinfelder-juweler.com\/en\/wp-json\/wp\/v2\/product_cat?post=8874"},{"taxonomy":"product_tag","embeddable":true,"href":"https:\/\/leinfelder-juweler.com\/en\/wp-json\/wp\/v2\/product_tag?post=8874"}],"curies":[{"name":"wp","href":"https:\/\/api.w.org\/{rel}","templated":true}]}}