{"id":8876,"date":"2025-11-20T18:08:18","date_gmt":"2025-11-20T15:08:18","guid":{"rendered":"https:\/\/leinfelder-juweler.com\/?post_type=product&#038;p=8876"},"modified":"2025-11-20T19:58:45","modified_gmt":"2025-11-20T16:58:45","slug":"vario-einhaenger-fuer-halsschmuck","status":"publish","type":"product","link":"https:\/\/leinfelder-juweler.com\/en\/product\/vario-einhaenger-fuer-halsschmuck\/","title":{"rendered":"Vario Einh\u00e4nger f\u00fcr Halsschmuck"},"content":{"rendered":"<p><strong>Vario Einh\u00e4nger f\u00fcr Halsschmuck<\/strong><\/p>\n<p><strong>Material:\u00a0<\/strong>750 Wei\u00dfgold<\/p>\n<p><strong>Stones: <\/strong>Ein\u00a0Brillant 0,24 ct tw vsi \u00d8 4,0 mm und eine graue Mondsteinpampel 20 x 12,4 mm<\/p>\n<p class=\"MsoNormal\" style=\"margin-bottom: .0001pt;\"><b style=\"mso-bidi-font-weight: normal;\">Verwandeln Sie Ihren Vario Halschmuck im Handumdrehen \u2013 mit unseren Vario Einh\u00e4ngern erg\u00e4nzen Sie die Anh\u00e4nger-Oberteile individuell und immer wieder neu. Ob funkelnd oder dezent: Die austauschbaren Elemente setzen pers\u00f6nliche Akzente und machen jedes Ensemble zum Ausdruck Ihres Stils.<\/b><\/p>","protected":false},"excerpt":{"rendered":"<p>Vario Einh\u00e4nger f\u00fcr Halsschmuck Material:\u00a0750 Wei\u00dfgold Steine: Ein\u00a0Brillant 0,24 ct tw vsi \u00d8 4,0 mm und eine graue Mondsteinpampel 20 x 12,4 mm Verwandeln Sie Ihren Vario Halschmuck im Handumdrehen \u2013 mit unseren Vario Einh\u00e4ngern erg\u00e4nzen Sie die Anh\u00e4nger-Oberteile individuell und immer wieder neu. Ob funkelnd oder dezent: Die austauschbaren Elemente setzen pers\u00f6nliche Akzente und [&hellip;]<\/p>","protected":false},"featured_media":10045,"comment_status":"open","ping_status":"closed","template":"","meta":{"_acf_changed":false,"_et_pb_use_builder":"","_et_pb_old_content":"","_et_gb_content_width":"","inline_featured_image":false},"product_brand":[332],"product_cat":[331],"product_tag":[],"class_list":{"0":"post-8876","1":"product","2":"type-product","3":"status-publish","4":"has-post-thumbnail","6":"product_brand-leinfelder","7":"product_cat-ohrschmuck","9":"first","10":"instock","11":"shipping-taxable","12":"purchasable","13":"product-type-simple"},"acf":[],"_links":{"self":[{"href":"https:\/\/leinfelder-juweler.com\/en\/wp-json\/wp\/v2\/product\/8876","targetHints":{"allow":["GET"]}}],"collection":[{"href":"https:\/\/leinfelder-juweler.com\/en\/wp-json\/wp\/v2\/product"}],"about":[{"href":"https:\/\/leinfelder-juweler.com\/en\/wp-json\/wp\/v2\/types\/product"}],"replies":[{"embeddable":true,"href":"https:\/\/leinfelder-juweler.com\/en\/wp-json\/wp\/v2\/comments?post=8876"}],"wp:featuredmedia":[{"embeddable":true,"href":"https:\/\/leinfelder-juweler.com\/en\/wp-json\/wp\/v2\/media\/10045"}],"wp:attachment":[{"href":"https:\/\/leinfelder-juweler.com\/en\/wp-json\/wp\/v2\/media?parent=8876"}],"wp:term":[{"taxonomy":"product_brand","embeddable":true,"href":"https:\/\/leinfelder-juweler.com\/en\/wp-json\/wp\/v2\/product_brand?post=8876"},{"taxonomy":"product_cat","embeddable":true,"href":"https:\/\/leinfelder-juweler.com\/en\/wp-json\/wp\/v2\/product_cat?post=8876"},{"taxonomy":"product_tag","embeddable":true,"href":"https:\/\/leinfelder-juweler.com\/en\/wp-json\/wp\/v2\/product_tag?post=8876"}],"curies":[{"name":"wp","href":"https:\/\/api.w.org\/{rel}","templated":true}]}}