{"id":8877,"date":"2025-11-20T18:08:18","date_gmt":"2025-11-20T15:08:18","guid":{"rendered":"https:\/\/leinfelder-juweler.com\/?post_type=product&#038;p=8877"},"modified":"2025-11-20T19:58:52","modified_gmt":"2025-11-20T16:58:52","slug":"ring-mit-ebenholz-und-rubellit","status":"publish","type":"product","link":"https:\/\/leinfelder-juweler.com\/en\/product\/ring-mit-ebenholz-und-rubellit\/","title":{"rendered":"Ring mit Ebenholz und Rubellit"},"content":{"rendered":"<p><strong><\/strong><strong>Material: <\/strong>750 Gelbgold, Ebenholz<\/p>\n<p><strong>Stein: <\/strong>Rubellit 1,81 ct 9 x 7 mm facettiert oval<\/p>\n<p><strong>Dieser traumhafte Bandring aus 750er Gelbgold verbindet auf elegante Weise die W\u00e4rme des Ebenholzes mit der strahlenden Sch\u00f6nheit des Rubellits. Jedes Detail wurde sorgf\u00e4ltig von Hand gefertigt und verleiht dem Ring seine einzigartige Pers\u00f6nlichkeit.<\/strong><\/p>\n<p><strong><\/strong><b data-mce-fragment=\"1\">Hinweis: <\/b>Unsere Ringe sind in der angegebenen Gr\u00f6\u00dfe sofort lieferbar. Sollten sie sich einen Ring in einer anderen Gr\u00f6\u00dfe w\u00fcnschen, kontaktieren sie uns bitte. Wir informieren sie gerne \u00fcber die M\u00f6glichkeit und Dauer von Gr\u00f6\u00dfenanpassungen.<\/p>","protected":false},"excerpt":{"rendered":"<p>Material: 750 Gelbgold, Ebenholz Stein: Rubellit 1,81 ct 9 x 7 mm facettiert oval Dieser traumhafte Bandring aus 750er Gelbgold verbindet auf elegante Weise die W\u00e4rme des Ebenholzes mit der strahlenden Sch\u00f6nheit des Rubellits. Jedes Detail wurde sorgf\u00e4ltig von Hand gefertigt und verleiht dem Ring seine einzigartige Pers\u00f6nlichkeit. Hinweis: Unsere Ringe sind in der angegebenen [&hellip;]<\/p>","protected":false},"featured_media":10046,"comment_status":"open","ping_status":"closed","template":"","meta":{"_acf_changed":false,"_et_pb_use_builder":"","_et_pb_old_content":"","_et_gb_content_width":"","inline_featured_image":false},"product_brand":[332],"product_cat":[295],"product_tag":[],"class_list":{"0":"post-8877","1":"product","2":"type-product","3":"status-publish","4":"has-post-thumbnail","6":"product_brand-leinfelder","7":"product_cat-ringe","9":"first","10":"outofstock","11":"shipping-taxable","12":"purchasable","13":"product-type-simple"},"acf":[],"_links":{"self":[{"href":"https:\/\/leinfelder-juweler.com\/en\/wp-json\/wp\/v2\/product\/8877","targetHints":{"allow":["GET"]}}],"collection":[{"href":"https:\/\/leinfelder-juweler.com\/en\/wp-json\/wp\/v2\/product"}],"about":[{"href":"https:\/\/leinfelder-juweler.com\/en\/wp-json\/wp\/v2\/types\/product"}],"replies":[{"embeddable":true,"href":"https:\/\/leinfelder-juweler.com\/en\/wp-json\/wp\/v2\/comments?post=8877"}],"wp:featuredmedia":[{"embeddable":true,"href":"https:\/\/leinfelder-juweler.com\/en\/wp-json\/wp\/v2\/media\/10046"}],"wp:attachment":[{"href":"https:\/\/leinfelder-juweler.com\/en\/wp-json\/wp\/v2\/media?parent=8877"}],"wp:term":[{"taxonomy":"product_brand","embeddable":true,"href":"https:\/\/leinfelder-juweler.com\/en\/wp-json\/wp\/v2\/product_brand?post=8877"},{"taxonomy":"product_cat","embeddable":true,"href":"https:\/\/leinfelder-juweler.com\/en\/wp-json\/wp\/v2\/product_cat?post=8877"},{"taxonomy":"product_tag","embeddable":true,"href":"https:\/\/leinfelder-juweler.com\/en\/wp-json\/wp\/v2\/product_tag?post=8877"}],"curies":[{"name":"wp","href":"https:\/\/api.w.org\/{rel}","templated":true}]}}