{"id":8878,"date":"2025-11-20T18:08:18","date_gmt":"2025-11-20T15:08:18","guid":{"rendered":"https:\/\/leinfelder-juweler.com\/?post_type=product&#038;p=8878"},"modified":"2025-11-20T19:58:59","modified_gmt":"2025-11-20T16:58:59","slug":"ring-mit-aquamarin-5","status":"publish","type":"product","link":"https:\/\/leinfelder-juweler.com\/en\/product\/ring-mit-aquamarin-5\/","title":{"rendered":"Ring mit Aquamarin"},"content":{"rendered":"<p><strong>Ring mit Aquamarin<\/strong><\/p>\n<p><strong>Material:\u00a0<\/strong>750 Yellow Gold<\/p>\n<p><strong>Stein: <\/strong>Aquamarin 2,96 ct quer 10,6 x 8,9 mm facettiert oval<\/p>\n<p><strong data-mce-fragment=\"1\"><b style=\"mso-bidi-font-weight: normal;\"><span style=\"font-size: 11.0pt; line-height: 115%; font-family: 'Calibri',sans-serif; mso-ascii-theme-font: minor-latin; mso-fareast-font-family: Calibri; mso-fareast-theme-font: minor-latin; mso-hansi-theme-font: minor-latin; mso-bidi-font-family: 'Times New Roman'; mso-bidi-theme-font: minor-bidi; mso-ansi-language: DE; mso-fareast-language: EN-US; mso-bidi-language: AR-SA;\">Unsere Schmuck-Linie &#8218;Klassik&#8216; besticht durch zeitlose Harmonie und feine Details. Die Kollektion umfasst Ohrschmuck, Ringe, Anh\u00e4nger und Armb\u00e4nder aus 750 Gelb-, Ros\u00e9- und Wei\u00dfgold, veredelt mit hochwertigen, farbigen Edelsteinen im Cabochon- und Facettenschliff. <\/span><\/b><\/strong><\/p>\n<p><strong data-mce-fragment=\"1\"><b style=\"mso-bidi-font-weight: normal;\"><span style=\"font-size: 11.0pt; line-height: 115%; font-family: 'Calibri',sans-serif; mso-ascii-theme-font: minor-latin; mso-fareast-font-family: Calibri; mso-fareast-theme-font: minor-latin; mso-hansi-theme-font: minor-latin; mso-bidi-font-family: 'Times New Roman'; mso-bidi-theme-font: minor-bidi; mso-ansi-language: DE; mso-fareast-language: EN-US; mso-bidi-language: AR-SA;\">Das typische Design von Leinfelder verleiht diesem Ring aus 750er Gelbgold seine klassische Eleganz. Der hellblaue Aquamarin l\u00e4sst uns von Sonne und Meer tr\u00e4umen.<\/span><\/b><\/strong><\/p>\n<p><strong><\/strong><b>Hinweis: <\/b>Unsere Ringe sind in der angegebenen Gr\u00f6\u00dfe sofort lieferbar. Sollten sie sich einen Ring in einer anderen Gr\u00f6\u00dfe w\u00fcnschen, kontaktieren sie uns bitte. Wir informieren sie gerne \u00fcber die M\u00f6glichkeit und Dauer von Gr\u00f6\u00dfenanpassungen.<\/p>\n<p><\/p>","protected":false},"excerpt":{"rendered":"<p>Ring mit Aquamarin Material:\u00a0750 Gelbgold Stein: Aquamarin 2,96 ct quer 10,6 x 8,9 mm facettiert oval Unsere Schmuck-Linie &#8218;Klassik&#8216; besticht durch zeitlose Harmonie und feine Details. Die Kollektion umfasst Ohrschmuck, Ringe, Anh\u00e4nger und Armb\u00e4nder aus 750 Gelb-, Ros\u00e9- und Wei\u00dfgold, veredelt mit hochwertigen, farbigen Edelsteinen im Cabochon- und Facettenschliff. Das typische Design von Leinfelder verleiht [&hellip;]<\/p>","protected":false},"featured_media":10047,"comment_status":"open","ping_status":"closed","template":"","meta":{"_acf_changed":false,"_et_pb_use_builder":"","_et_pb_old_content":"","_et_gb_content_width":"","inline_featured_image":false},"product_brand":[332],"product_cat":[295],"product_tag":[],"class_list":{"0":"post-8878","1":"product","2":"type-product","3":"status-publish","4":"has-post-thumbnail","6":"product_brand-leinfelder","7":"product_cat-ringe","9":"first","10":"outofstock","11":"shipping-taxable","12":"purchasable","13":"product-type-simple"},"acf":[],"_links":{"self":[{"href":"https:\/\/leinfelder-juweler.com\/en\/wp-json\/wp\/v2\/product\/8878","targetHints":{"allow":["GET"]}}],"collection":[{"href":"https:\/\/leinfelder-juweler.com\/en\/wp-json\/wp\/v2\/product"}],"about":[{"href":"https:\/\/leinfelder-juweler.com\/en\/wp-json\/wp\/v2\/types\/product"}],"replies":[{"embeddable":true,"href":"https:\/\/leinfelder-juweler.com\/en\/wp-json\/wp\/v2\/comments?post=8878"}],"wp:featuredmedia":[{"embeddable":true,"href":"https:\/\/leinfelder-juweler.com\/en\/wp-json\/wp\/v2\/media\/10047"}],"wp:attachment":[{"href":"https:\/\/leinfelder-juweler.com\/en\/wp-json\/wp\/v2\/media?parent=8878"}],"wp:term":[{"taxonomy":"product_brand","embeddable":true,"href":"https:\/\/leinfelder-juweler.com\/en\/wp-json\/wp\/v2\/product_brand?post=8878"},{"taxonomy":"product_cat","embeddable":true,"href":"https:\/\/leinfelder-juweler.com\/en\/wp-json\/wp\/v2\/product_cat?post=8878"},{"taxonomy":"product_tag","embeddable":true,"href":"https:\/\/leinfelder-juweler.com\/en\/wp-json\/wp\/v2\/product_tag?post=8878"}],"curies":[{"name":"wp","href":"https:\/\/api.w.org\/{rel}","templated":true}]}}