{"id":8880,"date":"2025-11-20T18:08:19","date_gmt":"2025-11-20T15:08:19","guid":{"rendered":"https:\/\/leinfelder-juweler.com\/?post_type=product&#038;p=8880"},"modified":"2025-11-20T19:59:12","modified_gmt":"2025-11-20T16:59:12","slug":"vario-ohrschmuck-set-92","status":"publish","type":"product","link":"https:\/\/leinfelder-juweler.com\/en\/product\/vario-ohrschmuck-set-92\/","title":{"rendered":"Vario Ohrschmuck Set"},"content":{"rendered":"<p data-mce-fragment=\"1\"><strong data-mce-fragment=\"1\">Vario Ohrschmuck Set aus Ohrsteckern und Einh\u00e4ngern: <\/strong><\/p>\n<p data-mce-fragment=\"1\"><strong data-mce-fragment=\"1\">Oberteile:\u00a0Ohrstecker \u201eVario\u201c\u00a0mit Turmalinen<br data-mce-fragment=\"1\"><\/strong><\/p>\n<p data-mce-fragment=\"1\"><strong data-mce-fragment=\"1\">Material: <\/strong>750 Yellow Gold<\/p>\n<p><strong data-mce-fragment=\"1\">Stones: <\/strong>2<strong data-mce-fragment=\"1\"> <\/strong>Turmaline 5,30 ct 9,5 x 7,6 mm facettiert oval<\/p>\n<p><strong>Einh\u00e4nger:<br \/><\/strong><\/p>\n<p><strong>Material:\u00a0<\/strong>750 Yellow Gold<\/p>\n<p><strong>Stones: <\/strong>2 Starlite \u00d8 7mm = 4,31 ct, 4 Aquamarine \u00d8 4 mm = 0,96 ct, 2 Turmaline \u00d8 5,5 mm = 1,32 ct und 2 Tsavorite \u00d8 5 mm = 1,15 ct<\/p>","protected":false},"excerpt":{"rendered":"<p>Vario Ohrschmuck Set aus Ohrsteckern und Einh\u00e4ngern: Oberteile:\u00a0Ohrstecker \u201eVario\u201c\u00a0mit Turmalinen Material: 750 Gelbgold Steine: 2 Turmaline 5,30 ct 9,5 x 7,6 mm facettiert oval Einh\u00e4nger: Material:\u00a0750 Gelbgold Steine: 2 Starlite \u00d8 7mm = 4,31 ct, 4 Aquamarine \u00d8 4 mm = 0,96 ct, 2 Turmaline \u00d8 5,5 mm = 1,32 ct und 2 Tsavorite \u00d8 [&hellip;]<\/p>","protected":false},"featured_media":10049,"comment_status":"open","ping_status":"closed","template":"","meta":{"_acf_changed":false,"_et_pb_use_builder":"","_et_pb_old_content":"","_et_gb_content_width":"","inline_featured_image":false},"product_brand":[332],"product_cat":[331],"product_tag":[],"class_list":{"0":"post-8880","1":"product","2":"type-product","3":"status-publish","4":"has-post-thumbnail","6":"product_brand-leinfelder","7":"product_cat-ohrschmuck","9":"first","10":"outofstock","11":"shipping-taxable","12":"purchasable","13":"product-type-simple"},"acf":[],"_links":{"self":[{"href":"https:\/\/leinfelder-juweler.com\/en\/wp-json\/wp\/v2\/product\/8880","targetHints":{"allow":["GET"]}}],"collection":[{"href":"https:\/\/leinfelder-juweler.com\/en\/wp-json\/wp\/v2\/product"}],"about":[{"href":"https:\/\/leinfelder-juweler.com\/en\/wp-json\/wp\/v2\/types\/product"}],"replies":[{"embeddable":true,"href":"https:\/\/leinfelder-juweler.com\/en\/wp-json\/wp\/v2\/comments?post=8880"}],"wp:featuredmedia":[{"embeddable":true,"href":"https:\/\/leinfelder-juweler.com\/en\/wp-json\/wp\/v2\/media\/10049"}],"wp:attachment":[{"href":"https:\/\/leinfelder-juweler.com\/en\/wp-json\/wp\/v2\/media?parent=8880"}],"wp:term":[{"taxonomy":"product_brand","embeddable":true,"href":"https:\/\/leinfelder-juweler.com\/en\/wp-json\/wp\/v2\/product_brand?post=8880"},{"taxonomy":"product_cat","embeddable":true,"href":"https:\/\/leinfelder-juweler.com\/en\/wp-json\/wp\/v2\/product_cat?post=8880"},{"taxonomy":"product_tag","embeddable":true,"href":"https:\/\/leinfelder-juweler.com\/en\/wp-json\/wp\/v2\/product_tag?post=8880"}],"curies":[{"name":"wp","href":"https:\/\/api.w.org\/{rel}","templated":true}]}}