{"id":8885,"date":"2025-11-20T18:08:21","date_gmt":"2025-11-20T15:08:21","guid":{"rendered":"https:\/\/leinfelder-juweler.com\/?post_type=product&#038;p=8885"},"modified":"2025-11-20T19:59:43","modified_gmt":"2025-11-20T16:59:43","slug":"ring-mit-turmalin-starliten-und-brillanten","status":"publish","type":"product","link":"https:\/\/leinfelder-juweler.com\/en\/product\/ring-mit-turmalin-starliten-und-brillanten\/","title":{"rendered":"Ring mit Turmalin, Starliten und Brillanten"},"content":{"rendered":"<p><strong>Ring\u00a0mit Turmalin,\u00a0Starliten und Brillanten<\/strong><\/p>\n<p><strong>Material:\u00a0<\/strong>750 Yellow Gold<\/p>\n<p><strong>Stones:\u00a0<\/strong>Turmalin 1,75 ct <span>\u00a0<\/span>l\u00e4ngs\u00a09 x 7 mm facettiert oval,\u00a02 Starliten<span>\u00a0 <\/span>\u00d8 4 mm = 0,82 ct und 108 Brillanten \u00d8 0,95 \u2013 1,55 mm,\u00a0gesamt 0,872 ct tw vsi<\/p>\n<p><strong>Die Symbiose zwischen dem gr\u00fcnen Turmallin im Facettenschliff und den funkelnden Starliten vermitteln den Reiz dieses Ringes. Gekr\u00f6nt wird dieser Effekt noch durch \u00fcber hundert Brillanten, jeder einzelne von Hand gefasst.<br \/><\/strong><\/p>\n<p>\u00a0<\/p>\n<p><strong><\/strong><b>Hinweis: <\/b>Unsere Ringe sind in der angegebenen Gr\u00f6\u00dfe sofort lieferbar. Sollten sie sich einen Ring in einer anderen Gr\u00f6\u00dfe w\u00fcnschen, kontaktieren sie uns bitte. Wir informieren sie gerne \u00fcber die M\u00f6glichkeit und Dauer von Gr\u00f6\u00dfenanpassungen.<\/p>","protected":false},"excerpt":{"rendered":"<p>Ring\u00a0mit Turmalin,\u00a0Starliten und Brillanten Material:\u00a0750 Gelbgold Steine:\u00a0Turmalin 1,75 ct \u00a0l\u00e4ngs\u00a09 x 7 mm facettiert oval,\u00a02 Starliten\u00a0 \u00d8 4 mm = 0,82 ct und 108 Brillanten \u00d8 0,95 \u2013 1,55 mm,\u00a0gesamt 0,872 ct tw vsi Die Symbiose zwischen dem gr\u00fcnen Turmallin im Facettenschliff und den funkelnden Starliten vermitteln den Reiz dieses Ringes. Gekr\u00f6nt wird dieser Effekt [&hellip;]<\/p>","protected":false},"featured_media":10054,"comment_status":"open","ping_status":"closed","template":"","meta":{"_acf_changed":false,"_et_pb_use_builder":"","_et_pb_old_content":"","_et_gb_content_width":"","inline_featured_image":false},"product_brand":[332],"product_cat":[295],"product_tag":[],"class_list":{"0":"post-8885","1":"product","2":"type-product","3":"status-publish","4":"has-post-thumbnail","6":"product_brand-leinfelder","7":"product_cat-ringe","9":"first","10":"outofstock","11":"shipping-taxable","12":"purchasable","13":"product-type-simple"},"acf":[],"_links":{"self":[{"href":"https:\/\/leinfelder-juweler.com\/en\/wp-json\/wp\/v2\/product\/8885","targetHints":{"allow":["GET"]}}],"collection":[{"href":"https:\/\/leinfelder-juweler.com\/en\/wp-json\/wp\/v2\/product"}],"about":[{"href":"https:\/\/leinfelder-juweler.com\/en\/wp-json\/wp\/v2\/types\/product"}],"replies":[{"embeddable":true,"href":"https:\/\/leinfelder-juweler.com\/en\/wp-json\/wp\/v2\/comments?post=8885"}],"wp:featuredmedia":[{"embeddable":true,"href":"https:\/\/leinfelder-juweler.com\/en\/wp-json\/wp\/v2\/media\/10054"}],"wp:attachment":[{"href":"https:\/\/leinfelder-juweler.com\/en\/wp-json\/wp\/v2\/media?parent=8885"}],"wp:term":[{"taxonomy":"product_brand","embeddable":true,"href":"https:\/\/leinfelder-juweler.com\/en\/wp-json\/wp\/v2\/product_brand?post=8885"},{"taxonomy":"product_cat","embeddable":true,"href":"https:\/\/leinfelder-juweler.com\/en\/wp-json\/wp\/v2\/product_cat?post=8885"},{"taxonomy":"product_tag","embeddable":true,"href":"https:\/\/leinfelder-juweler.com\/en\/wp-json\/wp\/v2\/product_tag?post=8885"}],"curies":[{"name":"wp","href":"https:\/\/api.w.org\/{rel}","templated":true}]}}