{"id":8888,"date":"2025-11-20T18:08:22","date_gmt":"2025-11-20T15:08:22","guid":{"rendered":"https:\/\/leinfelder-juweler.com\/?post_type=product&#038;p=8888"},"modified":"2025-11-20T20:00:01","modified_gmt":"2025-11-20T17:00:01","slug":"einhaenger-fuer-klappcreolen-mit-aquamarinen-2","status":"publish","type":"product","link":"https:\/\/leinfelder-juweler.com\/en\/product\/einhaenger-fuer-klappcreolen-mit-aquamarinen-2\/","title":{"rendered":"Einh\u00e4nger f\u00fcr Klappcreolen mit Aquamarinen"},"content":{"rendered":"<p><strong>Einh\u00e4nger f\u00fcr\u00a0Klappcreolen<\/strong><\/p>\n<p><strong>Material: <\/strong>750 Yellow Gold<\/p>\n<p><strong>Stones:\u00a0<\/strong>1,38 ct Aquamarine\u00a0\u00d8 6 mm rund facettiert<\/p>","protected":false},"excerpt":{"rendered":"<p>Einh\u00e4nger f\u00fcr\u00a0Klappcreolen Material: 750 Gelbgold Steine:\u00a01,38 ct Aquamarine\u00a0\u00d8 6 mm rund facettiert<\/p>","protected":false},"featured_media":10057,"comment_status":"open","ping_status":"closed","template":"","meta":{"_acf_changed":false,"_et_pb_use_builder":"","_et_pb_old_content":"","_et_gb_content_width":"","inline_featured_image":false},"product_brand":[332],"product_cat":[331],"product_tag":[],"class_list":{"0":"post-8888","1":"product","2":"type-product","3":"status-publish","4":"has-post-thumbnail","6":"product_brand-leinfelder","7":"product_cat-ohrschmuck","9":"first","10":"outofstock","11":"shipping-taxable","12":"purchasable","13":"product-type-simple"},"acf":[],"_links":{"self":[{"href":"https:\/\/leinfelder-juweler.com\/en\/wp-json\/wp\/v2\/product\/8888","targetHints":{"allow":["GET"]}}],"collection":[{"href":"https:\/\/leinfelder-juweler.com\/en\/wp-json\/wp\/v2\/product"}],"about":[{"href":"https:\/\/leinfelder-juweler.com\/en\/wp-json\/wp\/v2\/types\/product"}],"replies":[{"embeddable":true,"href":"https:\/\/leinfelder-juweler.com\/en\/wp-json\/wp\/v2\/comments?post=8888"}],"wp:featuredmedia":[{"embeddable":true,"href":"https:\/\/leinfelder-juweler.com\/en\/wp-json\/wp\/v2\/media\/10057"}],"wp:attachment":[{"href":"https:\/\/leinfelder-juweler.com\/en\/wp-json\/wp\/v2\/media?parent=8888"}],"wp:term":[{"taxonomy":"product_brand","embeddable":true,"href":"https:\/\/leinfelder-juweler.com\/en\/wp-json\/wp\/v2\/product_brand?post=8888"},{"taxonomy":"product_cat","embeddable":true,"href":"https:\/\/leinfelder-juweler.com\/en\/wp-json\/wp\/v2\/product_cat?post=8888"},{"taxonomy":"product_tag","embeddable":true,"href":"https:\/\/leinfelder-juweler.com\/en\/wp-json\/wp\/v2\/product_tag?post=8888"}],"curies":[{"name":"wp","href":"https:\/\/api.w.org\/{rel}","templated":true}]}}