{"id":8893,"date":"2025-11-20T18:08:39","date_gmt":"2025-11-20T15:08:39","guid":{"rendered":"https:\/\/leinfelder-juweler.com\/?post_type=product&#038;p=8893"},"modified":"2025-11-20T20:00:32","modified_gmt":"2025-11-20T17:00:32","slug":"ring-mit-turmalin-und-brillanten","status":"publish","type":"product","link":"https:\/\/leinfelder-juweler.com\/en\/product\/ring-mit-turmalin-und-brillanten\/","title":{"rendered":"Ring mit Turmalin und Brillanten"},"content":{"rendered":"<p><strong>Ring\u00a0mit Turmalin und Diamant Tropfen<\/strong><\/p>\n<p><strong>Material:\u00a0<\/strong>750 Yellow Gold<\/p>\n<p><strong>Stones:\u00a0<\/strong>Turmalin 8-eck\u00a07 x 6,5 mm facettiert und 2 Brillanten\u00a0\u00d8 4 mm = 0,48 ct tw vsi<\/p>\n<p><strong>Die Symbiose zwischen dem achteckigen leuchtend gr\u00fcnen Turmalin und den Brillanten, die seitlich an der Ringschiene angebracht sind, vermitteln den Reiz dieses Ringes.<\/strong><\/p>\n<p>\u00a0<\/p>\n<div><\/div>\n<p><strong><\/strong><b>Hinweis: <\/b>Unsere Ringe sind in der angegebenen Gr\u00f6\u00dfe sofort lieferbar. Sollten sie sich einen Ring in einer anderen Gr\u00f6\u00dfe w\u00fcnschen, kontaktieren sie uns bitte. Wir informieren sie gerne \u00fcber die M\u00f6glichkeit und Dauer von Gr\u00f6\u00dfenanpassungen.<\/p>","protected":false},"excerpt":{"rendered":"<p>Ring\u00a0mit Turmalin und Diamant Tropfen Material:\u00a0750 Gelbgold Steine:\u00a0Turmalin 8-eck\u00a07 x 6,5 mm facettiert und 2 Brillanten\u00a0\u00d8 4 mm = 0,48 ct tw vsi Die Symbiose zwischen dem achteckigen leuchtend gr\u00fcnen Turmalin und den Brillanten, die seitlich an der Ringschiene angebracht sind, vermitteln den Reiz dieses Ringes. \u00a0 Hinweis: Unsere Ringe sind in der angegebenen Gr\u00f6\u00dfe [&hellip;]<\/p>","protected":false},"featured_media":10062,"comment_status":"open","ping_status":"closed","template":"","meta":{"_acf_changed":false,"_et_pb_use_builder":"","_et_pb_old_content":"","_et_gb_content_width":"","inline_featured_image":false},"product_brand":[332],"product_cat":[295],"product_tag":[],"class_list":{"0":"post-8893","1":"product","2":"type-product","3":"status-publish","4":"has-post-thumbnail","6":"product_brand-leinfelder","7":"product_cat-ringe","9":"first","10":"outofstock","11":"shipping-taxable","12":"purchasable","13":"product-type-simple"},"acf":[],"_links":{"self":[{"href":"https:\/\/leinfelder-juweler.com\/en\/wp-json\/wp\/v2\/product\/8893","targetHints":{"allow":["GET"]}}],"collection":[{"href":"https:\/\/leinfelder-juweler.com\/en\/wp-json\/wp\/v2\/product"}],"about":[{"href":"https:\/\/leinfelder-juweler.com\/en\/wp-json\/wp\/v2\/types\/product"}],"replies":[{"embeddable":true,"href":"https:\/\/leinfelder-juweler.com\/en\/wp-json\/wp\/v2\/comments?post=8893"}],"wp:featuredmedia":[{"embeddable":true,"href":"https:\/\/leinfelder-juweler.com\/en\/wp-json\/wp\/v2\/media\/10062"}],"wp:attachment":[{"href":"https:\/\/leinfelder-juweler.com\/en\/wp-json\/wp\/v2\/media?parent=8893"}],"wp:term":[{"taxonomy":"product_brand","embeddable":true,"href":"https:\/\/leinfelder-juweler.com\/en\/wp-json\/wp\/v2\/product_brand?post=8893"},{"taxonomy":"product_cat","embeddable":true,"href":"https:\/\/leinfelder-juweler.com\/en\/wp-json\/wp\/v2\/product_cat?post=8893"},{"taxonomy":"product_tag","embeddable":true,"href":"https:\/\/leinfelder-juweler.com\/en\/wp-json\/wp\/v2\/product_tag?post=8893"}],"curies":[{"name":"wp","href":"https:\/\/api.w.org\/{rel}","templated":true}]}}