{"id":8901,"date":"2025-11-20T18:08:42","date_gmt":"2025-11-20T15:08:42","guid":{"rendered":"https:\/\/leinfelder-juweler.com\/?post_type=product&#038;p=8901"},"modified":"2025-11-20T20:01:13","modified_gmt":"2025-11-20T17:01:13","slug":"vario-ohrschmuck-set-95","status":"publish","type":"product","link":"https:\/\/leinfelder-juweler.com\/en\/product\/vario-ohrschmuck-set-95\/","title":{"rendered":"Vario Ohrschmuck Set"},"content":{"rendered":"<p><strong>Vario Ohrschmuck Set aus Ohrsteckern und Einh\u00e4ngern: <\/strong><\/p>\n<p><strong>Oberteile: Ohrstecker <span data-mce-fragment=\"1\">\u201e<\/span><span data-mce-fragment=\"1\"><\/span><span data-mce-fragment=\"1\">Vario\u201c<\/span><span data-mce-fragment=\"1\"><\/span> Kissen-3-Ecke &#8211; klein<\/strong><\/p>\n<p><strong>Material: <\/strong>750 Yellow Gold<\/p>\n<p><strong>Ma\u00dfe: <\/strong>11,7 mm<\/p>\n<p><strong>Einh\u00e4nger:\u00a0Brillanten<\/strong> <strong>und Aquamarin<span>\u00a0<\/span>Brioletts<span>\u00a0 <\/span><br \/><\/strong><\/p>\n<p><strong>Material:\u00a0<\/strong>750 Yellow Gold<\/p>\n<p><strong>Stones:\u00a0<\/strong>2 Brillanten 0,48 ct tw vsi\u00a0\u00d8 4,0 mm\u00a0und Aquamarin<span>\u00a0<\/span>Brioletts<span>\u00a0 <\/span>22,65 ct\u00a019 x 12,5 mm<\/p>\n<p style=\"margin: 0cm; margin-bottom: .0001pt;\"><strong>Unser Vario Ohrschmuck aus 750 Gelb- oder Wei\u00dfgold bietet vielseitige Kombinationsm\u00f6glichkeiten. Die Oberteile k\u00f6nnen separat getragen werden und lassen sich mit einer Vielzahl von Einh\u00e4ngern erg\u00e4nzen.<\/strong><\/p>\n<p style=\"margin: 0cm; margin-bottom: .0001pt;\">\u00a0<\/p>\n<p style=\"margin: 0cm; margin-bottom: .0001pt;\"><strong>Bezaubernd, anmutig und vielseitig, eine Bereicherung f\u00fcr jeden Anlass.<\/strong><\/p>\n<p style=\"margin: 0cm; margin-bottom: .0001pt;\"><strong>Das Auswechseln der Einh\u00e4nger ist einfach und sicher.<\/strong><\/p>\n<p style=\"margin: 0cm; margin-bottom: .0001pt;\"><strong>Die Oberteile sind als Clip oder Stecker erh\u00e4ltlich.<\/strong><\/p>\n<p style=\"margin: 0cm; margin-bottom: .0001pt;\">\u00a0<\/p>\n<p style=\"margin: 0cm; margin-bottom: .0001pt;\"><strong>Diese Kombination besteht aus goldenen Kissendreiecken mit Brillanten und traumhaften facettierten Aquamarin Tropfen.\u00a0<br \/><\/strong><\/p>\n<p>\u00a0<\/p>\n<p>\u00a0<\/p>\n<div><\/div>\n<div>\n<strong><\/strong>\n<\/div>","protected":false},"excerpt":{"rendered":"<p>Vario Ohrschmuck Set aus Ohrsteckern und Einh\u00e4ngern: Oberteile: Ohrstecker \u201eVario\u201c Kissen-3-Ecke &#8211; klein Material: 750 Gelbgold Ma\u00dfe: 11,7 mm Einh\u00e4nger:\u00a0Brillanten und Aquamarin\u00a0Brioletts\u00a0 Material:\u00a0750 Gelbgold Steine:\u00a02 Brillanten 0,48 ct tw vsi\u00a0\u00d8 4,0 mm\u00a0und Aquamarin\u00a0Brioletts\u00a0 22,65 ct\u00a019 x 12,5 mm Unser Vario Ohrschmuck aus 750 Gelb- oder Wei\u00dfgold bietet vielseitige Kombinationsm\u00f6glichkeiten. Die Oberteile k\u00f6nnen separat getragen werden [&hellip;]<\/p>","protected":false},"featured_media":10070,"comment_status":"open","ping_status":"closed","template":"","meta":{"_acf_changed":false,"_et_pb_use_builder":"","_et_pb_old_content":"","_et_gb_content_width":"","inline_featured_image":false},"product_brand":[332],"product_cat":[331],"product_tag":[],"class_list":{"0":"post-8901","1":"product","2":"type-product","3":"status-publish","4":"has-post-thumbnail","6":"product_brand-leinfelder","7":"product_cat-ohrschmuck","9":"first","10":"outofstock","11":"shipping-taxable","12":"purchasable","13":"product-type-simple"},"acf":[],"_links":{"self":[{"href":"https:\/\/leinfelder-juweler.com\/en\/wp-json\/wp\/v2\/product\/8901","targetHints":{"allow":["GET"]}}],"collection":[{"href":"https:\/\/leinfelder-juweler.com\/en\/wp-json\/wp\/v2\/product"}],"about":[{"href":"https:\/\/leinfelder-juweler.com\/en\/wp-json\/wp\/v2\/types\/product"}],"replies":[{"embeddable":true,"href":"https:\/\/leinfelder-juweler.com\/en\/wp-json\/wp\/v2\/comments?post=8901"}],"wp:featuredmedia":[{"embeddable":true,"href":"https:\/\/leinfelder-juweler.com\/en\/wp-json\/wp\/v2\/media\/10070"}],"wp:attachment":[{"href":"https:\/\/leinfelder-juweler.com\/en\/wp-json\/wp\/v2\/media?parent=8901"}],"wp:term":[{"taxonomy":"product_brand","embeddable":true,"href":"https:\/\/leinfelder-juweler.com\/en\/wp-json\/wp\/v2\/product_brand?post=8901"},{"taxonomy":"product_cat","embeddable":true,"href":"https:\/\/leinfelder-juweler.com\/en\/wp-json\/wp\/v2\/product_cat?post=8901"},{"taxonomy":"product_tag","embeddable":true,"href":"https:\/\/leinfelder-juweler.com\/en\/wp-json\/wp\/v2\/product_tag?post=8901"}],"curies":[{"name":"wp","href":"https:\/\/api.w.org\/{rel}","templated":true}]}}