{"id":8904,"date":"2025-11-20T18:08:42","date_gmt":"2025-11-20T15:08:42","guid":{"rendered":"https:\/\/leinfelder-juweler.com\/?post_type=product&#038;p=8904"},"modified":"2025-11-20T20:01:32","modified_gmt":"2025-11-20T17:01:32","slug":"mantelring-mit-rubellit-cabochon","status":"publish","type":"product","link":"https:\/\/leinfelder-juweler.com\/en\/product\/mantelring-mit-rubellit-cabochon\/","title":{"rendered":"Mantelring mit Rubellit Cabochon"},"content":{"rendered":"<p><strong><span data-mce-fragment=\"1\">Mantelring 750 Gelbgold mit Rubellit Cabochon<\/span><\/strong><\/p>\n<p><strong>Material:\u00a0<\/strong>750 Yellow Gold<\/p>\n<p><strong>Stein: <\/strong>Rubellit Cabochon Iaa 18 x 14 mm <strong><\/strong><\/p>\n<p style=\"margin-bottom: .0001pt; line-height: normal; mso-layout-grid-align: none; text-autospace: none;\" class=\"MsoNormal\"><b style=\"mso-bidi-font-weight: normal;\">Unsere Mantelringe zeichnen sich durch ihre kraftvolle Pr\u00e4senz und raffinierte Gestaltung aus. <\/b><\/p>\n<p style=\"margin-bottom: .0001pt; line-height: normal; mso-layout-grid-align: none; text-autospace: none;\" class=\"MsoNormal\">\u00a0<\/p>\n<p><strong><b style=\"mso-bidi-font-weight: normal;\"><span style=\"font-size: 11.0pt; line-height: 115%; font-family: 'Calibri',sans-serif; mso-ascii-theme-font: minor-latin; mso-fareast-font-family: Calibri; mso-fareast-theme-font: minor-latin; mso-hansi-theme-font: minor-latin; mso-bidi-font-family: 'Times New Roman'; mso-bidi-theme-font: minor-bidi; mso-ansi-language: DE; mso-fareast-language: EN-US; mso-bidi-language: AR-SA;\">Der massive Goldring ummantelt den Edelstein und sch\u00fctzt ihn, w\u00e4hrend er zugleich seine volle Strahlkraft zur Geltung bringt. Ein Ausdruck zeitloser Eleganz und meisterlicher Handwerkskunst.<\/span><\/b><\/strong><\/p>\n<div><strong>\u00a0<\/strong><\/div>\n<p><b>Hinweis: <\/b>Unsere Ringe sind in der angegebenen Gr\u00f6\u00dfe sofort lieferbar. Sollten sie sich einen Ring in einer anderen Gr\u00f6\u00dfe w\u00fcnschen, kontaktieren sie uns bitte. Wir informieren sie gerne \u00fcber die M\u00f6glichkeit und Dauer von Gr\u00f6\u00dfenanpassungen.<\/p>\n<p><\/p>","protected":false},"excerpt":{"rendered":"<p>Mantelring 750 Gelbgold mit Rubellit Cabochon Material:\u00a0750 Gelbgold Stein: Rubellit Cabochon Iaa 18 x 14 mm Unsere Mantelringe zeichnen sich durch ihre kraftvolle Pr\u00e4senz und raffinierte Gestaltung aus. \u00a0 Der massive Goldring ummantelt den Edelstein und sch\u00fctzt ihn, w\u00e4hrend er zugleich seine volle Strahlkraft zur Geltung bringt. Ein Ausdruck zeitloser Eleganz und meisterlicher Handwerkskunst. \u00a0 [&hellip;]<\/p>","protected":false},"featured_media":10073,"comment_status":"open","ping_status":"closed","template":"","meta":{"_acf_changed":false,"_et_pb_use_builder":"","_et_pb_old_content":"","_et_gb_content_width":"","inline_featured_image":false},"product_brand":[332],"product_cat":[295],"product_tag":[],"class_list":{"0":"post-8904","1":"product","2":"type-product","3":"status-publish","4":"has-post-thumbnail","6":"product_brand-leinfelder","7":"product_cat-ringe","9":"first","10":"outofstock","11":"shipping-taxable","12":"purchasable","13":"product-type-simple"},"acf":[],"_links":{"self":[{"href":"https:\/\/leinfelder-juweler.com\/en\/wp-json\/wp\/v2\/product\/8904","targetHints":{"allow":["GET"]}}],"collection":[{"href":"https:\/\/leinfelder-juweler.com\/en\/wp-json\/wp\/v2\/product"}],"about":[{"href":"https:\/\/leinfelder-juweler.com\/en\/wp-json\/wp\/v2\/types\/product"}],"replies":[{"embeddable":true,"href":"https:\/\/leinfelder-juweler.com\/en\/wp-json\/wp\/v2\/comments?post=8904"}],"wp:featuredmedia":[{"embeddable":true,"href":"https:\/\/leinfelder-juweler.com\/en\/wp-json\/wp\/v2\/media\/10073"}],"wp:attachment":[{"href":"https:\/\/leinfelder-juweler.com\/en\/wp-json\/wp\/v2\/media?parent=8904"}],"wp:term":[{"taxonomy":"product_brand","embeddable":true,"href":"https:\/\/leinfelder-juweler.com\/en\/wp-json\/wp\/v2\/product_brand?post=8904"},{"taxonomy":"product_cat","embeddable":true,"href":"https:\/\/leinfelder-juweler.com\/en\/wp-json\/wp\/v2\/product_cat?post=8904"},{"taxonomy":"product_tag","embeddable":true,"href":"https:\/\/leinfelder-juweler.com\/en\/wp-json\/wp\/v2\/product_tag?post=8904"}],"curies":[{"name":"wp","href":"https:\/\/api.w.org\/{rel}","templated":true}]}}