{"id":8911,"date":"2025-11-20T18:08:45","date_gmt":"2025-11-20T15:08:45","guid":{"rendered":"https:\/\/leinfelder-juweler.com\/?post_type=product&#038;p=8911"},"modified":"2025-11-20T20:02:19","modified_gmt":"2025-11-20T17:02:19","slug":"klappcreolen-750-gelbgold-mit-drachenmuster-und-perleinhaengern-2","status":"publish","type":"product","link":"https:\/\/leinfelder-juweler.com\/en\/product\/klappcreolen-750-gelbgold-mit-drachenmuster-und-perleinhaengern-2\/","title":{"rendered":"Klappcreolen 750 Gelbgold mit Drachenmuster und Perleinh\u00e4ngern"},"content":{"rendered":"<p><strong>Ohrschmuck\u00a0Klappcreolen mit Drachenmuster:<br \/><\/strong><\/p>\n<p><strong>Material: <\/strong>750 Yellow Gold<\/p>\n<p><strong><\/strong><strong>Einh\u00e4nger:\u00a0<\/strong><span data-mce-fragment=\"1\"><\/span>750 Gelbgold mit S\u00fc\u00dfwasser-Perlen 10,5 mm rund<\/p>\n<p><span data-mce-fragment=\"1\"><strong>Die Oberfl\u00e4che der Klappcreolen ist mit der Struktur unseres Gl\u00fccksdrachen versehen. Die Einh\u00e4nger mit den zart schimmernden Perlen sind eine zauberhafte Erg\u00e4nzung.<\/strong><\/span><\/p>","protected":false},"excerpt":{"rendered":"<p>Ohrschmuck\u00a0Klappcreolen mit Drachenmuster: Material: 750 Gelbgold Einh\u00e4nger:\u00a0750 Gelbgold mit S\u00fc\u00dfwasser-Perlen 10,5 mm rund Die Oberfl\u00e4che der Klappcreolen ist mit der Struktur unseres Gl\u00fccksdrachen versehen. Die Einh\u00e4nger mit den zart schimmernden Perlen sind eine zauberhafte Erg\u00e4nzung.<\/p>","protected":false},"featured_media":10080,"comment_status":"open","ping_status":"closed","template":"","meta":{"_acf_changed":false,"_et_pb_use_builder":"","_et_pb_old_content":"","_et_gb_content_width":"","inline_featured_image":false},"product_brand":[332],"product_cat":[331],"product_tag":[],"class_list":{"0":"post-8911","1":"product","2":"type-product","3":"status-publish","4":"has-post-thumbnail","6":"product_brand-leinfelder","7":"product_cat-ohrschmuck","9":"first","10":"outofstock","11":"shipping-taxable","12":"purchasable","13":"product-type-simple"},"acf":[],"_links":{"self":[{"href":"https:\/\/leinfelder-juweler.com\/en\/wp-json\/wp\/v2\/product\/8911","targetHints":{"allow":["GET"]}}],"collection":[{"href":"https:\/\/leinfelder-juweler.com\/en\/wp-json\/wp\/v2\/product"}],"about":[{"href":"https:\/\/leinfelder-juweler.com\/en\/wp-json\/wp\/v2\/types\/product"}],"replies":[{"embeddable":true,"href":"https:\/\/leinfelder-juweler.com\/en\/wp-json\/wp\/v2\/comments?post=8911"}],"wp:featuredmedia":[{"embeddable":true,"href":"https:\/\/leinfelder-juweler.com\/en\/wp-json\/wp\/v2\/media\/10080"}],"wp:attachment":[{"href":"https:\/\/leinfelder-juweler.com\/en\/wp-json\/wp\/v2\/media?parent=8911"}],"wp:term":[{"taxonomy":"product_brand","embeddable":true,"href":"https:\/\/leinfelder-juweler.com\/en\/wp-json\/wp\/v2\/product_brand?post=8911"},{"taxonomy":"product_cat","embeddable":true,"href":"https:\/\/leinfelder-juweler.com\/en\/wp-json\/wp\/v2\/product_cat?post=8911"},{"taxonomy":"product_tag","embeddable":true,"href":"https:\/\/leinfelder-juweler.com\/en\/wp-json\/wp\/v2\/product_tag?post=8911"}],"curies":[{"name":"wp","href":"https:\/\/api.w.org\/{rel}","templated":true}]}}