{"id":8914,"date":"2025-11-20T18:08:46","date_gmt":"2025-11-20T15:08:46","guid":{"rendered":"https:\/\/leinfelder-juweler.com\/?post_type=product&#038;p=8914"},"modified":"2025-11-20T20:02:38","modified_gmt":"2025-11-20T17:02:38","slug":"vario-halsschmuck-anhaenger-4","status":"publish","type":"product","link":"https:\/\/leinfelder-juweler.com\/en\/product\/vario-halsschmuck-anhaenger-4\/","title":{"rendered":"Vario Halsschmuck Anh\u00e4nger"},"content":{"rendered":"<p><strong>Vario Halsschmuck Anh\u00e4nger mit Ebenholz und Rubin:<br \/><\/strong><\/p>\n<p><strong>Material: <\/strong>750 <span style=\"font-size: 8.0pt; font-family: 'Arial',sans-serif;\" data-mce-fragment=\"1\" data-mce-style=\"font-size: 8.0pt; font-family: 'Arial',sans-serif;\"><\/span>Gelbgold, Ebenholz<\/p>\n<p><strong>Stein: <\/strong>0,51 ct Rubin 0,51 ct \u00d8 5 mm rund facettiert<\/p>\n<p><strong>Ma\u00dfe:<\/strong> 18,3 mm<\/p>","protected":false},"excerpt":{"rendered":"<p>Vario Halsschmuck Anh\u00e4nger mit Ebenholz und Rubin: Material: 750 Gelbgold, Ebenholz Stein: 0,51 ct Rubin 0,51 ct \u00d8 5 mm rund facettiert Ma\u00dfe: 18,3 mm<\/p>","protected":false},"featured_media":10083,"comment_status":"open","ping_status":"closed","template":"","meta":{"_acf_changed":false,"_et_pb_use_builder":"","_et_pb_old_content":"","_et_gb_content_width":"","inline_featured_image":false},"product_brand":[332],"product_cat":[333],"product_tag":[302],"class_list":{"0":"post-8914","1":"product","2":"type-product","3":"status-publish","4":"has-post-thumbnail","6":"product_brand-leinfelder","7":"product_cat-halsschmuck","8":"product_tag-ebenholz","10":"first","11":"outofstock","12":"shipping-taxable","13":"purchasable","14":"product-type-simple"},"acf":[],"_links":{"self":[{"href":"https:\/\/leinfelder-juweler.com\/en\/wp-json\/wp\/v2\/product\/8914","targetHints":{"allow":["GET"]}}],"collection":[{"href":"https:\/\/leinfelder-juweler.com\/en\/wp-json\/wp\/v2\/product"}],"about":[{"href":"https:\/\/leinfelder-juweler.com\/en\/wp-json\/wp\/v2\/types\/product"}],"replies":[{"embeddable":true,"href":"https:\/\/leinfelder-juweler.com\/en\/wp-json\/wp\/v2\/comments?post=8914"}],"wp:featuredmedia":[{"embeddable":true,"href":"https:\/\/leinfelder-juweler.com\/en\/wp-json\/wp\/v2\/media\/10083"}],"wp:attachment":[{"href":"https:\/\/leinfelder-juweler.com\/en\/wp-json\/wp\/v2\/media?parent=8914"}],"wp:term":[{"taxonomy":"product_brand","embeddable":true,"href":"https:\/\/leinfelder-juweler.com\/en\/wp-json\/wp\/v2\/product_brand?post=8914"},{"taxonomy":"product_cat","embeddable":true,"href":"https:\/\/leinfelder-juweler.com\/en\/wp-json\/wp\/v2\/product_cat?post=8914"},{"taxonomy":"product_tag","embeddable":true,"href":"https:\/\/leinfelder-juweler.com\/en\/wp-json\/wp\/v2\/product_tag?post=8914"}],"curies":[{"name":"wp","href":"https:\/\/api.w.org\/{rel}","templated":true}]}}