{"id":8916,"date":"2025-11-20T18:08:47","date_gmt":"2025-11-20T15:08:47","guid":{"rendered":"https:\/\/leinfelder-juweler.com\/?post_type=product&#038;p=8916"},"modified":"2025-11-20T20:02:50","modified_gmt":"2025-11-20T17:02:50","slug":"ring-mit-turmalin-und-diamanten","status":"publish","type":"product","link":"https:\/\/leinfelder-juweler.com\/en\/product\/ring-mit-turmalin-und-diamanten\/","title":{"rendered":"Ring mit Turmalin und Diamanten"},"content":{"rendered":"<p><strong>Ring mit Turmalin und Diamanten<br \/><\/strong><\/p>\n<p><strong>Material:\u00a0<\/strong>750 Yellow Gold<\/p>\n<p><strong>Stein:\u00a0<\/strong>Turmalin<span> <\/span>2,33 ct Turmalin 8eck 8 x 7 mm und zwei Diamant Tropfen gesamt 0,45 ct tw vsi 4,5 x 4,5mm<\/p>\n<p class=\"MsoNormal\" style=\"margin-bottom: .0001pt;\"><b style=\"mso-bidi-font-weight: normal;\">Dieser edle Ring aus Gelbgold besticht durch einen beeindruckenden Turmalin, dessen lebhafte gr\u00fcne Farbgebung sofort ins Auge f\u00e4llt. Der rechteckig geschliffene Edelstein wird von zwei funkelnden Diamanten im Trillantschliff flankiert, die dem Ring zus\u00e4tzlich Brillanz verleihen und das satte Gr\u00fcn des Turmalins perfekt zur Geltung bringen. Das warme Gelbgold harmoniert wunderbar mit den intensiven Farben der Edelsteine und verleiht dem Design eine luxuri\u00f6se, aber gleichzeitig zeitlose Ausstrahlung. Ein au\u00dfergew\u00f6hnliches Schmuckst\u00fcck, das Eleganz und Lebendigkeit in sich vereint und zu einem wahren Blickfang an jeder Hand wird.<\/b><\/p>\n<p><\/p>\n<p>\u00a0<\/p>\n<div><\/div>\n<p><strong><\/strong><b>Hinweis: <\/b>Unsere Ringe sind in der angegebenen Gr\u00f6\u00dfe sofort lieferbar. Sollten sie sich einen Ring in einer anderen Gr\u00f6\u00dfe w\u00fcnschen, kontaktieren sie uns bitte. Wir informieren sie gerne \u00fcber die M\u00f6glichkeit und Dauer von Gr\u00f6\u00dfenanpassungen.<\/p>","protected":false},"excerpt":{"rendered":"<p>Ring mit Turmalin und Diamanten Material:\u00a0750 Gelbgold Stein:\u00a0Turmalin 2,33 ct Turmalin 8eck 8 x 7 mm und zwei Diamant Tropfen gesamt 0,45 ct tw vsi 4,5 x 4,5mm Dieser edle Ring aus Gelbgold besticht durch einen beeindruckenden Turmalin, dessen lebhafte gr\u00fcne Farbgebung sofort ins Auge f\u00e4llt. Der rechteckig geschliffene Edelstein wird von zwei funkelnden Diamanten [&hellip;]<\/p>","protected":false},"featured_media":10085,"comment_status":"open","ping_status":"closed","template":"","meta":{"_acf_changed":false,"_et_pb_use_builder":"","_et_pb_old_content":"","_et_gb_content_width":"","inline_featured_image":false},"product_brand":[332],"product_cat":[295],"product_tag":[],"class_list":{"0":"post-8916","1":"product","2":"type-product","3":"status-publish","4":"has-post-thumbnail","6":"product_brand-leinfelder","7":"product_cat-ringe","9":"first","10":"outofstock","11":"shipping-taxable","12":"purchasable","13":"product-type-simple"},"acf":[],"_links":{"self":[{"href":"https:\/\/leinfelder-juweler.com\/en\/wp-json\/wp\/v2\/product\/8916","targetHints":{"allow":["GET"]}}],"collection":[{"href":"https:\/\/leinfelder-juweler.com\/en\/wp-json\/wp\/v2\/product"}],"about":[{"href":"https:\/\/leinfelder-juweler.com\/en\/wp-json\/wp\/v2\/types\/product"}],"replies":[{"embeddable":true,"href":"https:\/\/leinfelder-juweler.com\/en\/wp-json\/wp\/v2\/comments?post=8916"}],"wp:featuredmedia":[{"embeddable":true,"href":"https:\/\/leinfelder-juweler.com\/en\/wp-json\/wp\/v2\/media\/10085"}],"wp:attachment":[{"href":"https:\/\/leinfelder-juweler.com\/en\/wp-json\/wp\/v2\/media?parent=8916"}],"wp:term":[{"taxonomy":"product_brand","embeddable":true,"href":"https:\/\/leinfelder-juweler.com\/en\/wp-json\/wp\/v2\/product_brand?post=8916"},{"taxonomy":"product_cat","embeddable":true,"href":"https:\/\/leinfelder-juweler.com\/en\/wp-json\/wp\/v2\/product_cat?post=8916"},{"taxonomy":"product_tag","embeddable":true,"href":"https:\/\/leinfelder-juweler.com\/en\/wp-json\/wp\/v2\/product_tag?post=8916"}],"curies":[{"name":"wp","href":"https:\/\/api.w.org\/{rel}","templated":true}]}}