{"id":8920,"date":"2025-11-20T18:08:48","date_gmt":"2025-11-20T15:08:48","guid":{"rendered":"https:\/\/leinfelder-juweler.com\/?post_type=product&#038;p=8920"},"modified":"2025-11-20T20:03:15","modified_gmt":"2025-11-20T17:03:15","slug":"anhaenger-750-gelbgold-mit-mondsteinen-und-rubellit","status":"publish","type":"product","link":"https:\/\/leinfelder-juweler.com\/en\/product\/anhaenger-750-gelbgold-mit-mondsteinen-und-rubellit\/","title":{"rendered":"Anh\u00e4nger 750 Gelbgold mit Mondsteinen und Rubellit"},"content":{"rendered":"<p data-mce-fragment=\"1\"><strong>Anh\u00e4nger 750 Gelbgold mit Mondsteinen und Rubellit<\/strong><\/p>\n<p data-mce-fragment=\"1\"><strong>Material: <\/strong>750 Yellow Gold<\/p>\n<p><strong>Stones: <\/strong>wei\u00dfer Mondstein Cabochon 2,64 ct 10 x 8 mm, Rubellit 0,27 ct \u00d8 4,0 mm rund facettiert und oranger Mondstein Cabochon 4,81 ct 12 x 10 mm<\/p>\n<p><strong><b style=\"mso-bidi-font-weight: normal;\"><span style=\"font-size: 11.0pt; line-height: 115%; font-family: 'Calibri',sans-serif; mso-ascii-theme-font: minor-latin; mso-fareast-font-family: Calibri; mso-fareast-theme-font: minor-latin; mso-hansi-theme-font: minor-latin; mso-bidi-theme-font: minor-latin; mso-ansi-language: DE; mso-fareast-language: EN-US; mso-bidi-language: AR-SA;\">Unsere Schmuck-Linie &#8218;Klassik&#8216; besticht durch zeitlose Harmonie und feine Details. Die Kollektion umfasst Ohrschmuck, Ringe, Anh\u00e4nger und Armb\u00e4nder aus 750 Gelb-, Ros\u00e9- und Wei\u00dfgold, veredelt mit hochwertigen, farbigen Edelsteinen im Cabochon- und Facettenschliff.<\/span><\/b><\/strong><\/p>\n<p><strong>Die seidig schimmernden Mondsteine stehen im Mittelpunkt dieses Anh\u00e4ngers aus 750 Gelbgold. Der leuchtende pinkfarbene Rubellit im Brillantschliff setzt einen frischen Akzent.<\/strong><\/p>","protected":false},"excerpt":{"rendered":"<p>Anh\u00e4nger 750 Gelbgold mit Mondsteinen und Rubellit Material: 750 Gelbgold Steine: wei\u00dfer Mondstein Cabochon 2,64 ct 10 x 8 mm, Rubellit 0,27 ct \u00d8 4,0 mm rund facettiert und oranger Mondstein Cabochon 4,81 ct 12 x 10 mm Unsere Schmuck-Linie &#8218;Klassik&#8216; besticht durch zeitlose Harmonie und feine Details. Die Kollektion umfasst Ohrschmuck, Ringe, Anh\u00e4nger und [&hellip;]<\/p>","protected":false},"featured_media":10089,"comment_status":"open","ping_status":"closed","template":"","meta":{"_acf_changed":false,"_et_pb_use_builder":"","_et_pb_old_content":"","_et_gb_content_width":"","inline_featured_image":false},"product_brand":[332],"product_cat":[333],"product_tag":[],"class_list":{"0":"post-8920","1":"product","2":"type-product","3":"status-publish","4":"has-post-thumbnail","6":"product_brand-leinfelder","7":"product_cat-halsschmuck","9":"first","10":"instock","11":"shipping-taxable","12":"purchasable","13":"product-type-simple"},"acf":[],"_links":{"self":[{"href":"https:\/\/leinfelder-juweler.com\/en\/wp-json\/wp\/v2\/product\/8920","targetHints":{"allow":["GET"]}}],"collection":[{"href":"https:\/\/leinfelder-juweler.com\/en\/wp-json\/wp\/v2\/product"}],"about":[{"href":"https:\/\/leinfelder-juweler.com\/en\/wp-json\/wp\/v2\/types\/product"}],"replies":[{"embeddable":true,"href":"https:\/\/leinfelder-juweler.com\/en\/wp-json\/wp\/v2\/comments?post=8920"}],"wp:featuredmedia":[{"embeddable":true,"href":"https:\/\/leinfelder-juweler.com\/en\/wp-json\/wp\/v2\/media\/10089"}],"wp:attachment":[{"href":"https:\/\/leinfelder-juweler.com\/en\/wp-json\/wp\/v2\/media?parent=8920"}],"wp:term":[{"taxonomy":"product_brand","embeddable":true,"href":"https:\/\/leinfelder-juweler.com\/en\/wp-json\/wp\/v2\/product_brand?post=8920"},{"taxonomy":"product_cat","embeddable":true,"href":"https:\/\/leinfelder-juweler.com\/en\/wp-json\/wp\/v2\/product_cat?post=8920"},{"taxonomy":"product_tag","embeddable":true,"href":"https:\/\/leinfelder-juweler.com\/en\/wp-json\/wp\/v2\/product_tag?post=8920"}],"curies":[{"name":"wp","href":"https:\/\/api.w.org\/{rel}","templated":true}]}}