{"id":8921,"date":"2025-11-20T18:09:07","date_gmt":"2025-11-20T15:09:07","guid":{"rendered":"https:\/\/leinfelder-juweler.com\/?post_type=product&#038;p=8921"},"modified":"2025-11-20T20:03:24","modified_gmt":"2025-11-20T17:03:24","slug":"armband-750-gelbgold-mit-33-starliten","status":"publish","type":"product","link":"https:\/\/leinfelder-juweler.com\/en\/product\/armband-750-gelbgold-mit-33-starliten\/","title":{"rendered":"Armband 750 Gelbgold mit 33 Starliten"},"content":{"rendered":"<p data-mce-fragment=\"1\"><strong>Armband 750 Gelbgold mit 33 Starliten<\/strong><\/p>\n<p data-mce-fragment=\"1\"><strong>Material: <\/strong>750 Yellow Gold<\/p>\n<p data-mce-fragment=\"1\"><strong>Stones: <\/strong><span lang=\"EN-US\" data-mce-fragment=\"1\">33 Starlite \u00d8 3,0 mm rund facettiert<br \/><\/span><\/p>\n<p data-mce-fragment=\"1\"><strong>Ma\u00dfe: <\/strong>19 cm<\/p>\n<p data-mce-fragment=\"1\"><b style=\"mso-bidi-font-weight: normal;\"><span style=\"font-size: 11.0pt; line-height: 115%; font-family: 'Calibri',sans-serif; mso-ascii-theme-font: minor-latin; mso-fareast-font-family: Calibri; mso-fareast-theme-font: minor-latin; mso-hansi-theme-font: minor-latin; mso-bidi-font-family: 'Times New Roman'; mso-bidi-theme-font: minor-bidi; mso-ansi-language: DE; mso-fareast-language: EN-US; mso-bidi-language: AR-SA;\">Unser handgefertigtes Armband aus 750 Gold verbindet zeitlose Eleganz mit raffinierten Details. Die runden Knopffassungen sind durch flexible Verbindungen miteinander verbunden, wodurch ein angenehm bewegliches Tragegef\u00fchl entsteht. Dieses exquisite Armband ist wahlweise mit funkelnden Diamanten, leuchtend gr\u00fcnen Tsavoriten, pinken Saphiren oder t\u00fcrkisfarbenen Starliten erh\u00e4ltlich. Ein wahres Schmuckst\u00fcck, das durch seine Vielseitigkeit und edle Verarbeitung besticht.<\/span><\/b><\/p>\n<p data-mce-fragment=\"1\"><strong>Die atemberaubende Farbe und der unglaubliche Glanz der t\u00fcrkisfarbenen Starlite bilden einen perfekten Kontrast zu dem warmen Gelbgold.<\/strong><\/p>","protected":false},"excerpt":{"rendered":"<p>Armband 750 Gelbgold mit 33 Starliten Material: 750 Gelbgold Steine: 33 Starlite \u00d8 3,0 mm rund facettiert Ma\u00dfe: 19 cm Unser handgefertigtes Armband aus 750 Gold verbindet zeitlose Eleganz mit raffinierten Details. Die runden Knopffassungen sind durch flexible Verbindungen miteinander verbunden, wodurch ein angenehm bewegliches Tragegef\u00fchl entsteht. Dieses exquisite Armband ist wahlweise mit funkelnden Diamanten, [&hellip;]<\/p>","protected":false},"featured_media":10090,"comment_status":"open","ping_status":"closed","template":"","meta":{"_acf_changed":false,"_et_pb_use_builder":"","_et_pb_old_content":"","_et_gb_content_width":"","inline_featured_image":false},"product_brand":[332],"product_cat":[335],"product_tag":[],"class_list":{"0":"post-8921","1":"product","2":"type-product","3":"status-publish","4":"has-post-thumbnail","6":"product_brand-leinfelder","7":"product_cat-armschmuck","9":"first","10":"outofstock","11":"shipping-taxable","12":"purchasable","13":"product-type-simple"},"acf":[],"_links":{"self":[{"href":"https:\/\/leinfelder-juweler.com\/en\/wp-json\/wp\/v2\/product\/8921","targetHints":{"allow":["GET"]}}],"collection":[{"href":"https:\/\/leinfelder-juweler.com\/en\/wp-json\/wp\/v2\/product"}],"about":[{"href":"https:\/\/leinfelder-juweler.com\/en\/wp-json\/wp\/v2\/types\/product"}],"replies":[{"embeddable":true,"href":"https:\/\/leinfelder-juweler.com\/en\/wp-json\/wp\/v2\/comments?post=8921"}],"wp:featuredmedia":[{"embeddable":true,"href":"https:\/\/leinfelder-juweler.com\/en\/wp-json\/wp\/v2\/media\/10090"}],"wp:attachment":[{"href":"https:\/\/leinfelder-juweler.com\/en\/wp-json\/wp\/v2\/media?parent=8921"}],"wp:term":[{"taxonomy":"product_brand","embeddable":true,"href":"https:\/\/leinfelder-juweler.com\/en\/wp-json\/wp\/v2\/product_brand?post=8921"},{"taxonomy":"product_cat","embeddable":true,"href":"https:\/\/leinfelder-juweler.com\/en\/wp-json\/wp\/v2\/product_cat?post=8921"},{"taxonomy":"product_tag","embeddable":true,"href":"https:\/\/leinfelder-juweler.com\/en\/wp-json\/wp\/v2\/product_tag?post=8921"}],"curies":[{"name":"wp","href":"https:\/\/api.w.org\/{rel}","templated":true}]}}