{"id":8926,"date":"2025-11-20T18:09:09","date_gmt":"2025-11-20T15:09:09","guid":{"rendered":"https:\/\/leinfelder-juweler.com\/?post_type=product&#038;p=8926"},"modified":"2025-11-20T20:03:54","modified_gmt":"2025-11-20T17:03:54","slug":"mantelring-tailliert-mit-amethyst-cabochon","status":"publish","type":"product","link":"https:\/\/leinfelder-juweler.com\/en\/product\/mantelring-tailliert-mit-amethyst-cabochon\/","title":{"rendered":"Mantelring tailliert mit Amethyst Cabochon"},"content":{"rendered":"<p><strong>Mantelring tailliert mit<span data-mce-fragment=\"1\">\u00a0mit einem Amethyst Cabochon<br \/><\/span><\/strong><\/p>\n<p><strong>Material:\u00a0<\/strong>750 Yellow Gold<\/p>\n<p><strong>Stones: <\/strong>Amethyst Cabochon 11,24 ct 16 x 12 mm quer<\/p>\n<p data-mce-fragment=\"1\"><strong>Handschmeichler!<\/strong><\/p>\n<p data-mce-fragment=\"1\"><strong>Die taillierte Ringschiene hebt den samtigen Amethyst Cabochon empor,<\/strong><\/p>\n<p data-mce-fragment=\"1\"><strong>der hier quer zum Finger gefasst ist.<\/strong><\/p>\n<p data-mce-fragment=\"1\">\u00a0<\/p>\n<p><\/p>\n<p>\u00a0<\/p>\n<p><\/p>\n<p data-mce-fragment=\"1\"><b data-mce-fragment=\"1\">Hinweis: <\/b>Unsere Ringe sind in der angegebenen Gr\u00f6\u00dfe sofort lieferbar. Sollten sie sich einen Ring in einer anderen Gr\u00f6\u00dfe w\u00fcnschen, kontaktieren sie uns bitte. Wir informieren sie gerne \u00fcber die M\u00f6glichkeit und Dauer von Gr\u00f6\u00dfenanpassungen.<\/p>\n<p data-mce-fragment=\"1\"><\/p>\n<p><\/p>","protected":false},"excerpt":{"rendered":"<p>Mantelring tailliert mit\u00a0mit einem Amethyst Cabochon Material:\u00a0750 Gelbgold Steine: Amethyst Cabochon 11,24 ct 16 x 12 mm quer Handschmeichler! Die taillierte Ringschiene hebt den samtigen Amethyst Cabochon empor, der hier quer zum Finger gefasst ist. \u00a0 \u00a0 Hinweis: Unsere Ringe sind in der angegebenen Gr\u00f6\u00dfe sofort lieferbar. Sollten sie sich einen Ring in einer anderen [&hellip;]<\/p>","protected":false},"featured_media":10095,"comment_status":"open","ping_status":"closed","template":"","meta":{"_acf_changed":false,"_et_pb_use_builder":"","_et_pb_old_content":"","_et_gb_content_width":"","inline_featured_image":false},"product_brand":[332],"product_cat":[295],"product_tag":[],"class_list":{"0":"post-8926","1":"product","2":"type-product","3":"status-publish","4":"has-post-thumbnail","6":"product_brand-leinfelder","7":"product_cat-ringe","9":"first","10":"outofstock","11":"shipping-taxable","12":"purchasable","13":"product-type-simple"},"acf":[],"_links":{"self":[{"href":"https:\/\/leinfelder-juweler.com\/en\/wp-json\/wp\/v2\/product\/8926","targetHints":{"allow":["GET"]}}],"collection":[{"href":"https:\/\/leinfelder-juweler.com\/en\/wp-json\/wp\/v2\/product"}],"about":[{"href":"https:\/\/leinfelder-juweler.com\/en\/wp-json\/wp\/v2\/types\/product"}],"replies":[{"embeddable":true,"href":"https:\/\/leinfelder-juweler.com\/en\/wp-json\/wp\/v2\/comments?post=8926"}],"wp:featuredmedia":[{"embeddable":true,"href":"https:\/\/leinfelder-juweler.com\/en\/wp-json\/wp\/v2\/media\/10095"}],"wp:attachment":[{"href":"https:\/\/leinfelder-juweler.com\/en\/wp-json\/wp\/v2\/media?parent=8926"}],"wp:term":[{"taxonomy":"product_brand","embeddable":true,"href":"https:\/\/leinfelder-juweler.com\/en\/wp-json\/wp\/v2\/product_brand?post=8926"},{"taxonomy":"product_cat","embeddable":true,"href":"https:\/\/leinfelder-juweler.com\/en\/wp-json\/wp\/v2\/product_cat?post=8926"},{"taxonomy":"product_tag","embeddable":true,"href":"https:\/\/leinfelder-juweler.com\/en\/wp-json\/wp\/v2\/product_tag?post=8926"}],"curies":[{"name":"wp","href":"https:\/\/api.w.org\/{rel}","templated":true}]}}