{"id":8927,"date":"2025-11-20T18:09:09","date_gmt":"2025-11-20T15:09:09","guid":{"rendered":"https:\/\/leinfelder-juweler.com\/?post_type=product&#038;p=8927"},"modified":"2025-11-20T20:04:00","modified_gmt":"2025-11-20T17:04:00","slug":"armreif-750-weissgold-mit-zwei-brillanten-2","status":"publish","type":"product","link":"https:\/\/leinfelder-juweler.com\/en\/product\/armreif-750-weissgold-mit-zwei-brillanten-2\/","title":{"rendered":"Armreif 750 Wei\u00dfgold mit zwei Brillanten"},"content":{"rendered":"<p data-mce-fragment=\"1\"><strong>Armreif 750 Wei\u00dfgold mit zwei Brillanten <\/strong><\/p>\n<p data-mce-fragment=\"1\"><strong>Material: <\/strong>750 Wei\u00dfgold<\/p>\n<p><strong>Stones:<\/strong> Zwei Brillanten: \u00d8 5,0 mm = 0,50 ct tw vsi und \u00d8 3,0 mm = 0,10 ct tw vsi<\/p>\n<p data-mce-fragment=\"1\"><strong>Ma\u00dfe: <\/strong>Innen 60 x 50 mm<\/p>\n<p class=\"MsoNormal\" style=\"margin-bottom: .0001pt;\"><b style=\"mso-bidi-font-weight: normal;\">Unsere Schmuck-Linie &#8218;Klassik&#8216; besticht durch zeitlose Harmonie und feine Details. Die Kollektion umfasst Ohrschmuck, Ringe, Anh\u00e4nger und Armb\u00e4nder aus 750 Gelb-, Ros\u00e9- und Wei\u00dfgold, veredelt mit hochwertigen, farbigen Edelsteinen im Cabochon- und Facettenschliff. <\/b><\/p>\n<p class=\"MsoNormal\" style=\"margin-bottom: .0001pt; line-height: normal;\"><b style=\"mso-bidi-font-weight: normal;\">Kunstvoll gefertigte Armspange aus 750 Wei\u00dfgold mit zwei feurigen Brillanten. Die biegsame Form passt sich perfekt an Ihr Handgelenk an und sorgt f\u00fcr einen angenehmen Tragekomfort.<\/b><\/p>\n<p><strong><br \/><\/strong><\/p>","protected":false},"excerpt":{"rendered":"<p>Armreif 750 Wei\u00dfgold mit zwei Brillanten Material: 750 Wei\u00dfgold Steine: Zwei Brillanten: \u00d8 5,0 mm = 0,50 ct tw vsi und \u00d8 3,0 mm = 0,10 ct tw vsi Ma\u00dfe: Innen 60 x 50 mm Unsere Schmuck-Linie &#8218;Klassik&#8216; besticht durch zeitlose Harmonie und feine Details. Die Kollektion umfasst Ohrschmuck, Ringe, Anh\u00e4nger und Armb\u00e4nder aus 750 [&hellip;]<\/p>","protected":false},"featured_media":10096,"comment_status":"open","ping_status":"closed","template":"","meta":{"_acf_changed":false,"_et_pb_use_builder":"","_et_pb_old_content":"","_et_gb_content_width":"","inline_featured_image":false},"product_brand":[332],"product_cat":[335],"product_tag":[],"class_list":{"0":"post-8927","1":"product","2":"type-product","3":"status-publish","4":"has-post-thumbnail","6":"product_brand-leinfelder","7":"product_cat-armschmuck","9":"first","10":"instock","11":"shipping-taxable","12":"purchasable","13":"product-type-simple"},"acf":[],"_links":{"self":[{"href":"https:\/\/leinfelder-juweler.com\/en\/wp-json\/wp\/v2\/product\/8927","targetHints":{"allow":["GET"]}}],"collection":[{"href":"https:\/\/leinfelder-juweler.com\/en\/wp-json\/wp\/v2\/product"}],"about":[{"href":"https:\/\/leinfelder-juweler.com\/en\/wp-json\/wp\/v2\/types\/product"}],"replies":[{"embeddable":true,"href":"https:\/\/leinfelder-juweler.com\/en\/wp-json\/wp\/v2\/comments?post=8927"}],"wp:featuredmedia":[{"embeddable":true,"href":"https:\/\/leinfelder-juweler.com\/en\/wp-json\/wp\/v2\/media\/10096"}],"wp:attachment":[{"href":"https:\/\/leinfelder-juweler.com\/en\/wp-json\/wp\/v2\/media?parent=8927"}],"wp:term":[{"taxonomy":"product_brand","embeddable":true,"href":"https:\/\/leinfelder-juweler.com\/en\/wp-json\/wp\/v2\/product_brand?post=8927"},{"taxonomy":"product_cat","embeddable":true,"href":"https:\/\/leinfelder-juweler.com\/en\/wp-json\/wp\/v2\/product_cat?post=8927"},{"taxonomy":"product_tag","embeddable":true,"href":"https:\/\/leinfelder-juweler.com\/en\/wp-json\/wp\/v2\/product_tag?post=8927"}],"curies":[{"name":"wp","href":"https:\/\/api.w.org\/{rel}","templated":true}]}}