{"id":8928,"date":"2025-11-20T18:09:09","date_gmt":"2025-11-20T15:09:09","guid":{"rendered":"https:\/\/leinfelder-juweler.com\/?post_type=product&#038;p=8928"},"modified":"2025-11-20T20:04:04","modified_gmt":"2025-11-20T17:04:04","slug":"ring-750-gelbgold-mit-cabochon","status":"publish","type":"product","link":"https:\/\/leinfelder-juweler.com\/en\/product\/ring-750-gelbgold-mit-cabochon\/","title":{"rendered":"Ring 750 Gelbgold mit Cabochon"},"content":{"rendered":"<p><strong>Ring 750 Gelbold mit Blautopas Cabochon <\/strong><\/p>\n<p data-mce-fragment=\"1\"><strong>Material: <\/strong>750 Yellow Gold<\/p>\n<p data-mce-fragment=\"1\"><strong>Stein: <\/strong>Blautopas Cabochon 3,53 ct 10 x 8 mm<\/p>\n<p data-mce-fragment=\"1\"><strong>Ringweite:<\/strong> 54<\/p>\n<p data-mce-fragment=\"1\"><strong>Ring 750 Gelbold mit Rosenquarz Cabochon <\/strong><\/p>\n<p data-mce-fragment=\"1\"><strong>Material: <\/strong>750 Yellow Gold<\/p>\n<p data-mce-fragment=\"1\"><strong>Stein: <\/strong>Rosenquarz Cabochon 2,21 ct Iaa 10 x 8 mm<\/p>\n<p data-mce-fragment=\"1\"><strong>Ringweite:<\/strong> 54<\/p>\n<p data-mce-fragment=\"1\"><strong>Ring 750 Gelbold mit Amethyst Cabochon <\/strong><\/p>\n<p data-mce-fragment=\"1\"><strong>Material: <\/strong>750 Yellow Gold<\/p>\n<p data-mce-fragment=\"1\"><strong>Stein: <\/strong>Amethyst Cabochon 2,64 ct 10 x 8 mm<\/p>\n<p data-mce-fragment=\"1\"><strong>Ringweite:<\/strong> 54<\/p>\n<p data-mce-fragment=\"1\"><strong>Die zarte Krappenfassung erinnert an einen Gl\u00fccksk\u00e4fer. Dank seiner zarten Ringschiene l\u00e4sst sich dieser charmante Ring perfekt kombinieren.<\/strong><\/p>\n<p><b>Hinweis: <\/b>Unsere Ringe sind in der angegebenen Gr\u00f6\u00dfe sofort lieferbar. Sollten sie sich einen Ring in einer anderen Gr\u00f6\u00dfe w\u00fcnschen, kontaktieren sie uns bitte. Wir informieren sie gerne \u00fcber die M\u00f6glichkeit und Dauer von Gr\u00f6\u00dfenanpassungen.<\/p>","protected":false},"excerpt":{"rendered":"<p>Ring 750 Gelbold mit Blautopas Cabochon Material: 750 Gelbgold Stein: Blautopas Cabochon 3,53 ct 10 x 8 mm Ringweite: 54 Ring 750 Gelbold mit Rosenquarz Cabochon Material: 750 Gelbgold Stein: Rosenquarz Cabochon 2,21 ct Iaa 10 x 8 mm Ringweite: 54 Ring 750 Gelbold mit Amethyst Cabochon Material: 750 Gelbgold Stein: Amethyst Cabochon 2,64 ct [&hellip;]<\/p>","protected":false},"featured_media":10097,"comment_status":"open","ping_status":"closed","template":"","meta":{"_acf_changed":false,"_et_pb_use_builder":"","_et_pb_old_content":"","_et_gb_content_width":"","inline_featured_image":false},"product_brand":[332],"product_cat":[295],"product_tag":[],"class_list":{"0":"post-8928","1":"product","2":"type-product","3":"status-publish","4":"has-post-thumbnail","6":"product_brand-leinfelder","7":"product_cat-ringe","9":"first","10":"outofstock","11":"shipping-taxable","12":"product-type-variable"},"acf":[],"_links":{"self":[{"href":"https:\/\/leinfelder-juweler.com\/en\/wp-json\/wp\/v2\/product\/8928","targetHints":{"allow":["GET"]}}],"collection":[{"href":"https:\/\/leinfelder-juweler.com\/en\/wp-json\/wp\/v2\/product"}],"about":[{"href":"https:\/\/leinfelder-juweler.com\/en\/wp-json\/wp\/v2\/types\/product"}],"replies":[{"embeddable":true,"href":"https:\/\/leinfelder-juweler.com\/en\/wp-json\/wp\/v2\/comments?post=8928"}],"wp:featuredmedia":[{"embeddable":true,"href":"https:\/\/leinfelder-juweler.com\/en\/wp-json\/wp\/v2\/media\/10097"}],"wp:attachment":[{"href":"https:\/\/leinfelder-juweler.com\/en\/wp-json\/wp\/v2\/media?parent=8928"}],"wp:term":[{"taxonomy":"product_brand","embeddable":true,"href":"https:\/\/leinfelder-juweler.com\/en\/wp-json\/wp\/v2\/product_brand?post=8928"},{"taxonomy":"product_cat","embeddable":true,"href":"https:\/\/leinfelder-juweler.com\/en\/wp-json\/wp\/v2\/product_cat?post=8928"},{"taxonomy":"product_tag","embeddable":true,"href":"https:\/\/leinfelder-juweler.com\/en\/wp-json\/wp\/v2\/product_tag?post=8928"}],"curies":[{"name":"wp","href":"https:\/\/api.w.org\/{rel}","templated":true}]}}