{"id":8934,"date":"2025-11-20T18:09:11","date_gmt":"2025-11-20T15:09:11","guid":{"rendered":"https:\/\/leinfelder-juweler.com\/?post_type=product&#038;p=8934"},"modified":"2025-11-20T20:04:40","modified_gmt":"2025-11-20T17:04:40","slug":"anhaenger-bavaria-gross","status":"publish","type":"product","link":"https:\/\/leinfelder-juweler.com\/en\/product\/anhaenger-bavaria-gross\/","title":{"rendered":"Anh\u00e4nger Bavaria &#8211; gro\u00df"},"content":{"rendered":"<p data-mce-fragment=\"1\"><strong>Anh\u00e4nger Bavaria &#8211; gro\u00df, ohne Kette<br \/><\/strong><\/p>\n<p><strong>Material: <\/strong>925 Sterling Silber, Figur und Lorbeerkranz in 750 Gelbgold<\/p>\n<p><strong>Ma\u00dfe: <\/strong>25 x 17,5 mm<\/p>","protected":false},"excerpt":{"rendered":"<p>Anh\u00e4nger Bavaria &#8211; gro\u00df, ohne Kette Material: 925 Sterling Silber, Figur und Lorbeerkranz in 750 Gelbgold Ma\u00dfe: 25 x 17,5 mm<\/p>","protected":false},"featured_media":10103,"comment_status":"open","ping_status":"closed","template":"","meta":{"_acf_changed":false,"_et_pb_use_builder":"","_et_pb_old_content":"","_et_gb_content_width":"","inline_featured_image":false},"product_brand":[332],"product_cat":[333],"product_tag":[],"class_list":{"0":"post-8934","1":"product","2":"type-product","3":"status-publish","4":"has-post-thumbnail","6":"product_brand-leinfelder","7":"product_cat-halsschmuck","9":"first","10":"instock","11":"shipping-taxable","12":"purchasable","13":"product-type-simple"},"acf":[],"_links":{"self":[{"href":"https:\/\/leinfelder-juweler.com\/en\/wp-json\/wp\/v2\/product\/8934","targetHints":{"allow":["GET"]}}],"collection":[{"href":"https:\/\/leinfelder-juweler.com\/en\/wp-json\/wp\/v2\/product"}],"about":[{"href":"https:\/\/leinfelder-juweler.com\/en\/wp-json\/wp\/v2\/types\/product"}],"replies":[{"embeddable":true,"href":"https:\/\/leinfelder-juweler.com\/en\/wp-json\/wp\/v2\/comments?post=8934"}],"wp:featuredmedia":[{"embeddable":true,"href":"https:\/\/leinfelder-juweler.com\/en\/wp-json\/wp\/v2\/media\/10103"}],"wp:attachment":[{"href":"https:\/\/leinfelder-juweler.com\/en\/wp-json\/wp\/v2\/media?parent=8934"}],"wp:term":[{"taxonomy":"product_brand","embeddable":true,"href":"https:\/\/leinfelder-juweler.com\/en\/wp-json\/wp\/v2\/product_brand?post=8934"},{"taxonomy":"product_cat","embeddable":true,"href":"https:\/\/leinfelder-juweler.com\/en\/wp-json\/wp\/v2\/product_cat?post=8934"},{"taxonomy":"product_tag","embeddable":true,"href":"https:\/\/leinfelder-juweler.com\/en\/wp-json\/wp\/v2\/product_tag?post=8934"}],"curies":[{"name":"wp","href":"https:\/\/api.w.org\/{rel}","templated":true}]}}