{"id":8941,"date":"2025-11-20T18:09:13","date_gmt":"2025-11-20T15:09:13","guid":{"rendered":"https:\/\/leinfelder-juweler.com\/?post_type=product&#038;p=8941"},"modified":"2025-11-20T20:05:21","modified_gmt":"2025-11-20T17:05:21","slug":"anhaenger-gluecksdrache","status":"publish","type":"product","link":"https:\/\/leinfelder-juweler.com\/en\/product\/anhaenger-gluecksdrache\/","title":{"rendered":"Anh\u00e4nger Gl\u00fccksdrache"},"content":{"rendered":"<p data-mce-fragment=\"1\"><strong>Anh\u00e4nger \u201eGl\u00fccksdrache&#8220; ohne Kette<br \/><\/strong><\/p>\n<p data-mce-fragment=\"1\"><strong>Material: <\/strong>925 Silber<\/p>\n<p data-mce-fragment=\"1\"><strong>Ma\u00dfe: <\/strong>15 mm<\/p>\n<p data-mce-fragment=\"1\"><strong>Der Leinfelder Drache ist ein vollplastischer, freundlicher Lindwurm. Das ist die Bezeichnung f\u00fcr ein schlangen-oder drachen\u00e4hnliches Fabelwesen. Der \u201eDrache\u201c\u00a0 Fafni aus dem Nibelungenlied gab die Inspiration zu diesem Schmuckst\u00fcck.<\/strong><\/p>","protected":false},"excerpt":{"rendered":"<p>Anh\u00e4nger \u201eGl\u00fccksdrache&#8220; ohne Kette Material: 925 Silber Ma\u00dfe: 15 mm Der Leinfelder Drache ist ein vollplastischer, freundlicher Lindwurm. Das ist die Bezeichnung f\u00fcr ein schlangen-oder drachen\u00e4hnliches Fabelwesen. Der \u201eDrache\u201c\u00a0 Fafni aus dem Nibelungenlied gab die Inspiration zu diesem Schmuckst\u00fcck.<\/p>","protected":false},"featured_media":10110,"comment_status":"open","ping_status":"closed","template":"","meta":{"_acf_changed":false,"_et_pb_use_builder":"","_et_pb_old_content":"","_et_gb_content_width":"","inline_featured_image":false},"product_brand":[332],"product_cat":[333],"product_tag":[],"class_list":{"0":"post-8941","1":"product","2":"type-product","3":"status-publish","4":"has-post-thumbnail","6":"product_brand-leinfelder","7":"product_cat-halsschmuck","9":"first","10":"outofstock","11":"shipping-taxable","12":"purchasable","13":"product-type-simple"},"acf":[],"_links":{"self":[{"href":"https:\/\/leinfelder-juweler.com\/en\/wp-json\/wp\/v2\/product\/8941","targetHints":{"allow":["GET"]}}],"collection":[{"href":"https:\/\/leinfelder-juweler.com\/en\/wp-json\/wp\/v2\/product"}],"about":[{"href":"https:\/\/leinfelder-juweler.com\/en\/wp-json\/wp\/v2\/types\/product"}],"replies":[{"embeddable":true,"href":"https:\/\/leinfelder-juweler.com\/en\/wp-json\/wp\/v2\/comments?post=8941"}],"wp:featuredmedia":[{"embeddable":true,"href":"https:\/\/leinfelder-juweler.com\/en\/wp-json\/wp\/v2\/media\/10110"}],"wp:attachment":[{"href":"https:\/\/leinfelder-juweler.com\/en\/wp-json\/wp\/v2\/media?parent=8941"}],"wp:term":[{"taxonomy":"product_brand","embeddable":true,"href":"https:\/\/leinfelder-juweler.com\/en\/wp-json\/wp\/v2\/product_brand?post=8941"},{"taxonomy":"product_cat","embeddable":true,"href":"https:\/\/leinfelder-juweler.com\/en\/wp-json\/wp\/v2\/product_cat?post=8941"},{"taxonomy":"product_tag","embeddable":true,"href":"https:\/\/leinfelder-juweler.com\/en\/wp-json\/wp\/v2\/product_tag?post=8941"}],"curies":[{"name":"wp","href":"https:\/\/api.w.org\/{rel}","templated":true}]}}