{"id":8946,"date":"2025-11-20T18:09:15","date_gmt":"2025-11-20T15:09:15","guid":{"rendered":"https:\/\/leinfelder-juweler.com\/?post_type=product&#038;p=8946"},"modified":"2025-11-20T20:05:55","modified_gmt":"2025-11-20T17:05:55","slug":"armreif-750-gelbgold-mit-1-brillant-im-verschluss","status":"publish","type":"product","link":"https:\/\/leinfelder-juweler.com\/en\/product\/armreif-750-gelbgold-mit-1-brillant-im-verschluss\/","title":{"rendered":"Armreif 750 Gelbgold mit 1 Brillant im Verschluss"},"content":{"rendered":"<p data-mce-fragment=\"1\"><strong>Armreif 750 Gelbgold mit Brillant<\/strong><\/p>\n<p data-mce-fragment=\"1\"><strong>Material: <\/strong>750 Yellow Gold<\/p>\n<p><strong>Stein: <\/strong>1 Brillant \u00d8 2,5 mm 0,06 ct tw vsi<\/p>\n<p><strong>Ma\u00dfe: <\/strong>7 mm breit, innen ca. 59 x 49 mm<\/p>\n<p><strong>Der Querschnitt ist oval, die Innenfl\u00e4che ist leicht gew\u00f6lbt und poliert \u2013 das sorgt f\u00fcr den wunderbaren Tragekomfort.<\/strong><\/p>","protected":false},"excerpt":{"rendered":"<p>Armreif 750 Gelbgold mit Brillant Material: 750 Gelbgold Stein: 1 Brillant \u00d8 2,5 mm 0,06 ct tw vsi Ma\u00dfe: 7 mm breit, innen ca. 59 x 49 mm Der Querschnitt ist oval, die Innenfl\u00e4che ist leicht gew\u00f6lbt und poliert \u2013 das sorgt f\u00fcr den wunderbaren Tragekomfort.<\/p>","protected":false},"featured_media":10115,"comment_status":"open","ping_status":"closed","template":"","meta":{"_acf_changed":false,"_et_pb_use_builder":"","_et_pb_old_content":"","_et_gb_content_width":"","inline_featured_image":false},"product_brand":[332],"product_cat":[335],"product_tag":[],"class_list":{"0":"post-8946","1":"product","2":"type-product","3":"status-publish","4":"has-post-thumbnail","6":"product_brand-leinfelder","7":"product_cat-armschmuck","9":"first","10":"outofstock","11":"shipping-taxable","12":"purchasable","13":"product-type-simple"},"acf":[],"_links":{"self":[{"href":"https:\/\/leinfelder-juweler.com\/en\/wp-json\/wp\/v2\/product\/8946","targetHints":{"allow":["GET"]}}],"collection":[{"href":"https:\/\/leinfelder-juweler.com\/en\/wp-json\/wp\/v2\/product"}],"about":[{"href":"https:\/\/leinfelder-juweler.com\/en\/wp-json\/wp\/v2\/types\/product"}],"replies":[{"embeddable":true,"href":"https:\/\/leinfelder-juweler.com\/en\/wp-json\/wp\/v2\/comments?post=8946"}],"wp:featuredmedia":[{"embeddable":true,"href":"https:\/\/leinfelder-juweler.com\/en\/wp-json\/wp\/v2\/media\/10115"}],"wp:attachment":[{"href":"https:\/\/leinfelder-juweler.com\/en\/wp-json\/wp\/v2\/media?parent=8946"}],"wp:term":[{"taxonomy":"product_brand","embeddable":true,"href":"https:\/\/leinfelder-juweler.com\/en\/wp-json\/wp\/v2\/product_brand?post=8946"},{"taxonomy":"product_cat","embeddable":true,"href":"https:\/\/leinfelder-juweler.com\/en\/wp-json\/wp\/v2\/product_cat?post=8946"},{"taxonomy":"product_tag","embeddable":true,"href":"https:\/\/leinfelder-juweler.com\/en\/wp-json\/wp\/v2\/product_tag?post=8946"}],"curies":[{"name":"wp","href":"https:\/\/api.w.org\/{rel}","templated":true}]}}