{"id":8948,"date":"2025-11-20T18:09:15","date_gmt":"2025-11-20T15:09:15","guid":{"rendered":"https:\/\/leinfelder-juweler.com\/?post_type=product&#038;p=8948"},"modified":"2025-11-20T20:06:10","modified_gmt":"2025-11-20T17:06:10","slug":"anhaenger-750-gelbgold-mit-einem-aquamarin","status":"publish","type":"product","link":"https:\/\/leinfelder-juweler.com\/en\/product\/anhaenger-750-gelbgold-mit-einem-aquamarin\/","title":{"rendered":"Anh\u00e4nger 750 Gelbgold mit einem Aquamarin"},"content":{"rendered":"<p data-mce-fragment=\"1\"><strong>Anh\u00e4nger 750 Gelbgold mit Aquamarin<\/strong><\/p>\n<p data-mce-fragment=\"1\"><strong>Material: <\/strong>750 Yellow Gold<\/p>\n<p><strong>Stein:\u00a0<\/strong>Aquamarin 4,35 ct 12 x 10 mm facettiert oval<\/p>\n<p><strong>Die raffiniert gestufte Fassung setzt den traumhaften Aquamarin <\/strong><\/p>\n<p><strong>im Facettenschliff ins richtige Licht.<\/strong><\/p>\n<p data-mce-fragment=\"1\"><strong>Die bewegliche \u00d6se l\u00e4sst das Schmuckst\u00fcck perfekt anliegen.<\/strong><\/p>\n<p><strong>Passend zu diesem Anh\u00e4nger empfehlen wir eine der folgenden Ketten: <\/strong><\/p>\n<p><strong>Ovale Erbskette 4,4 mm \/ 63 cm:<\/strong><\/p>\n<p><a href=\"https:\/\/shop.leinfelder-goldschmiede.de\/products\/ovale-erbskette-4-4-63-cm\"><img decoding=\"async\" alt=\"Ovale Erbskette  4,4 mm \/ 63 cm\" src=\"https:\/\/cdn.shopify.com\/s\/files\/1\/0537\/7205\/8797\/files\/38_55_19_D_4_4_zugeschnitten.jpg?v=1616745740\" rel=\"noopener\" target=\"_blank\"><\/a><\/p>\n<p><strong>Schn\u00fcre 5-reihig 5,4 mm \/ 45 cm:<\/strong><\/p>\n<p><a href=\"https:\/\/shop.leinfelder-goldschmiede.de\/products\/schnure-5-reihig-5-4-mm-45-cm\"><img decoding=\"async\" alt=\"Schn\u00fcre 5-reihig 5,4 mm \/ 45 cm\" src=\"https:\/\/cdn.shopify.com\/s\/files\/1\/0537\/7205\/8797\/files\/97_55_112_Schnuere_5-reihig_zugeschnitten.jpg?v=1616748901\"><\/a><\/p>\n<p><strong>Satinband mit Bajonett 2,7 mm \/ 50 cm:<\/strong><\/p>\n<p><a href=\"https:\/\/shop.leinfelder-goldschmiede.de\/products\/satinband-mit-bajonett-2-7-mm-50-cm\"><img decoding=\"async\" alt=\"Satinband mit Bajonett 2,7 mm \/ 50 cm\" src=\"https:\/\/cdn.shopify.com\/s\/files\/1\/0537\/7205\/8797\/files\/97_55_433_Satinband_mit_Bajonett_2_7_mm_zugeschnitten.jpg?v=1616748928\"><\/a><\/p>","protected":false},"excerpt":{"rendered":"<p>Anh\u00e4nger 750 Gelbgold mit Aquamarin Material: 750 Gelbgold Stein:\u00a0Aquamarin 4,35 ct 12 x 10 mm facettiert oval Die raffiniert gestufte Fassung setzt den traumhaften Aquamarin im Facettenschliff ins richtige Licht. Die bewegliche \u00d6se l\u00e4sst das Schmuckst\u00fcck perfekt anliegen. Passend zu diesem Anh\u00e4nger empfehlen wir eine der folgenden Ketten: Ovale Erbskette 4,4 mm \/ 63 cm: [&hellip;]<\/p>","protected":false},"featured_media":10117,"comment_status":"open","ping_status":"closed","template":"","meta":{"_acf_changed":false,"_et_pb_use_builder":"","_et_pb_old_content":"","_et_gb_content_width":"","inline_featured_image":false},"product_brand":[332],"product_cat":[333],"product_tag":[],"class_list":{"0":"post-8948","1":"product","2":"type-product","3":"status-publish","4":"has-post-thumbnail","6":"product_brand-leinfelder","7":"product_cat-halsschmuck","9":"first","10":"outofstock","11":"shipping-taxable","12":"purchasable","13":"product-type-simple"},"acf":[],"_links":{"self":[{"href":"https:\/\/leinfelder-juweler.com\/en\/wp-json\/wp\/v2\/product\/8948","targetHints":{"allow":["GET"]}}],"collection":[{"href":"https:\/\/leinfelder-juweler.com\/en\/wp-json\/wp\/v2\/product"}],"about":[{"href":"https:\/\/leinfelder-juweler.com\/en\/wp-json\/wp\/v2\/types\/product"}],"replies":[{"embeddable":true,"href":"https:\/\/leinfelder-juweler.com\/en\/wp-json\/wp\/v2\/comments?post=8948"}],"wp:featuredmedia":[{"embeddable":true,"href":"https:\/\/leinfelder-juweler.com\/en\/wp-json\/wp\/v2\/media\/10117"}],"wp:attachment":[{"href":"https:\/\/leinfelder-juweler.com\/en\/wp-json\/wp\/v2\/media?parent=8948"}],"wp:term":[{"taxonomy":"product_brand","embeddable":true,"href":"https:\/\/leinfelder-juweler.com\/en\/wp-json\/wp\/v2\/product_brand?post=8948"},{"taxonomy":"product_cat","embeddable":true,"href":"https:\/\/leinfelder-juweler.com\/en\/wp-json\/wp\/v2\/product_cat?post=8948"},{"taxonomy":"product_tag","embeddable":true,"href":"https:\/\/leinfelder-juweler.com\/en\/wp-json\/wp\/v2\/product_tag?post=8948"}],"curies":[{"name":"wp","href":"https:\/\/api.w.org\/{rel}","templated":true}]}}