{"id":8952,"date":"2025-11-20T18:09:31","date_gmt":"2025-11-20T15:09:31","guid":{"rendered":"https:\/\/leinfelder-juweler.com\/?post_type=product&#038;p=8952"},"modified":"2025-11-20T20:06:38","modified_gmt":"2025-11-20T17:06:38","slug":"anhaenger-750-gelbgold-rubellit-und-brillanten-2","status":"publish","type":"product","link":"https:\/\/leinfelder-juweler.com\/en\/product\/anhaenger-750-gelbgold-rubellit-und-brillanten-2\/","title":{"rendered":"Anh\u00e4nger 750 Gelbgold Rubellit und Brillanten"},"content":{"rendered":"<p data-mce-fragment=\"1\"><strong>Anh\u00e4nger 750 Gelbgold mit Rubellit und Brillanten an einer beweglichen \u00d6se<\/strong><\/p>\n<p data-mce-fragment=\"1\"><strong>Material: <\/strong>750 Yellow Gold<\/p>\n<p><strong>Stones: <\/strong>13,23 ct Rubellit Cabochon Madagaskar Iaa 16 x 13 mm und 40 Brillanten, gesamt 0,236 ct tw vvs<\/p>\n<p data-mce-fragment=\"1\"><strong>Z\u00e4rtlich umschmiegt ein Kranz aus Brillanten den leuchtenden Rubellit Cabochon. Die bewegliche \u00d6se l\u00e4sst das Schmuckst\u00fcck perfekt anliegen.\u00a0<\/strong><\/p>\n<p><strong>Passend zu diesem Anh\u00e4nger empfehlen wir eine der folgenden Ketten: <\/strong><\/p>\n<p><strong>Ovale Erbskette 4,4 mm \/ 63 cm:<\/strong><\/p>\n<p><a href=\"https:\/\/shop.leinfelder-goldschmiede.de\/products\/ovale-erbskette-4-4-63-cm\"><img decoding=\"async\" rel=\"noopener\" src=\"https:\/\/cdn.shopify.com\/s\/files\/1\/0537\/7205\/8797\/files\/38_55_19_D_4_4_zugeschnitten.jpg?v=1616745740\" alt=\"Ovale Erbskette  4,4 mm \/ 63 cm\" target=\"_blank\"><\/a><\/p>\n<p><strong>Schn\u00fcre 5-reihig 5,4 mm \/ 45 cm:<\/strong><\/p>\n<p><a href=\"https:\/\/shop.leinfelder-goldschmiede.de\/products\/schnure-5-reihig-5-4-mm-45-cm\"><img decoding=\"async\" src=\"https:\/\/cdn.shopify.com\/s\/files\/1\/0537\/7205\/8797\/files\/97_55_112_Schnuere_5-reihig_zugeschnitten.jpg?v=1616748901\" alt=\"Schn\u00fcre 5-reihig 5,4 mm \/ 45 cm\"><\/a><\/p>\n<p><strong>Satinband mit Bajonett 2,7 mm \/ 50 cm:<\/strong><\/p>\n<p><a href=\"https:\/\/shop.leinfelder-goldschmiede.de\/products\/satinband-mit-bajonett-2-7-mm-50-cm\"><img decoding=\"async\" src=\"https:\/\/cdn.shopify.com\/s\/files\/1\/0537\/7205\/8797\/files\/97_55_433_Satinband_mit_Bajonett_2_7_mm_zugeschnitten.jpg?v=1616748928\" alt=\"Satinband mit Bajonett 2,7 mm \/ 50 cm\"><\/a><\/p>","protected":false},"excerpt":{"rendered":"<p>Anh\u00e4nger 750 Gelbgold mit Rubellit und Brillanten an einer beweglichen \u00d6se Material: 750 Gelbgold Steine: 13,23 ct Rubellit Cabochon Madagaskar Iaa 16 x 13 mm und 40 Brillanten, gesamt 0,236 ct tw vvs Z\u00e4rtlich umschmiegt ein Kranz aus Brillanten den leuchtenden Rubellit Cabochon. Die bewegliche \u00d6se l\u00e4sst das Schmuckst\u00fcck perfekt anliegen.\u00a0 Passend zu diesem Anh\u00e4nger [&hellip;]<\/p>","protected":false},"featured_media":10121,"comment_status":"open","ping_status":"closed","template":"","meta":{"_acf_changed":false,"_et_pb_use_builder":"","_et_pb_old_content":"","_et_gb_content_width":"","inline_featured_image":false},"product_brand":[332],"product_cat":[333],"product_tag":[],"class_list":{"0":"post-8952","1":"product","2":"type-product","3":"status-publish","4":"has-post-thumbnail","6":"product_brand-leinfelder","7":"product_cat-halsschmuck","9":"first","10":"outofstock","11":"shipping-taxable","12":"purchasable","13":"product-type-simple"},"acf":[],"_links":{"self":[{"href":"https:\/\/leinfelder-juweler.com\/en\/wp-json\/wp\/v2\/product\/8952","targetHints":{"allow":["GET"]}}],"collection":[{"href":"https:\/\/leinfelder-juweler.com\/en\/wp-json\/wp\/v2\/product"}],"about":[{"href":"https:\/\/leinfelder-juweler.com\/en\/wp-json\/wp\/v2\/types\/product"}],"replies":[{"embeddable":true,"href":"https:\/\/leinfelder-juweler.com\/en\/wp-json\/wp\/v2\/comments?post=8952"}],"wp:featuredmedia":[{"embeddable":true,"href":"https:\/\/leinfelder-juweler.com\/en\/wp-json\/wp\/v2\/media\/10121"}],"wp:attachment":[{"href":"https:\/\/leinfelder-juweler.com\/en\/wp-json\/wp\/v2\/media?parent=8952"}],"wp:term":[{"taxonomy":"product_brand","embeddable":true,"href":"https:\/\/leinfelder-juweler.com\/en\/wp-json\/wp\/v2\/product_brand?post=8952"},{"taxonomy":"product_cat","embeddable":true,"href":"https:\/\/leinfelder-juweler.com\/en\/wp-json\/wp\/v2\/product_cat?post=8952"},{"taxonomy":"product_tag","embeddable":true,"href":"https:\/\/leinfelder-juweler.com\/en\/wp-json\/wp\/v2\/product_tag?post=8952"}],"curies":[{"name":"wp","href":"https:\/\/api.w.org\/{rel}","templated":true}]}}