{"id":8953,"date":"2025-11-20T18:09:32","date_gmt":"2025-11-20T15:09:32","guid":{"rendered":"https:\/\/leinfelder-juweler.com\/?post_type=product&#038;p=8953"},"modified":"2025-11-20T20:06:45","modified_gmt":"2025-11-20T17:06:45","slug":"vario-ohrschmuck-einhaenger-59","status":"publish","type":"product","link":"https:\/\/leinfelder-juweler.com\/en\/product\/vario-ohrschmuck-einhaenger-59\/","title":{"rendered":"Vario Ohrschmuck Einh\u00e4nger"},"content":{"rendered":"<p><strong>Vario Ohrschmuck Einh\u00e4nger:<\/strong> <span data-mce-fragment=\"1\"><\/span><\/p>\n<p><strong>Material:\u00a0<\/strong>750 Wei\u00dfgold<\/p>\n<p><strong>Stones:\u00a0<\/strong>88 Brillanten \u00d8 1,3 mm<span> <\/span>= 0,792 ct tw vsi\u00a0und S\u00fc\u00dfwasser Perlquasten<\/p>\n<p>\u00d8 2,5 mm\u00a010-fach<\/p>\n<p><strong>Die \u00fcppigen Perlquasten flie\u00dfen f\u00f6rmlich aus den mit Brillanten besetzten Goldkappen und verleihen den vielf\u00e4ltigen Oberteilen unserer Vario-Kollektion den richtigen Schwung.<\/strong><\/p>\n<p><\/p>\n<div>\n<strong><\/strong>\n<\/div>","protected":false},"excerpt":{"rendered":"<p>Vario Ohrschmuck Einh\u00e4nger: Material:\u00a0750 Wei\u00dfgold Steine:\u00a088 Brillanten \u00d8 1,3 mm = 0,792 ct tw vsi\u00a0und S\u00fc\u00dfwasser Perlquasten \u00d8 2,5 mm\u00a010-fach Die \u00fcppigen Perlquasten flie\u00dfen f\u00f6rmlich aus den mit Brillanten besetzten Goldkappen und verleihen den vielf\u00e4ltigen Oberteilen unserer Vario-Kollektion den richtigen Schwung.<\/p>","protected":false},"featured_media":10122,"comment_status":"open","ping_status":"closed","template":"","meta":{"_acf_changed":false,"_et_pb_use_builder":"","_et_pb_old_content":"","_et_gb_content_width":"","inline_featured_image":false},"product_brand":[332],"product_cat":[331],"product_tag":[],"class_list":{"0":"post-8953","1":"product","2":"type-product","3":"status-publish","4":"has-post-thumbnail","6":"product_brand-leinfelder","7":"product_cat-ohrschmuck","9":"first","10":"outofstock","11":"shipping-taxable","12":"purchasable","13":"product-type-simple"},"acf":[],"_links":{"self":[{"href":"https:\/\/leinfelder-juweler.com\/en\/wp-json\/wp\/v2\/product\/8953","targetHints":{"allow":["GET"]}}],"collection":[{"href":"https:\/\/leinfelder-juweler.com\/en\/wp-json\/wp\/v2\/product"}],"about":[{"href":"https:\/\/leinfelder-juweler.com\/en\/wp-json\/wp\/v2\/types\/product"}],"replies":[{"embeddable":true,"href":"https:\/\/leinfelder-juweler.com\/en\/wp-json\/wp\/v2\/comments?post=8953"}],"wp:featuredmedia":[{"embeddable":true,"href":"https:\/\/leinfelder-juweler.com\/en\/wp-json\/wp\/v2\/media\/10122"}],"wp:attachment":[{"href":"https:\/\/leinfelder-juweler.com\/en\/wp-json\/wp\/v2\/media?parent=8953"}],"wp:term":[{"taxonomy":"product_brand","embeddable":true,"href":"https:\/\/leinfelder-juweler.com\/en\/wp-json\/wp\/v2\/product_brand?post=8953"},{"taxonomy":"product_cat","embeddable":true,"href":"https:\/\/leinfelder-juweler.com\/en\/wp-json\/wp\/v2\/product_cat?post=8953"},{"taxonomy":"product_tag","embeddable":true,"href":"https:\/\/leinfelder-juweler.com\/en\/wp-json\/wp\/v2\/product_tag?post=8953"}],"curies":[{"name":"wp","href":"https:\/\/api.w.org\/{rel}","templated":true}]}}