{"id":8959,"date":"2025-11-20T18:09:34","date_gmt":"2025-11-20T15:09:34","guid":{"rendered":"https:\/\/leinfelder-juweler.com\/?post_type=product&#038;p=8959"},"modified":"2025-11-20T20:07:23","modified_gmt":"2025-11-20T17:07:23","slug":"vario-ohrschmuck-einhaenger-65","status":"publish","type":"product","link":"https:\/\/leinfelder-juweler.com\/en\/product\/vario-ohrschmuck-einhaenger-65\/","title":{"rendered":"Vario Ohrschmuck Einh\u00e4nger"},"content":{"rendered":"<p><strong>Vario Ohrschmuck Einh\u00e4nger:<br \/><\/strong><\/p>\n<p><strong>Material:\u00a0<\/strong>750 Yellow Gold<\/p>\n<p><strong>Stones: <\/strong>2 Saphire 0,25 ct \u00d8 3 mm rund facettiert mit 8 pink Saphir Cabochons\u00a0 \u00d8 1,5 mm und orangen Mondstein Pampeln 8,61 ct 14 x 7 mm<\/p>\n<p><strong>Leicht und unbeschwert.<\/strong><\/p>\n<p><strong>Diese Einh\u00e4nger bestechen mit k\u00f6nigsblauen Saphiren und zarten orangen Mondstein Pampeln, die in einer Krone mit 8 pinken Saphir Cabochons gefasst sind.<\/strong><\/p>","protected":false},"excerpt":{"rendered":"<p>Vario Ohrschmuck Einh\u00e4nger: Material:\u00a0750 Gelbgold Steine: 2 Saphire 0,25 ct \u00d8 3 mm rund facettiert mit 8 pink Saphir Cabochons\u00a0 \u00d8 1,5 mm und orangen Mondstein Pampeln 8,61 ct 14 x 7 mm Leicht und unbeschwert. Diese Einh\u00e4nger bestechen mit k\u00f6nigsblauen Saphiren und zarten orangen Mondstein Pampeln, die in einer Krone mit 8 pinken Saphir [&hellip;]<\/p>","protected":false},"featured_media":10128,"comment_status":"open","ping_status":"closed","template":"","meta":{"_acf_changed":false,"_et_pb_use_builder":"","_et_pb_old_content":"","_et_gb_content_width":"","inline_featured_image":false},"product_brand":[332],"product_cat":[331],"product_tag":[],"class_list":{"0":"post-8959","1":"product","2":"type-product","3":"status-publish","4":"has-post-thumbnail","6":"product_brand-leinfelder","7":"product_cat-ohrschmuck","9":"first","10":"outofstock","11":"shipping-taxable","12":"purchasable","13":"product-type-simple"},"acf":[],"_links":{"self":[{"href":"https:\/\/leinfelder-juweler.com\/en\/wp-json\/wp\/v2\/product\/8959","targetHints":{"allow":["GET"]}}],"collection":[{"href":"https:\/\/leinfelder-juweler.com\/en\/wp-json\/wp\/v2\/product"}],"about":[{"href":"https:\/\/leinfelder-juweler.com\/en\/wp-json\/wp\/v2\/types\/product"}],"replies":[{"embeddable":true,"href":"https:\/\/leinfelder-juweler.com\/en\/wp-json\/wp\/v2\/comments?post=8959"}],"wp:featuredmedia":[{"embeddable":true,"href":"https:\/\/leinfelder-juweler.com\/en\/wp-json\/wp\/v2\/media\/10128"}],"wp:attachment":[{"href":"https:\/\/leinfelder-juweler.com\/en\/wp-json\/wp\/v2\/media?parent=8959"}],"wp:term":[{"taxonomy":"product_brand","embeddable":true,"href":"https:\/\/leinfelder-juweler.com\/en\/wp-json\/wp\/v2\/product_brand?post=8959"},{"taxonomy":"product_cat","embeddable":true,"href":"https:\/\/leinfelder-juweler.com\/en\/wp-json\/wp\/v2\/product_cat?post=8959"},{"taxonomy":"product_tag","embeddable":true,"href":"https:\/\/leinfelder-juweler.com\/en\/wp-json\/wp\/v2\/product_tag?post=8959"}],"curies":[{"name":"wp","href":"https:\/\/api.w.org\/{rel}","templated":true}]}}