{"id":8962,"date":"2025-11-20T18:09:35","date_gmt":"2025-11-20T15:09:35","guid":{"rendered":"https:\/\/leinfelder-juweler.com\/?post_type=product&#038;p=8962"},"modified":"2025-11-20T20:07:42","modified_gmt":"2025-11-20T17:07:42","slug":"vario-ohrschmuck-einhaenger-68","status":"publish","type":"product","link":"https:\/\/leinfelder-juweler.com\/en\/product\/vario-ohrschmuck-einhaenger-68\/","title":{"rendered":"Vario Ohrschmuck Einh\u00e4nger"},"content":{"rendered":"<p><strong>Vario Ohrschmuck <\/strong><strong>Einh\u00e4nger:<\/strong><\/p>\n<p><strong>Material:\u00a0<\/strong>750 Yellow Gold<\/p>\n<p><strong>Stones: <\/strong>2 Saphire 0,66 ct \u00d8 4,0 mm rund facettiert und wei\u00dfe Mondstein Pampeln 25,84 ct 19 x 12,2 mm<\/p>\n<p><strong>Die wei\u00dfen Mondstein Pampeln verleihen diesen Einh\u00e4ngern einen geheimnisvollen seidigen Schimmer.<\/strong><\/p>\n<p><strong>Leuchtend blaue Saphire, umgeben von warmem Gelbgold runden das Kunstwerk ab.<\/strong><\/p>","protected":false},"excerpt":{"rendered":"<p>Vario Ohrschmuck Einh\u00e4nger: Material:\u00a0750 Gelbgold Steine: 2 Saphire 0,66 ct \u00d8 4,0 mm rund facettiert und wei\u00dfe Mondstein Pampeln 25,84 ct 19 x 12,2 mm Die wei\u00dfen Mondstein Pampeln verleihen diesen Einh\u00e4ngern einen geheimnisvollen seidigen Schimmer. Leuchtend blaue Saphire, umgeben von warmem Gelbgold runden das Kunstwerk ab.<\/p>","protected":false},"featured_media":10131,"comment_status":"open","ping_status":"closed","template":"","meta":{"_acf_changed":false,"_et_pb_use_builder":"","_et_pb_old_content":"","_et_gb_content_width":"","inline_featured_image":false},"product_brand":[332],"product_cat":[331],"product_tag":[],"class_list":{"0":"post-8962","1":"product","2":"type-product","3":"status-publish","4":"has-post-thumbnail","6":"product_brand-leinfelder","7":"product_cat-ohrschmuck","9":"first","10":"outofstock","11":"shipping-taxable","12":"purchasable","13":"product-type-simple"},"acf":[],"_links":{"self":[{"href":"https:\/\/leinfelder-juweler.com\/en\/wp-json\/wp\/v2\/product\/8962","targetHints":{"allow":["GET"]}}],"collection":[{"href":"https:\/\/leinfelder-juweler.com\/en\/wp-json\/wp\/v2\/product"}],"about":[{"href":"https:\/\/leinfelder-juweler.com\/en\/wp-json\/wp\/v2\/types\/product"}],"replies":[{"embeddable":true,"href":"https:\/\/leinfelder-juweler.com\/en\/wp-json\/wp\/v2\/comments?post=8962"}],"wp:featuredmedia":[{"embeddable":true,"href":"https:\/\/leinfelder-juweler.com\/en\/wp-json\/wp\/v2\/media\/10131"}],"wp:attachment":[{"href":"https:\/\/leinfelder-juweler.com\/en\/wp-json\/wp\/v2\/media?parent=8962"}],"wp:term":[{"taxonomy":"product_brand","embeddable":true,"href":"https:\/\/leinfelder-juweler.com\/en\/wp-json\/wp\/v2\/product_brand?post=8962"},{"taxonomy":"product_cat","embeddable":true,"href":"https:\/\/leinfelder-juweler.com\/en\/wp-json\/wp\/v2\/product_cat?post=8962"},{"taxonomy":"product_tag","embeddable":true,"href":"https:\/\/leinfelder-juweler.com\/en\/wp-json\/wp\/v2\/product_tag?post=8962"}],"curies":[{"name":"wp","href":"https:\/\/api.w.org\/{rel}","templated":true}]}}