{"id":8964,"date":"2025-11-20T18:09:36","date_gmt":"2025-11-20T15:09:36","guid":{"rendered":"https:\/\/leinfelder-juweler.com\/?post_type=product&#038;p=8964"},"modified":"2025-11-20T20:07:57","modified_gmt":"2025-11-20T17:07:57","slug":"vario-ohrschmuck-einhaenger-70","status":"publish","type":"product","link":"https:\/\/leinfelder-juweler.com\/en\/product\/vario-ohrschmuck-einhaenger-70\/","title":{"rendered":"Vario Ohrschmuck Einh\u00e4nger"},"content":{"rendered":"<p data-mce-fragment=\"1\"><strong data-mce-fragment=\"1\">Vario Ohrschmuck <\/strong><strong data-mce-fragment=\"1\">Einh\u00e4nger:<\/strong><\/p>\n<p><span data-mce-fragment=\"1\"><\/span><\/p>\n<p><strong>Material:\u00a0<\/strong>750 Yellow Gold<\/p>\n<p><strong>Stones:\u00a0<\/strong>88 Brillanten \u00d8 1,3 mm<span> <\/span>= 0,792 ct tw vsi\u00a0und wei\u00dfe Labradorit- Quasten \u00d8 2,5 mm jeweils 10-fach<\/p>\n<p><strong>Eine Kaskade aus wei\u00dfen Labradorit- Quasten flie\u00dft f\u00f6rmlich aus den mit Brillanten besetzten Goldkappen.<\/strong><\/p>\n<div><strong><\/strong><\/div>","protected":false},"excerpt":{"rendered":"<p>Vario Ohrschmuck Einh\u00e4nger: Material:\u00a0750 Gelbgold Steine:\u00a088 Brillanten \u00d8 1,3 mm = 0,792 ct tw vsi\u00a0und wei\u00dfe Labradorit- Quasten \u00d8 2,5 mm jeweils 10-fach Eine Kaskade aus wei\u00dfen Labradorit- Quasten flie\u00dft f\u00f6rmlich aus den mit Brillanten besetzten Goldkappen.<\/p>","protected":false},"featured_media":10133,"comment_status":"open","ping_status":"closed","template":"","meta":{"_acf_changed":false,"_et_pb_use_builder":"","_et_pb_old_content":"","_et_gb_content_width":"","inline_featured_image":false},"product_brand":[332],"product_cat":[331],"product_tag":[248],"class_list":{"0":"post-8964","1":"product","2":"type-product","3":"status-publish","4":"has-post-thumbnail","6":"product_brand-leinfelder","7":"product_cat-ohrschmuck","8":"product_tag-tassels","10":"first","11":"instock","12":"shipping-taxable","13":"purchasable","14":"product-type-simple"},"acf":[],"_links":{"self":[{"href":"https:\/\/leinfelder-juweler.com\/en\/wp-json\/wp\/v2\/product\/8964","targetHints":{"allow":["GET"]}}],"collection":[{"href":"https:\/\/leinfelder-juweler.com\/en\/wp-json\/wp\/v2\/product"}],"about":[{"href":"https:\/\/leinfelder-juweler.com\/en\/wp-json\/wp\/v2\/types\/product"}],"replies":[{"embeddable":true,"href":"https:\/\/leinfelder-juweler.com\/en\/wp-json\/wp\/v2\/comments?post=8964"}],"wp:featuredmedia":[{"embeddable":true,"href":"https:\/\/leinfelder-juweler.com\/en\/wp-json\/wp\/v2\/media\/10133"}],"wp:attachment":[{"href":"https:\/\/leinfelder-juweler.com\/en\/wp-json\/wp\/v2\/media?parent=8964"}],"wp:term":[{"taxonomy":"product_brand","embeddable":true,"href":"https:\/\/leinfelder-juweler.com\/en\/wp-json\/wp\/v2\/product_brand?post=8964"},{"taxonomy":"product_cat","embeddable":true,"href":"https:\/\/leinfelder-juweler.com\/en\/wp-json\/wp\/v2\/product_cat?post=8964"},{"taxonomy":"product_tag","embeddable":true,"href":"https:\/\/leinfelder-juweler.com\/en\/wp-json\/wp\/v2\/product_tag?post=8964"}],"curies":[{"name":"wp","href":"https:\/\/api.w.org\/{rel}","templated":true}]}}