{"id":8965,"date":"2025-11-20T18:09:36","date_gmt":"2025-11-20T15:09:36","guid":{"rendered":"https:\/\/leinfelder-juweler.com\/?post_type=product&#038;p=8965"},"modified":"2025-11-20T20:08:04","modified_gmt":"2025-11-20T17:08:04","slug":"vario-ohrschmuck-oberteile-rund-mit-brillanten","status":"publish","type":"product","link":"https:\/\/leinfelder-juweler.com\/en\/product\/vario-ohrschmuck-oberteile-rund-mit-brillanten\/","title":{"rendered":"Vario Ohrschmuck Oberteile rund mit Brillanten"},"content":{"rendered":"<p><strong>Vario Ohrschmuck Oberteile kombinierbar mit verschiedenen Einh\u00e4ngern:<\/strong><\/p>\n<p><strong>Runde Ohrstecker\u00a0mit Brillanten<br \/><\/strong><\/p>\n<p><strong>Material: <\/strong>750 Wei\u00dfgold<\/p>\n<p><strong>Ma\u00dfe: <\/strong>\u00d8 13 mm<\/p>\n<p><strong>Stones: <\/strong>234 Brillanten gesamt 2,46 ct tw vsi<\/p>\n<p><strong>Starker Auftritt!<\/strong><\/p>\n<p><strong>\u00dcber 230 Brillanten erzeugen ein wahres Feuerwerk in diesen beeindruckenden Ohrringen.<\/strong><\/p>\n<div>\u00a0<\/div>","protected":false},"excerpt":{"rendered":"<p>Vario Ohrschmuck Oberteile kombinierbar mit verschiedenen Einh\u00e4ngern: Runde Ohrstecker\u00a0mit Brillanten Material: 750 Wei\u00dfgold Ma\u00dfe: \u00d8 13 mm Steine: 234 Brillanten gesamt 2,46 ct tw vsi Starker Auftritt! \u00dcber 230 Brillanten erzeugen ein wahres Feuerwerk in diesen beeindruckenden Ohrringen. \u00a0<\/p>","protected":false},"featured_media":10134,"comment_status":"open","ping_status":"closed","template":"","meta":{"_acf_changed":false,"_et_pb_use_builder":"","_et_pb_old_content":"","_et_gb_content_width":"","inline_featured_image":false},"product_brand":[332],"product_cat":[331],"product_tag":[],"class_list":{"0":"post-8965","1":"product","2":"type-product","3":"status-publish","4":"has-post-thumbnail","6":"product_brand-leinfelder","7":"product_cat-ohrschmuck","9":"first","10":"outofstock","11":"shipping-taxable","12":"purchasable","13":"product-type-simple"},"acf":[],"_links":{"self":[{"href":"https:\/\/leinfelder-juweler.com\/en\/wp-json\/wp\/v2\/product\/8965","targetHints":{"allow":["GET"]}}],"collection":[{"href":"https:\/\/leinfelder-juweler.com\/en\/wp-json\/wp\/v2\/product"}],"about":[{"href":"https:\/\/leinfelder-juweler.com\/en\/wp-json\/wp\/v2\/types\/product"}],"replies":[{"embeddable":true,"href":"https:\/\/leinfelder-juweler.com\/en\/wp-json\/wp\/v2\/comments?post=8965"}],"wp:featuredmedia":[{"embeddable":true,"href":"https:\/\/leinfelder-juweler.com\/en\/wp-json\/wp\/v2\/media\/10134"}],"wp:attachment":[{"href":"https:\/\/leinfelder-juweler.com\/en\/wp-json\/wp\/v2\/media?parent=8965"}],"wp:term":[{"taxonomy":"product_brand","embeddable":true,"href":"https:\/\/leinfelder-juweler.com\/en\/wp-json\/wp\/v2\/product_brand?post=8965"},{"taxonomy":"product_cat","embeddable":true,"href":"https:\/\/leinfelder-juweler.com\/en\/wp-json\/wp\/v2\/product_cat?post=8965"},{"taxonomy":"product_tag","embeddable":true,"href":"https:\/\/leinfelder-juweler.com\/en\/wp-json\/wp\/v2\/product_tag?post=8965"}],"curies":[{"name":"wp","href":"https:\/\/api.w.org\/{rel}","templated":true}]}}