{"id":8976,"date":"2025-11-20T18:09:40","date_gmt":"2025-11-20T15:09:40","guid":{"rendered":"https:\/\/leinfelder-juweler.com\/?post_type=product&#038;p=8976"},"modified":"2025-11-20T20:09:27","modified_gmt":"2025-11-20T17:09:27","slug":"anhaenger-ellipse-750-gelbgold-mit-ebenholz-und-diamant","status":"publish","type":"product","link":"https:\/\/leinfelder-juweler.com\/en\/product\/anhaenger-ellipse-750-gelbgold-mit-ebenholz-und-diamant\/","title":{"rendered":"Anh\u00e4nger \u201eEllipse\u201c 750 Gelbgold mit Ebenholz und Diamant"},"content":{"rendered":"<p><strong>Anh\u00e4nger \u201eEllipse\u201c mit geradem Profil ohne Kette<br \/><\/strong><\/p>\n<p data-mce-fragment=\"1\"><strong>Material: <\/strong>750 Gelbgold\u00a0mit Ebenholz\u00a018 x 10 mm\u00a0<\/p>\n<p data-mce-fragment=\"1\"><strong>Stein:\u00a0<\/strong>1 Diamant im princess cut 0,16 ct tw vsi\u00a0Kantenl\u00e4nge 3,0 mm<\/p>\n<p data-mce-fragment=\"1\"><strong>Mit Bravour gelingt diesem Anh\u00e4nger die Kombination aus geradlinigem Design, dem Spiel mit schwarzem Ebenholz, warmem Gelbgold und als Kr\u00f6nung einen Diamant im princess cut, der scheinbar freudig aus der Reihe tanzt. Mit verschiedenen Kette entsteht jeweils ein neuer Look, ob an einem Lederband, einer klassischen Goldkette oder wie hier abgebildet mit einem geschmeidigen Spiralhalsreif aus 750 Gelbgold.<\/strong><strong><\/strong><\/p>","protected":false},"excerpt":{"rendered":"<p>Anh\u00e4nger \u201eEllipse\u201c mit geradem Profil ohne Kette Material: 750 Gelbgold\u00a0mit Ebenholz\u00a018 x 10 mm\u00a0 Stein:\u00a01 Diamant im princess cut 0,16 ct tw vsi\u00a0Kantenl\u00e4nge 3,0 mm Mit Bravour gelingt diesem Anh\u00e4nger die Kombination aus geradlinigem Design, dem Spiel mit schwarzem Ebenholz, warmem Gelbgold und als Kr\u00f6nung einen Diamant im princess cut, der scheinbar freudig aus der [&hellip;]<\/p>","protected":false},"featured_media":10145,"comment_status":"open","ping_status":"closed","template":"","meta":{"_acf_changed":false,"_et_pb_use_builder":"","_et_pb_old_content":"","_et_gb_content_width":"","inline_featured_image":false},"product_brand":[332],"product_cat":[333],"product_tag":[],"class_list":{"0":"post-8976","1":"product","2":"type-product","3":"status-publish","4":"has-post-thumbnail","6":"product_brand-leinfelder","7":"product_cat-halsschmuck","9":"first","10":"outofstock","11":"sold-individually","12":"shipping-taxable","13":"purchasable","14":"product-type-simple"},"acf":[],"_links":{"self":[{"href":"https:\/\/leinfelder-juweler.com\/en\/wp-json\/wp\/v2\/product\/8976","targetHints":{"allow":["GET"]}}],"collection":[{"href":"https:\/\/leinfelder-juweler.com\/en\/wp-json\/wp\/v2\/product"}],"about":[{"href":"https:\/\/leinfelder-juweler.com\/en\/wp-json\/wp\/v2\/types\/product"}],"replies":[{"embeddable":true,"href":"https:\/\/leinfelder-juweler.com\/en\/wp-json\/wp\/v2\/comments?post=8976"}],"wp:featuredmedia":[{"embeddable":true,"href":"https:\/\/leinfelder-juweler.com\/en\/wp-json\/wp\/v2\/media\/10145"}],"wp:attachment":[{"href":"https:\/\/leinfelder-juweler.com\/en\/wp-json\/wp\/v2\/media?parent=8976"}],"wp:term":[{"taxonomy":"product_brand","embeddable":true,"href":"https:\/\/leinfelder-juweler.com\/en\/wp-json\/wp\/v2\/product_brand?post=8976"},{"taxonomy":"product_cat","embeddable":true,"href":"https:\/\/leinfelder-juweler.com\/en\/wp-json\/wp\/v2\/product_cat?post=8976"},{"taxonomy":"product_tag","embeddable":true,"href":"https:\/\/leinfelder-juweler.com\/en\/wp-json\/wp\/v2\/product_tag?post=8976"}],"curies":[{"name":"wp","href":"https:\/\/api.w.org\/{rel}","templated":true}]}}