{"id":9011,"date":"2025-11-20T18:10:28","date_gmt":"2025-11-20T15:10:28","guid":{"rendered":"https:\/\/leinfelder-juweler.com\/?post_type=product&#038;p=9011"},"modified":"2025-11-20T20:13:37","modified_gmt":"2025-11-20T17:13:37","slug":"einhaenger-fuer-klappcreolen-mit-tsavoriten-pink-saphiren-und-mondstein-pampeln","status":"publish","type":"product","link":"https:\/\/leinfelder-juweler.com\/en\/product\/einhaenger-fuer-klappcreolen-mit-tsavoriten-pink-saphiren-und-mondstein-pampeln\/","title":{"rendered":"Einh\u00e4nger f\u00fcr Klappcreolen mit Tsavoriten, pink Saphiren und Mondstein Pampeln"},"content":{"rendered":"<p><strong>Einh\u00e4nger f\u00fcr\u00a0Klappcreolen<\/strong><\/p>\n<p><strong>Material: <\/strong>750 Yellow Gold<\/p>\n<p><strong>Stones:\u00a0<\/strong>2 Tsavorite<span> <\/span>0,27 ct\u00a0\u00d8 3 mm rund facettiert mit\u00a08 pink Saphir Cabochons<span> <\/span>\u00d8 1,5 mm und\u00a0grauen Mondstein Pampeln 16,11 ct\u00a015 x 9 mm<\/p>\n<div><strong>Diese Einh\u00e4nger sind eine fabelhafte Erg\u00e4nzung zu unseren Klappcreolen.<\/strong><\/div>\n<div><strong>Die leuchtendgr\u00fcnen Tsavorite betonen den sanften Glanz der Mondsteinpampeln. Ein weiteres liebevolles Detail sind die pinken Saphir Cabochons.<\/strong><\/div>\n<div><strong><\/strong><\/div>","protected":false},"excerpt":{"rendered":"<p>Einh\u00e4nger f\u00fcr\u00a0Klappcreolen Material: 750 Gelbgold Steine:\u00a02 Tsavorite 0,27 ct\u00a0\u00d8 3 mm rund facettiert mit\u00a08 pink Saphir Cabochons \u00d8 1,5 mm und\u00a0grauen Mondstein Pampeln 16,11 ct\u00a015 x 9 mm Diese Einh\u00e4nger sind eine fabelhafte Erg\u00e4nzung zu unseren Klappcreolen. Die leuchtendgr\u00fcnen Tsavorite betonen den sanften Glanz der Mondsteinpampeln. Ein weiteres liebevolles Detail sind die pinken Saphir Cabochons.<\/p>","protected":false},"featured_media":10180,"comment_status":"open","ping_status":"closed","template":"","meta":{"_acf_changed":false,"_et_pb_use_builder":"","_et_pb_old_content":"","_et_gb_content_width":"","inline_featured_image":false},"product_brand":[332],"product_cat":[331],"product_tag":[],"class_list":{"0":"post-9011","1":"product","2":"type-product","3":"status-publish","4":"has-post-thumbnail","6":"product_brand-leinfelder","7":"product_cat-ohrschmuck","9":"first","10":"outofstock","11":"shipping-taxable","12":"purchasable","13":"product-type-simple"},"acf":[],"_links":{"self":[{"href":"https:\/\/leinfelder-juweler.com\/en\/wp-json\/wp\/v2\/product\/9011","targetHints":{"allow":["GET"]}}],"collection":[{"href":"https:\/\/leinfelder-juweler.com\/en\/wp-json\/wp\/v2\/product"}],"about":[{"href":"https:\/\/leinfelder-juweler.com\/en\/wp-json\/wp\/v2\/types\/product"}],"replies":[{"embeddable":true,"href":"https:\/\/leinfelder-juweler.com\/en\/wp-json\/wp\/v2\/comments?post=9011"}],"wp:featuredmedia":[{"embeddable":true,"href":"https:\/\/leinfelder-juweler.com\/en\/wp-json\/wp\/v2\/media\/10180"}],"wp:attachment":[{"href":"https:\/\/leinfelder-juweler.com\/en\/wp-json\/wp\/v2\/media?parent=9011"}],"wp:term":[{"taxonomy":"product_brand","embeddable":true,"href":"https:\/\/leinfelder-juweler.com\/en\/wp-json\/wp\/v2\/product_brand?post=9011"},{"taxonomy":"product_cat","embeddable":true,"href":"https:\/\/leinfelder-juweler.com\/en\/wp-json\/wp\/v2\/product_cat?post=9011"},{"taxonomy":"product_tag","embeddable":true,"href":"https:\/\/leinfelder-juweler.com\/en\/wp-json\/wp\/v2\/product_tag?post=9011"}],"curies":[{"name":"wp","href":"https:\/\/api.w.org\/{rel}","templated":true}]}}