{"id":9014,"date":"2025-11-20T18:10:29","date_gmt":"2025-11-20T15:10:29","guid":{"rendered":"https:\/\/leinfelder-juweler.com\/?post_type=product&#038;p=9014"},"modified":"2025-11-20T20:13:51","modified_gmt":"2025-11-20T17:13:51","slug":"vario-halsschmuck-set-11","status":"publish","type":"product","link":"https:\/\/leinfelder-juweler.com\/en\/product\/vario-halsschmuck-set-11\/","title":{"rendered":"Vario Halsschmuck Set"},"content":{"rendered":"<p><strong>Vario Halsschmuck Set aus Anh\u00e4nger und Einh\u00e4nger: <\/strong><\/p>\n<p><strong>Anh\u00e4nger:<br \/><\/strong><\/p>\n<p><strong>Material: <\/strong>750 <span style=\"font-size: 8.0pt; font-family: 'Arial',sans-serif;\" data-mce-fragment=\"1\"><\/span>Yellow Gold<\/p>\n<p><strong>Stein:<\/strong> Korall Cabochon \u00d8 12 mm rund<\/p>\n<p>\u00a0<\/p>\n<p><strong>Einh\u00e4nger:<br \/><\/strong><\/p>\n<p><strong>Material:\u00a0<\/strong>750 Yellow Gold<\/p>\n<p><strong>Stones: <\/strong>S\u00fc\u00dfwasser Perlquaste<\/p>\n<div><strong>Das Oberteil dieses Anh\u00e4ngers mit der leuchtenden Koralle in ihrer runden Goldfassung l\u00e4sst sich dank seiner Einh\u00e4ngevorrichtung wunderbar mit <\/strong><\/div>\n<div><strong>vielen Einh\u00e4ngern unserer Vario-Kollektion kombinieren.<\/strong><\/div>\n<div><strong>Ein sch\u00f6nes Beispiel ist die \u00fcppige Perlquaste, die dem Ensemble <\/strong><\/div>\n<div><strong>Schwung verleiht.<\/strong><\/div>","protected":false},"excerpt":{"rendered":"<p>Vario Halsschmuck Set aus Anh\u00e4nger und Einh\u00e4nger: Anh\u00e4nger: Material: 750 Gelbgold Stein: Korall Cabochon \u00d8 12 mm rund \u00a0 Einh\u00e4nger: Material:\u00a0750 Gelbgold Steine: S\u00fc\u00dfwasser Perlquaste Das Oberteil dieses Anh\u00e4ngers mit der leuchtenden Koralle in ihrer runden Goldfassung l\u00e4sst sich dank seiner Einh\u00e4ngevorrichtung wunderbar mit vielen Einh\u00e4ngern unserer Vario-Kollektion kombinieren. Ein sch\u00f6nes Beispiel ist die \u00fcppige [&hellip;]<\/p>","protected":false},"featured_media":10183,"comment_status":"open","ping_status":"closed","template":"","meta":{"_acf_changed":false,"_et_pb_use_builder":"","_et_pb_old_content":"","_et_gb_content_width":"","inline_featured_image":false},"product_brand":[332],"product_cat":[333],"product_tag":[],"class_list":{"0":"post-9014","1":"product","2":"type-product","3":"status-publish","4":"has-post-thumbnail","6":"product_brand-leinfelder","7":"product_cat-halsschmuck","9":"first","10":"instock","11":"shipping-taxable","12":"purchasable","13":"product-type-simple"},"acf":[],"_links":{"self":[{"href":"https:\/\/leinfelder-juweler.com\/en\/wp-json\/wp\/v2\/product\/9014","targetHints":{"allow":["GET"]}}],"collection":[{"href":"https:\/\/leinfelder-juweler.com\/en\/wp-json\/wp\/v2\/product"}],"about":[{"href":"https:\/\/leinfelder-juweler.com\/en\/wp-json\/wp\/v2\/types\/product"}],"replies":[{"embeddable":true,"href":"https:\/\/leinfelder-juweler.com\/en\/wp-json\/wp\/v2\/comments?post=9014"}],"wp:featuredmedia":[{"embeddable":true,"href":"https:\/\/leinfelder-juweler.com\/en\/wp-json\/wp\/v2\/media\/10183"}],"wp:attachment":[{"href":"https:\/\/leinfelder-juweler.com\/en\/wp-json\/wp\/v2\/media?parent=9014"}],"wp:term":[{"taxonomy":"product_brand","embeddable":true,"href":"https:\/\/leinfelder-juweler.com\/en\/wp-json\/wp\/v2\/product_brand?post=9014"},{"taxonomy":"product_cat","embeddable":true,"href":"https:\/\/leinfelder-juweler.com\/en\/wp-json\/wp\/v2\/product_cat?post=9014"},{"taxonomy":"product_tag","embeddable":true,"href":"https:\/\/leinfelder-juweler.com\/en\/wp-json\/wp\/v2\/product_tag?post=9014"}],"curies":[{"name":"wp","href":"https:\/\/api.w.org\/{rel}","templated":true}]}}