{"id":9021,"date":"2025-11-20T18:10:32","date_gmt":"2025-11-20T15:10:32","guid":{"rendered":"https:\/\/leinfelder-juweler.com\/?post_type=product&#038;p=9021"},"modified":"2025-11-20T20:14:40","modified_gmt":"2025-11-20T17:14:40","slug":"einhaenger-fuer-klappcreolen-mit-perlen-4","status":"publish","type":"product","link":"https:\/\/leinfelder-juweler.com\/en\/product\/einhaenger-fuer-klappcreolen-mit-perlen-4\/","title":{"rendered":"Einh\u00e4nger f\u00fcr Klappcreolen mit Perlen"},"content":{"rendered":"<p><strong>Einh\u00e4nger f\u00fcr\u00a0Klappcreolen<\/strong><\/p>\n<p><strong>Material: <\/strong>750 Wei\u00dfgold<\/p>\n<p><strong>Stones: <\/strong>S\u00fcdsee-Perlen \u00d8 9,5 mm<\/p>\n<div><strong>Diese Einh\u00e4nger aus Wei\u00dfgold mit den schimmernden <\/strong><\/div>\n<div><strong>S\u00fcdsee-Perlen sind eine stilsichere Erg\u00e4nzung zu unseren Klappcreolen.<\/strong><\/div>","protected":false},"excerpt":{"rendered":"<p>Einh\u00e4nger f\u00fcr\u00a0Klappcreolen Material: 750 Wei\u00dfgold Steine: S\u00fcdsee-Perlen \u00d8 9,5 mm Diese Einh\u00e4nger aus Wei\u00dfgold mit den schimmernden S\u00fcdsee-Perlen sind eine stilsichere Erg\u00e4nzung zu unseren Klappcreolen.<\/p>","protected":false},"featured_media":10190,"comment_status":"open","ping_status":"closed","template":"","meta":{"_acf_changed":false,"_et_pb_use_builder":"","_et_pb_old_content":"","_et_gb_content_width":"","inline_featured_image":false},"product_brand":[332],"product_cat":[331],"product_tag":[],"class_list":{"0":"post-9021","1":"product","2":"type-product","3":"status-publish","4":"has-post-thumbnail","6":"product_brand-leinfelder","7":"product_cat-ohrschmuck","9":"first","10":"outofstock","11":"shipping-taxable","12":"purchasable","13":"product-type-simple"},"acf":[],"_links":{"self":[{"href":"https:\/\/leinfelder-juweler.com\/en\/wp-json\/wp\/v2\/product\/9021","targetHints":{"allow":["GET"]}}],"collection":[{"href":"https:\/\/leinfelder-juweler.com\/en\/wp-json\/wp\/v2\/product"}],"about":[{"href":"https:\/\/leinfelder-juweler.com\/en\/wp-json\/wp\/v2\/types\/product"}],"replies":[{"embeddable":true,"href":"https:\/\/leinfelder-juweler.com\/en\/wp-json\/wp\/v2\/comments?post=9021"}],"wp:featuredmedia":[{"embeddable":true,"href":"https:\/\/leinfelder-juweler.com\/en\/wp-json\/wp\/v2\/media\/10190"}],"wp:attachment":[{"href":"https:\/\/leinfelder-juweler.com\/en\/wp-json\/wp\/v2\/media?parent=9021"}],"wp:term":[{"taxonomy":"product_brand","embeddable":true,"href":"https:\/\/leinfelder-juweler.com\/en\/wp-json\/wp\/v2\/product_brand?post=9021"},{"taxonomy":"product_cat","embeddable":true,"href":"https:\/\/leinfelder-juweler.com\/en\/wp-json\/wp\/v2\/product_cat?post=9021"},{"taxonomy":"product_tag","embeddable":true,"href":"https:\/\/leinfelder-juweler.com\/en\/wp-json\/wp\/v2\/product_tag?post=9021"}],"curies":[{"name":"wp","href":"https:\/\/api.w.org\/{rel}","templated":true}]}}