{"id":9022,"date":"2025-11-20T18:10:32","date_gmt":"2025-11-20T15:10:32","guid":{"rendered":"https:\/\/leinfelder-juweler.com\/?post_type=product&#038;p=9022"},"modified":"2025-11-20T20:14:47","modified_gmt":"2025-11-20T17:14:47","slug":"klappcreolen-750-weissgold-mit-2-brillanten-und-perleinhaengern","status":"publish","type":"product","link":"https:\/\/leinfelder-juweler.com\/en\/product\/klappcreolen-750-weissgold-mit-2-brillanten-und-perleinhaengern\/","title":{"rendered":"Klappcreolen 750 Wei\u00dfgold mit 2 Brillanten und Perleinh\u00e4ngern"},"content":{"rendered":"<p><strong>Ohrschmuck\u00a0Klappcreolen<\/strong><\/p>\n<p><strong>Material: <\/strong>750 Wei\u00dfgold<\/p>\n<p><strong>Stones: <\/strong><span data-mce-fragment=\"1\" lang=\"EN-US\">2 Brillanten \u00d8 2,2 mm = 0,08 ct tw vsi<\/span><\/p>\n<p><strong>Ma\u00dfe: <\/strong>5\u00a0mm breit \/\u00a015 mm au\u00dfen<\/p>\n<p><strong>Einh\u00e4nger:\u00a0<\/strong>750 Wei\u00dfgold mit\u00a0S\u00fcdsee-Perlen \u00d8 9,5 mm<\/p>\n<div><strong>Diese zauberhaften Creolen mit den beiden Brillanten sind sehr angenehm\u00a0<\/strong><\/div>\n<div><strong>zu tragen. Sie sind wie winzige Armreife gearbeitet und umschmeicheln\u00a0<br \/><\/strong><\/div>\n<div><strong>sanft das Ohr.<\/strong><\/div>\n<div><strong>Die Perl-Einh\u00e4nger sind eine wundervolle Erg\u00e4nzung.<\/strong><\/div>","protected":false},"excerpt":{"rendered":"<p>Ohrschmuck\u00a0Klappcreolen Material: 750 Wei\u00dfgold Steine: 2 Brillanten \u00d8 2,2 mm = 0,08 ct tw vsi Ma\u00dfe: 5\u00a0mm breit \/\u00a015 mm au\u00dfen Einh\u00e4nger:\u00a0750 Wei\u00dfgold mit\u00a0S\u00fcdsee-Perlen \u00d8 9,5 mm Diese zauberhaften Creolen mit den beiden Brillanten sind sehr angenehm\u00a0 zu tragen. Sie sind wie winzige Armreife gearbeitet und umschmeicheln\u00a0 sanft das Ohr. Die Perl-Einh\u00e4nger sind eine wundervolle [&hellip;]<\/p>","protected":false},"featured_media":10191,"comment_status":"open","ping_status":"closed","template":"","meta":{"_acf_changed":false,"_et_pb_use_builder":"","_et_pb_old_content":"","_et_gb_content_width":"","inline_featured_image":false},"product_brand":[332],"product_cat":[331],"product_tag":[],"class_list":{"0":"post-9022","1":"product","2":"type-product","3":"status-publish","4":"has-post-thumbnail","6":"product_brand-leinfelder","7":"product_cat-ohrschmuck","9":"first","10":"outofstock","11":"shipping-taxable","12":"purchasable","13":"product-type-simple"},"acf":[],"_links":{"self":[{"href":"https:\/\/leinfelder-juweler.com\/en\/wp-json\/wp\/v2\/product\/9022","targetHints":{"allow":["GET"]}}],"collection":[{"href":"https:\/\/leinfelder-juweler.com\/en\/wp-json\/wp\/v2\/product"}],"about":[{"href":"https:\/\/leinfelder-juweler.com\/en\/wp-json\/wp\/v2\/types\/product"}],"replies":[{"embeddable":true,"href":"https:\/\/leinfelder-juweler.com\/en\/wp-json\/wp\/v2\/comments?post=9022"}],"wp:featuredmedia":[{"embeddable":true,"href":"https:\/\/leinfelder-juweler.com\/en\/wp-json\/wp\/v2\/media\/10191"}],"wp:attachment":[{"href":"https:\/\/leinfelder-juweler.com\/en\/wp-json\/wp\/v2\/media?parent=9022"}],"wp:term":[{"taxonomy":"product_brand","embeddable":true,"href":"https:\/\/leinfelder-juweler.com\/en\/wp-json\/wp\/v2\/product_brand?post=9022"},{"taxonomy":"product_cat","embeddable":true,"href":"https:\/\/leinfelder-juweler.com\/en\/wp-json\/wp\/v2\/product_cat?post=9022"},{"taxonomy":"product_tag","embeddable":true,"href":"https:\/\/leinfelder-juweler.com\/en\/wp-json\/wp\/v2\/product_tag?post=9022"}],"curies":[{"name":"wp","href":"https:\/\/api.w.org\/{rel}","templated":true}]}}