{"id":9023,"date":"2025-11-20T18:10:32","date_gmt":"2025-11-20T15:10:32","guid":{"rendered":"https:\/\/leinfelder-juweler.com\/?post_type=product&#038;p=9023"},"modified":"2025-11-20T20:14:53","modified_gmt":"2025-11-20T17:14:53","slug":"klappcreolen-750-gelbgold-4","status":"publish","type":"product","link":"https:\/\/leinfelder-juweler.com\/en\/product\/klappcreolen-750-gelbgold-4\/","title":{"rendered":"Klappcreolen 750 Gelbgold"},"content":{"rendered":"<p><strong>Ohrschmuck Klappcreolen<span data-mce-fragment=\"1\"><\/span><\/strong><\/p>\n<p><strong>Material: <\/strong>750 Yellow Gold<\/p>\n<p><strong>Ma\u00dfe: <\/strong>20\u00a0mm au\u00dfen \u00d8 3 x 2 mm ovales Profil<span data-mce-fragment=\"1\"><\/span><\/p>\n<div>\n<p class=\"MsoNormal\"><strong><span style=\"font-size: 11.0pt; font-family: 'Calibri',sans-serif; mso-ascii-theme-font: minor-latin; mso-hansi-theme-font: minor-latin; mso-bidi-theme-font: minor-latin;\">Pur- Schlichte Eleganz in reinem Gold.<\/span><\/strong><span style=\"font-size: 11.0pt; font-family: 'Calibri',sans-serif; mso-ascii-theme-font: minor-latin; mso-hansi-theme-font: minor-latin; mso-bidi-theme-font: minor-latin;\"><br \/><strong><span style=\"font-family: 'Calibri',sans-serif; mso-ascii-theme-font: minor-latin; mso-hansi-theme-font: minor-latin; mso-bidi-theme-font: minor-latin;\">Unsere &#8218;Pur&#8216;-Kollektion besticht durch ihre klare, unverf\u00e4lschte Formensprache. In 750 Gold gefertigt, ohne den Einsatz von Edelsteinen, verk\u00f6rpern diese Schmuckst\u00fccke zeitlose Sch\u00f6nheit und reduzierte Eleganz. Perfekt f\u00fcr alle, die das Wesentliche sch\u00e4tzen und den Luxus der Einfachheit lieben.<\/span><\/strong><\/span><\/p>\n<\/div>\n<p><strong><\/strong><strong>Dazu empfehlen wir folgende Einh\u00e4nger:<\/strong><\/p>\n<p><strong>Einh\u00e4nger 750 Gelbgold mit Aquamarinen:<\/strong><\/p>\n<p><a href=\"https:\/\/shop.leinfelder-goldschmiede.de\/products\/einhanger-fur-klappcreolen-mit-aquamarinen?_pos=7&amp;_sid=71514c9dc&amp;_ss=r\"><img decoding=\"async\" alt=\"Einh\u00e4nger 750 Gelbgold mit Aquamarinen\" src=\"https:\/\/cdn.shopify.com\/s\/files\/1\/0537\/7205\/8797\/files\/97_85_335.jpg?v=1625492423\"><\/a><strong><\/strong><\/p>","protected":false},"excerpt":{"rendered":"<p>Ohrschmuck Klappcreolen Material: 750 Gelbgold Ma\u00dfe: 20\u00a0mm au\u00dfen \u00d8 3 x 2 mm ovales Profil Pur- Schlichte Eleganz in reinem Gold.Unsere &#8218;Pur&#8216;-Kollektion besticht durch ihre klare, unverf\u00e4lschte Formensprache. In 750 Gold gefertigt, ohne den Einsatz von Edelsteinen, verk\u00f6rpern diese Schmuckst\u00fccke zeitlose Sch\u00f6nheit und reduzierte Eleganz. Perfekt f\u00fcr alle, die das Wesentliche sch\u00e4tzen und den Luxus [&hellip;]<\/p>","protected":false},"featured_media":10192,"comment_status":"open","ping_status":"closed","template":"","meta":{"_acf_changed":false,"_et_pb_use_builder":"","_et_pb_old_content":"","_et_gb_content_width":"","inline_featured_image":false},"product_brand":[332],"product_cat":[331],"product_tag":[],"class_list":{"0":"post-9023","1":"product","2":"type-product","3":"status-publish","4":"has-post-thumbnail","6":"product_brand-leinfelder","7":"product_cat-ohrschmuck","9":"first","10":"instock","11":"shipping-taxable","12":"purchasable","13":"product-type-simple"},"acf":[],"_links":{"self":[{"href":"https:\/\/leinfelder-juweler.com\/en\/wp-json\/wp\/v2\/product\/9023","targetHints":{"allow":["GET"]}}],"collection":[{"href":"https:\/\/leinfelder-juweler.com\/en\/wp-json\/wp\/v2\/product"}],"about":[{"href":"https:\/\/leinfelder-juweler.com\/en\/wp-json\/wp\/v2\/types\/product"}],"replies":[{"embeddable":true,"href":"https:\/\/leinfelder-juweler.com\/en\/wp-json\/wp\/v2\/comments?post=9023"}],"wp:featuredmedia":[{"embeddable":true,"href":"https:\/\/leinfelder-juweler.com\/en\/wp-json\/wp\/v2\/media\/10192"}],"wp:attachment":[{"href":"https:\/\/leinfelder-juweler.com\/en\/wp-json\/wp\/v2\/media?parent=9023"}],"wp:term":[{"taxonomy":"product_brand","embeddable":true,"href":"https:\/\/leinfelder-juweler.com\/en\/wp-json\/wp\/v2\/product_brand?post=9023"},{"taxonomy":"product_cat","embeddable":true,"href":"https:\/\/leinfelder-juweler.com\/en\/wp-json\/wp\/v2\/product_cat?post=9023"},{"taxonomy":"product_tag","embeddable":true,"href":"https:\/\/leinfelder-juweler.com\/en\/wp-json\/wp\/v2\/product_tag?post=9023"}],"curies":[{"name":"wp","href":"https:\/\/api.w.org\/{rel}","templated":true}]}}